{"id":7781,"date":"2020-11-06T11:55:11","date_gmt":"2020-11-06T09:55:11","guid":{"rendered":"https:\/\/galicianparts.com\/shop\/producto\/46514996-columna-de-direccion-fiat-seicento-1998-2010-nueva-original\/"},"modified":"2024-01-26T13:35:45","modified_gmt":"2024-01-26T11:35:45","slug":"46514996-columna-de-direccion-fiat-seicento-1998-2010-nueva-original","status":"publish","type":"product","link":"https:\/\/galicianparts.com\/shop\/producto\/46514996-columna-de-direccion-fiat-seicento-1998-2010-nueva-original\/","title":{"rendered":"46514996 Columna de direcci\u00f3n Fiat Seicento (1998-2010) NUEVA ORIGINAL"},"content":{"rendered":"<p>Ca\u00f1a, barra de direcci\u00f3n de FIAT &#8211; 1E SEICENTO (1998-2010).<br \/>\nLA PIEZA ES NUEVA Y ORIGINAL.<\/p>\n","protected":false},"excerpt":{"rendered":"<p>Ca\u00f1a, barra de direcci\u00f3n de FIAT &#8211; 1E SEICENTO (1998-2010). LA PIEZA ES NUEVA Y ORIGINAL.<\/p>\n","protected":false},"featured_media":82587,"template":"","meta":{"_seopress_robots_primary_cat":"","_seopress_titles_title":"","_seopress_titles_desc":"","_seopress_robots_index":""},"product_cat":[20,106],"product_tag":[],"class_list":{"0":"post-7781","1":"product","2":"type-product","3":"status-publish","4":"has-post-thumbnail","6":"product_cat-recambios-fiat","7":"product_cat-recambios-fiat-seicento","9":"first","10":"outofstock","11":"taxable","12":"shipping-taxable","13":"purchasable","14":"product-type-simple"},"_links":{"self":[{"href":"https:\/\/galicianparts.com\/shop\/wp-json\/wp\/v2\/product\/7781"}],"collection":[{"href":"https:\/\/galicianparts.com\/shop\/wp-json\/wp\/v2\/product"}],"about":[{"href":"https:\/\/galicianparts.com\/shop\/wp-json\/wp\/v2\/types\/product"}],"wp:featuredmedia":[{"embeddable":true,"href":"https:\/\/galicianparts.com\/shop\/wp-json\/wp\/v2\/media\/82587"}],"wp:attachment":[{"href":"https:\/\/galicianparts.com\/shop\/wp-json\/wp\/v2\/media?parent=7781"}],"wp:term":[{"taxonomy":"product_cat","embeddable":true,"href":"https:\/\/galicianparts.com\/shop\/wp-json\/wp\/v2\/product_cat?post=7781"},{"taxonomy":"product_tag","embeddable":true,"href":"https:\/\/galicianparts.com\/shop\/wp-json\/wp\/v2\/product_tag?post=7781"}],"curies":[{"name":"wp","href":"https:\/\/api.w.org\/{rel}","templated":true}]}}