{"id":7793,"date":"2020-11-06T12:49:11","date_gmt":"2020-11-06T10:49:11","guid":{"rendered":"https:\/\/galicianparts.com\/shop\/producto\/10823787-codo-plastico-cableado-fiat-lancia-alfa-romeo-original\/"},"modified":"2020-11-18T14:25:08","modified_gmt":"2020-11-18T12:25:08","slug":"10823787-codo-plastico-cableado-fiat-lancia-alfa-romeo-original","status":"publish","type":"product","link":"https:\/\/galicianparts.com\/shop\/producto\/10823787-codo-plastico-cableado-fiat-lancia-alfa-romeo-original\/","title":{"rendered":"10823787 Codo pl\u00e1stico cableado Fiat \/ Lancia \/ Alfa Romeo ORIGINAL"},"content":{"rendered":"<p>Codo de pl\u00e1stico para cables de instalaci\u00f3n el\u00e9ctrica de Fiat \/ Lancia \/ Alfa Romeo<br \/>\nLA PIEZA ES NUEVA Y ORIGINAL.<\/p>\n","protected":false},"excerpt":{"rendered":"<p>Codo de pl\u00e1stico para cables de instalaci\u00f3n el\u00e9ctrica de Fiat \/ Lancia \/ Alfa Romeo LA PIEZA ES NUEVA Y ORIGINAL.<\/p>\n","protected":false},"featured_media":7794,"template":"","meta":{"_seopress_robots_primary_cat":"","_seopress_titles_title":"","_seopress_titles_desc":"","_seopress_robots_index":""},"product_cat":[16,20,21],"product_tag":[],"class_list":{"0":"post-7793","1":"product","2":"type-product","3":"status-publish","4":"has-post-thumbnail","6":"product_cat-recambios-alfa-romeo","7":"product_cat-recambios-fiat","8":"product_cat-recambios-lancia","10":"first","11":"instock","12":"taxable","13":"shipping-taxable","14":"purchasable","15":"product-type-simple"},"_links":{"self":[{"href":"https:\/\/galicianparts.com\/shop\/wp-json\/wp\/v2\/product\/7793"}],"collection":[{"href":"https:\/\/galicianparts.com\/shop\/wp-json\/wp\/v2\/product"}],"about":[{"href":"https:\/\/galicianparts.com\/shop\/wp-json\/wp\/v2\/types\/product"}],"wp:featuredmedia":[{"embeddable":true,"href":"https:\/\/galicianparts.com\/shop\/wp-json\/wp\/v2\/media\/7794"}],"wp:attachment":[{"href":"https:\/\/galicianparts.com\/shop\/wp-json\/wp\/v2\/media?parent=7793"}],"wp:term":[{"taxonomy":"product_cat","embeddable":true,"href":"https:\/\/galicianparts.com\/shop\/wp-json\/wp\/v2\/product_cat?post=7793"},{"taxonomy":"product_tag","embeddable":true,"href":"https:\/\/galicianparts.com\/shop\/wp-json\/wp\/v2\/product_tag?post=7793"}],"curies":[{"name":"wp","href":"https:\/\/api.w.org\/{rel}","templated":true}]}}