{"id":77962,"date":"2023-09-06T12:24:16","date_gmt":"2023-09-06T10:24:16","guid":{"rendered":"https:\/\/galicianparts.com\/shop\/producto\/4453195-amortiguador-porton-trasero-fiat-argenta-nuevo-original\/"},"modified":"2023-09-06T12:26:17","modified_gmt":"2023-09-06T10:26:17","slug":"4453195-amortiguador-porton-trasero-fiat-argenta-nuevo-original","status":"publish","type":"product","link":"https:\/\/galicianparts.com\/shop\/producto\/4453195-amortiguador-porton-trasero-fiat-argenta-nuevo-original\/","title":{"rendered":"4453195 Amortiguador port\u00f3n trasero Fiat Argenta NUEVO ORIGINAL"},"content":{"rendered":"<p>Amortiguador del port\u00f3n del maletero de:<br \/>\nLargo total: 268 mm<\/p>\n<p>FIAT Argenta (132)<br \/>\n1.6, A\u00f1o 04.1981 &#8211; 12.1985, 1585 ccm, 98 cv<br \/>\n1.6 i.e, A\u00f1o 04.1981 &#8211; 12.1985, 1585 ccm, 90 cv<br \/>\n2, A\u00f1o 06.1978 &#8211; 12.1985, 1995 ccm, 113 cv<br \/>\n2.0 i.e., A\u00f1o 06.1981 &#8211; 07.1986, 1995 ccm, 122 cv<br \/>\n2.0 Volumex, A\u00f1o 06.1984 &#8211; 07.1985, 1995 ccm, 135 cv<br \/>\n2.5 Di\u00e9sel, A\u00f1o 06.1981 &#8211; 11.1985, 2445 ccm, 72 cv<\/p>\n<p>LA PIEZA ES NUEVA Y ORIGINAL.<\/p>\n","protected":false},"excerpt":{"rendered":"<p>Amortiguador del port\u00f3n del maletero de: Largo total: 268 mm FIAT Argenta (132) 1.6, A\u00f1o 04.1981 &#8211; 12.1985, 1585 ccm, 98 cv 1.6 i.e, A\u00f1o 04.1981 &#8211; 12.1985, 1585 ccm, 90 cv 2, A\u00f1o 06.1978 &#8211; 12.1985, 1995 ccm, 113 cv 2.0 i.e., A\u00f1o 06.1981 &#8211; 07.1986, 1995 ccm, 122 cv 2.0 Volumex, A\u00f1o 06.1984 [&hellip;]<\/p>\n","protected":false},"featured_media":77966,"template":"","meta":{"_seopress_robots_primary_cat":"","_seopress_titles_title":"","_seopress_titles_desc":"","_seopress_robots_index":""},"product_cat":[79,20],"product_tag":[],"class_list":{"0":"post-77962","1":"product","2":"type-product","3":"status-publish","4":"has-post-thumbnail","6":"product_cat-recambios-fiat-argenta","7":"product_cat-recambios-fiat","9":"first","10":"instock","11":"taxable","12":"shipping-taxable","13":"purchasable","14":"product-type-simple"},"_links":{"self":[{"href":"https:\/\/galicianparts.com\/shop\/wp-json\/wp\/v2\/product\/77962"}],"collection":[{"href":"https:\/\/galicianparts.com\/shop\/wp-json\/wp\/v2\/product"}],"about":[{"href":"https:\/\/galicianparts.com\/shop\/wp-json\/wp\/v2\/types\/product"}],"wp:featuredmedia":[{"embeddable":true,"href":"https:\/\/galicianparts.com\/shop\/wp-json\/wp\/v2\/media\/77966"}],"wp:attachment":[{"href":"https:\/\/galicianparts.com\/shop\/wp-json\/wp\/v2\/media?parent=77962"}],"wp:term":[{"taxonomy":"product_cat","embeddable":true,"href":"https:\/\/galicianparts.com\/shop\/wp-json\/wp\/v2\/product_cat?post=77962"},{"taxonomy":"product_tag","embeddable":true,"href":"https:\/\/galicianparts.com\/shop\/wp-json\/wp\/v2\/product_tag?post=77962"}],"curies":[{"name":"wp","href":"https:\/\/api.w.org\/{rel}","templated":true}]}}