{"id":78106,"date":"2023-09-12T08:58:10","date_gmt":"2023-09-12T06:58:10","guid":{"rendered":"https:\/\/galicianparts.com\/shop\/producto\/4481131-kit-llaves-y-cerradura-porton-trasero-autobianchi-a112-nuevo-original\/"},"modified":"2023-12-18T00:18:41","modified_gmt":"2023-12-17T22:18:41","slug":"4481131-kit-llaves-y-cerradura-porton-trasero-autobianchi-a112-nuevo-original","status":"publish","type":"product","link":"https:\/\/galicianparts.com\/shop\/producto\/4481131-kit-llaves-y-cerradura-porton-trasero-autobianchi-a112-nuevo-original\/","title":{"rendered":"4481131 Kit llaves y cerradura port\u00f3n trasero Autobianchi A112 NUEVO ORIGINAL"},"content":{"rendered":"<p>Juego, set de las llaves y bombillo de la cerradura del port\u00f3n del maletero de:<br \/>\nAUTOBIANCHI A 112 Hatchback<br \/>\n0.9, A\u00f1o 10.1969 &#8211; 12.1972, 903 ccm, 44 cv<br \/>\n0.9, A\u00f1o 01.1976 &#8211; 12.1978, 903 ccm, 45 cv<br \/>\n0.9 E, A\u00f1o 01.1973 &#8211; 12.1977, 903 ccm, 47 cv<br \/>\n0.9 Junior, A\u00f1o 07.1975 &#8211; 12.1985, 903 ccm, 42 cv<br \/>\n1.0 Abarth, A\u00f1o 09.1971 &#8211; 12.1975, 982 ccm, 58 cv<br \/>\n1.0 Abarth, A\u00f1o 01.1974 &#8211; 12.1984, 1050 ccm, 70 cv<br \/>\n1.0 E,Elite,LX, A\u00f1o 11.1977 &#8211; 12.1985, 965 ccm, 48 cv<\/p>\n<p>LA PIEZA ES NUEVA Y ORIGINAL.<\/p>\n","protected":false},"excerpt":{"rendered":"<p>Juego, set de las llaves y bombillo de la cerradura del port\u00f3n del maletero de: AUTOBIANCHI A 112 Hatchback 0.9, A\u00f1o 10.1969 &#8211; 12.1972, 903 ccm, 44 cv 0.9, A\u00f1o 01.1976 &#8211; 12.1978, 903 ccm, 45 cv 0.9 E, A\u00f1o 01.1973 &#8211; 12.1977, 903 ccm, 47 cv 0.9 Junior, A\u00f1o 07.1975 &#8211; 12.1985, 903 ccm, [&hellip;]<\/p>\n","protected":false},"featured_media":78108,"template":"","meta":{"_seopress_robots_primary_cat":"","_seopress_titles_title":"","_seopress_titles_desc":"","_seopress_robots_index":""},"product_cat":[63,25],"product_tag":[],"class_list":{"0":"post-78106","1":"product","2":"type-product","3":"status-publish","4":"has-post-thumbnail","6":"product_cat-recambios-autobianchi-a112","7":"product_cat-recambios-autobianchi","9":"first","10":"outofstock","11":"taxable","12":"shipping-taxable","13":"purchasable","14":"product-type-simple"},"_links":{"self":[{"href":"https:\/\/galicianparts.com\/shop\/wp-json\/wp\/v2\/product\/78106"}],"collection":[{"href":"https:\/\/galicianparts.com\/shop\/wp-json\/wp\/v2\/product"}],"about":[{"href":"https:\/\/galicianparts.com\/shop\/wp-json\/wp\/v2\/types\/product"}],"wp:featuredmedia":[{"embeddable":true,"href":"https:\/\/galicianparts.com\/shop\/wp-json\/wp\/v2\/media\/78108"}],"wp:attachment":[{"href":"https:\/\/galicianparts.com\/shop\/wp-json\/wp\/v2\/media?parent=78106"}],"wp:term":[{"taxonomy":"product_cat","embeddable":true,"href":"https:\/\/galicianparts.com\/shop\/wp-json\/wp\/v2\/product_cat?post=78106"},{"taxonomy":"product_tag","embeddable":true,"href":"https:\/\/galicianparts.com\/shop\/wp-json\/wp\/v2\/product_tag?post=78106"}],"curies":[{"name":"wp","href":"https:\/\/api.w.org\/{rel}","templated":true}]}}