{"id":78361,"date":"2023-09-20T10:06:38","date_gmt":"2023-09-20T08:06:38","guid":{"rendered":"https:\/\/galicianparts.com\/shop\/producto\/y722j-bujia-precalentamiento-m10-hyundai-h1-h100-terracan-kia-k2500-pregio-original\/"},"modified":"2024-04-05T10:09:50","modified_gmt":"2024-04-05T08:09:50","slug":"y722j-bujia-precalentamiento-m10-hyundai-h1-h100-terracan-kia-k2500-pregio-original","status":"publish","type":"product","link":"https:\/\/galicianparts.com\/shop\/producto\/y722j-bujia-precalentamiento-m10-hyundai-h1-h100-terracan-kia-k2500-pregio-original\/","title":{"rendered":"Y722J Buj\u00eda precalentamiento M10 Hyundai H1 \/H100 \/Terracan \/Kia K2500 \/Pregio NUEVA"},"content":{"rendered":"<p>Calentador, buj\u00eda de incandescencia de:<br \/>\nM\u00e9trica: 10&#215;1,25<br \/>\nLargo: 97,5 mm<\/p>\n<p>HYUNDAI H100 (P)<br \/>\n2.5 D, A\u00f1o 07.1993 &#8211; 12.1994, 2477 ccm, 75 cv<br \/>\n2.5 D, A\u00f1o 12.1994 &#8211; 03.2000, 2476 ccm, 78 cv<br \/>\n2.5 TD, A\u00f1o 07.1993 &#8211; 03.2000, 2476 ccm, 80 cv<br \/>\n2.6 D, A\u00f1o 10.1999 &#8211; 10.2004, 2607 ccm, 78 cv<br \/>\nHYUNDAI H-1 (A1)<br \/>\n2.5 D, A\u00f1o 10.1997 &#8211; 04.2004, 2476 ccm, 78 cv<br \/>\n2.5 TCi, A\u00f1o 10.1997 &#8211; 12.2007, 2476 ccm, 99 cv<br \/>\n2.5 TCi, A\u00f1o 05.2004 &#8211; 12.2007, 2476 ccm, 101 cv<br \/>\n2.5 TD, A\u00f1o 06.1997 &#8211; 04.2004, 2476 ccm, 80 cv<br \/>\n2.5 TD 4WD, A\u00f1o 02.1998 &#8211; 04.2004, 2476 ccm, 80 cv<br \/>\nHYUNDAI H-1 (A1)<br \/>\n2.5 TD, A\u00f1o 03.2000 &#8211; 09.2000, 2476 ccm, 80 cv<br \/>\n2.5 TD, A\u00f1o 10.1998 &#8211; 04.2008, 2476 ccm, 86 cv<br \/>\n2.5 TD, A\u00f1o 03.2000 &#8211; 10.2006, 2476 ccm, 99 cv<br \/>\n2.5 TD, A\u00f1o 10.2001 &#8211; 08.2007, 2476 ccm, 101 cv<br \/>\nHYUNDAI Galloper II<br \/>\n2.5 TCi D, A\u00f1o 08.1998 &#8211; 12.2003, 2476 ccm, 105 cv<br \/>\n2.5 TD, A\u00f1o 08.1998 &#8211; 12.2003, 2476 ccm, 88 cv<br \/>\n2.5 TD intercooler, A\u00f1o 08.1998 &#8211; 12.2003, 2476 ccm, 99 cv<br \/>\nHYUNDAI Terracan (HP)<br \/>\n2.5 D, A\u00f1o 06.2001 &#8211; 10.2003, 2476 ccm, 101 cv<br \/>\n2.5 TD, A\u00f1o 12.2001 &#8211; 12.2006, 2476 ccm, 101 cv<br \/>\nHYUNDAI Galloper I<br \/>\n2.5 TD, A\u00f1o 08.1991 &#8211; 07.1998, 2477 ccm, 85 cv<br \/>\n2.5 TD intercooler, A\u00f1o 08.1991 &#8211; 07.1998, 2477 ccm, 95 cv<br \/>\nHYUNDAI H100 Pick-up<br \/>\n2.5 D, A\u00f1o 05.1996 &#8211; 10.2001, 2476 ccm, 78 cv<br \/>\n2.6 TD, A\u00f1o 05.1996 &#8211; 12.1997, 2607 ccm, 86 cv<br \/>\nHYUNDAI Grace Bus<br \/>\n2.5 D, A\u00f1o 07.1993 &#8211; 06.1994, 2476 ccm, 75 cv<br \/>\n2.5 TD, A\u00f1o 06.1998 &#8211; 10.2001, 2476 ccm, 80 cv<br \/>\n2.6 D, A\u00f1o 10.1999 &#8211; 10.2004, 2607 ccm, 78 cv<br \/>\nHYUNDAI Porter Pick-up<br \/>\n2.6 TD, A\u00f1o 01.2001 &#8211; 12.2004, 2607 ccm, 83 cv<br \/>\nHYUNDAI H100 Cami\u00f3n de plataforma\/Chasis (CRDi)<br \/>\n2.5 TD, A\u00f1o 11.2006 &#8211; &#8230;, 2477 ccm, 101 cv<br \/>\nHYUNDAI Porter Cami\u00f3n de plataforma\/Chasis<br \/>\n2.5 D, A\u00f1o 06.2004 &#8211; &#8230;, 2476 ccm, 97 cv<\/p>\n<p>KIA Pregio (TB)<br \/>\n2.5 TCi D, A\u00f1o 09.2002 &#8211; &#8230;, 2476 ccm, 94 cv<br \/>\nKIA K2500 Cami\u00f3n de plataforma\/Chasis (SD)<br \/>\n2.5 D, A\u00f1o 01.2003 &#8211; &#8230;, 2476 ccm, 94 cv<br \/>\nKIA Bongo MPV<br \/>\n2.4 TDCi, A\u00f1o 10.2003 &#8211; &#8230;, 2476 ccm, 94 cv<\/p>\n<p>LA PIEZA ES NUEVA.<\/p>\n","protected":false},"excerpt":{"rendered":"<p>Calentador, buj\u00eda de incandescencia de: M\u00e9trica: 10&#215;1,25 Largo: 97,5 mm HYUNDAI H100 (P) 2.5 D, A\u00f1o 07.1993 &#8211; 12.1994, 2477 ccm, 75 cv 2.5 D, A\u00f1o 12.1994 &#8211; 03.2000, 2476 ccm, 78 cv 2.5 TD, A\u00f1o 07.1993 &#8211; 03.2000, 2476 ccm, 80 cv 2.6 D, A\u00f1o 10.1999 &#8211; 10.2004, 2607 ccm, 78 cv HYUNDAI H-1 [&hellip;]<\/p>\n","protected":false},"featured_media":78362,"template":"","meta":{"_seopress_robots_primary_cat":"","_seopress_titles_title":"","_seopress_titles_desc":"","_seopress_robots_index":""},"product_cat":[269,287,316,290,291,271,265,22,315,259,306],"product_tag":[],"class_list":{"0":"post-78361","1":"product","2":"type-product","3":"status-publish","4":"has-post-thumbnail","6":"product_cat-recambios-kia-bongo","7":"product_cat-recambios-hyundai-galloper","8":"product_cat-recambios-hyundai-grace","9":"product_cat-recambios-hyundai-h1","10":"product_cat-recambios-hyundai-h100","11":"product_cat-recambios-hyundai","12":"product_cat-recambios-kia-k2500","13":"product_cat-recambios-kia","14":"product_cat-recambios-hyundai-porter","15":"product_cat-recambios-kia-pregio","16":"product_cat-recambios-hyundai-terracan","18":"first","19":"instock","20":"taxable","21":"shipping-taxable","22":"purchasable","23":"product-type-simple"},"_links":{"self":[{"href":"https:\/\/galicianparts.com\/shop\/wp-json\/wp\/v2\/product\/78361"}],"collection":[{"href":"https:\/\/galicianparts.com\/shop\/wp-json\/wp\/v2\/product"}],"about":[{"href":"https:\/\/galicianparts.com\/shop\/wp-json\/wp\/v2\/types\/product"}],"wp:featuredmedia":[{"embeddable":true,"href":"https:\/\/galicianparts.com\/shop\/wp-json\/wp\/v2\/media\/78362"}],"wp:attachment":[{"href":"https:\/\/galicianparts.com\/shop\/wp-json\/wp\/v2\/media?parent=78361"}],"wp:term":[{"taxonomy":"product_cat","embeddable":true,"href":"https:\/\/galicianparts.com\/shop\/wp-json\/wp\/v2\/product_cat?post=78361"},{"taxonomy":"product_tag","embeddable":true,"href":"https:\/\/galicianparts.com\/shop\/wp-json\/wp\/v2\/product_tag?post=78361"}],"curies":[{"name":"wp","href":"https:\/\/api.w.org\/{rel}","templated":true}]}}