{"id":78562,"date":"2023-09-22T11:58:03","date_gmt":"2023-09-22T09:58:03","guid":{"rendered":"https:\/\/galicianparts.com\/shop\/producto\/77363804-filtro-gasoil-fiat-grande-punto-fiorino-doblo-linea-original\/"},"modified":"2023-12-11T09:52:24","modified_gmt":"2023-12-11T07:52:24","slug":"77363804-filtro-gasoil-fiat-grande-punto-fiorino-doblo-linea-original","status":"publish","type":"product","link":"https:\/\/galicianparts.com\/shop\/producto\/77363804-filtro-gasoil-fiat-grande-punto-fiorino-doblo-linea-original\/","title":{"rendered":"77363804 Filtro gasoil Fiat Grande Punto \/Fiorino \/Doblo \/Linea ORIGINAL UFI FILTERS"},"content":{"rendered":"<p>Filtro de combustible UFI FILTERS 24.ONE.00 de:<br \/>\nAltura: 205 mm<br \/>\nDi\u00e1metro: 84,5 mm<br \/>\nDi\u00e1metro entrada: 9,5 mm<br \/>\nDi\u00e1metro salida: 8 mm<\/p>\n<p>FIAT &#8211; 2Y GRANDE PUNTO (2005-2008) 1.3\u00a0MJTD\u00a016V\u00a0CF4\u00a075CV\/55KW<br \/>\nFIAT &#8211; 4C GRANDE PUNTO (2008-2009) 1.3\u00a0JTD\u00a075\u00a0CV\u00a0EURO4 \/ 1200-1299 \/ DI\u00c9SEL<br \/>\nFIAT &#8211; 3X GRANDE PUNTO ACTUAL (2009-2013) 1200-1299 \/ LIM.CEE FASE 4<br \/>\nFIAT &#8211; 3S GRANDE PUNTO INTERN. INDIA (2008-2014) 1.3 JTD 75CV<br \/>\nFIAT &#8211; 0D GRANDE PUNTO INTERN. INDIA FL2014 (2014-&#8230;.) 1.3 JTD 75CV<br \/>\nFIAT &#8211; 3M LINEA (2007-&#8230;.) 1.3 JTD INDIA<br \/>\nFIAT &#8211; 51 NUOVA PUNTO MY2012 (2012-2013) LIM.CEE FASE 4 \/ DI\u00c9SEL<br \/>\nFIAT &#8211; 3J PUNTO EVO (2009-2011) 1.3 JTD 75 CV ECOF4\/ECOF5 \/ LIM.CEE FASE 4<br \/>\nFIAT PROFESSIONAL &#8211; 3C DOBLO REST. 2005 (2005-&#8230;.) 1910\u00a0JTD\u00a08V\u00a0CF4\u00a0100CV\/74KW<br \/>\nFIAT PROFESSIONAL &#8211; 3C DOBLO REST. 2005 (2005-&#8230;.) 1910\u00a0JTD\u00a08V\u00a0CF4\u00a0105CV\/77KW<\/p>\n<p>LA PIEZA ES NUEVA Y ORIGINAL.<\/p>\n","protected":false},"excerpt":{"rendered":"<p>Filtro de combustible UFI FILTERS 24.ONE.00 de: Altura: 205 mm Di\u00e1metro: 84,5 mm Di\u00e1metro entrada: 9,5 mm Di\u00e1metro salida: 8 mm FIAT &#8211; 2Y GRANDE PUNTO (2005-2008) 1.3\u00a0MJTD\u00a016V\u00a0CF4\u00a075CV\/55KW FIAT &#8211; 4C GRANDE PUNTO (2008-2009) 1.3\u00a0JTD\u00a075\u00a0CV\u00a0EURO4 \/ 1200-1299 \/ DI\u00c9SEL FIAT &#8211; 3X GRANDE PUNTO ACTUAL (2009-2013) 1200-1299 \/ LIM.CEE FASE 4 FIAT &#8211; 3S GRANDE [&hellip;]<\/p>\n","protected":false},"featured_media":78567,"template":"","meta":{"_seopress_robots_primary_cat":"","_seopress_titles_title":"","_seopress_titles_desc":"","_seopress_robots_index":""},"product_cat":[87,20,91,92,94,101],"product_tag":[],"class_list":{"0":"post-78562","1":"product","2":"type-product","3":"status-publish","4":"has-post-thumbnail","6":"product_cat-recambios-fiat-doblo","7":"product_cat-recambios-fiat","8":"product_cat-recambios-fiat-fiorino","9":"product_cat-recambios-fiat-grande-punto","10":"product_cat-recambios-fiat-linea","11":"product_cat-recambios-fiat-punto","13":"first","14":"outofstock","15":"taxable","16":"shipping-taxable","17":"purchasable","18":"product-type-simple"},"_links":{"self":[{"href":"https:\/\/galicianparts.com\/shop\/wp-json\/wp\/v2\/product\/78562"}],"collection":[{"href":"https:\/\/galicianparts.com\/shop\/wp-json\/wp\/v2\/product"}],"about":[{"href":"https:\/\/galicianparts.com\/shop\/wp-json\/wp\/v2\/types\/product"}],"wp:featuredmedia":[{"embeddable":true,"href":"https:\/\/galicianparts.com\/shop\/wp-json\/wp\/v2\/media\/78567"}],"wp:attachment":[{"href":"https:\/\/galicianparts.com\/shop\/wp-json\/wp\/v2\/media?parent=78562"}],"wp:term":[{"taxonomy":"product_cat","embeddable":true,"href":"https:\/\/galicianparts.com\/shop\/wp-json\/wp\/v2\/product_cat?post=78562"},{"taxonomy":"product_tag","embeddable":true,"href":"https:\/\/galicianparts.com\/shop\/wp-json\/wp\/v2\/product_tag?post=78562"}],"curies":[{"name":"wp","href":"https:\/\/api.w.org\/{rel}","templated":true}]}}