{"id":78659,"date":"2023-09-26T10:48:59","date_gmt":"2023-09-26T08:48:59","guid":{"rendered":"https:\/\/galicianparts.com\/shop\/producto\/71736107-filtro-gasolina-fiat-lancia-alfa-romeo-peugeot-original\/"},"modified":"2024-01-14T17:29:56","modified_gmt":"2024-01-14T15:29:56","slug":"71736107-filtro-gasolina-fiat-lancia-alfa-romeo-peugeot-original","status":"publish","type":"product","link":"https:\/\/galicianparts.com\/shop\/producto\/71736107-filtro-gasolina-fiat-lancia-alfa-romeo-peugeot-original\/","title":{"rendered":"71736107 Filtro gasolina Fiat \/Lancia \/Alfa Romeo \/Peugeot ORIGINAL"},"content":{"rendered":"<p>Filtro de combustible de:<br \/>\nAltura: 131 mm<br \/>\nDi\u00e1metro: 74 mm<br \/>\nRosca salida: M 12&#215;1,25<br \/>\nRosca entrada: M 14&#215;1,5<\/p>\n<p>ALFA ROMEO 164 (164)<br \/>\n2.0 Turbo (164A2B), A\u00f1o 10.1987 &#8211; 09.1998, 1995 ccm, 174 cv<br \/>\n2.0 Turbo (164A2B), A\u00f1o 02.1988 &#8211; 10.1992, 1995 ccm, 175 cv<br \/>\n2.0 Twin Spark (164.A2C, 164.A2L, 164A2H), A\u00f1o 06.1987 &#8211; 08.1992, 1962 ccm, 143 cv<br \/>\n2.0 Twin Spark (164.A2H, 164.A2), A\u00f1o 06.1987 &#8211; 09.1992, 1962 ccm, 148 cv<br \/>\n2.0 Twin Spark (164.H3), A\u00f1o 09.1992 &#8211; 09.1998, 1995 ccm, 144 cv<br \/>\n2.0 V6 Turbo, A\u00f1o 03.1991 &#8211; 09.1992, 1996 ccm, 204 cv<br \/>\n2.0 V6 Turbo, A\u00f1o 09.1992 &#8211; 09.1998, 1996 ccm, 201 cv<br \/>\n3.0 (164H1), A\u00f1o 04.1993 &#8211; 02.1995, 2959 ccm, 228 cv<br \/>\n3.0 (164H1), A\u00f1o 03.1995 &#8211; 08.1997, 2959 ccm, 231 cv<br \/>\n3.0 (164K1), A\u00f1o 09.1991 &#8211; 10.1995, 2959 ccm, 207 cv<br \/>\n3.0 24V, A\u00f1o 09.1992 &#8211; 09.1998, 2959 ccm, 211 cv<br \/>\n3.0 24V Q4, A\u00f1o 02.1994 &#8211; 09.1998, 2959 ccm, 231 cv<br \/>\n3.0 24V QV A las 4 ruedas (164K1H), A\u00f1o 11.1992 &#8211; 10.1997, 2959 ccm, 233 cv<br \/>\n3.0 i.e. QV, A\u00f1o 09.1990 &#8211; 09.1992, 2959 ccm, 200 cv<br \/>\n3.0 V6, A\u00f1o 06.1987 &#8211; 09.1992, 2959 ccm, 192 cv<br \/>\n3.0 V6, A\u00f1o 06.1987 &#8211; 09.1992, 2959 ccm, 184 cv<br \/>\n3.0 V6, A\u00f1o 09.1992 &#8211; 09.1998, 2959 ccm, 180 cv<br \/>\nALFA ROMEO GTV (916, 916C)<br \/>\n1.8 16V, A\u00f1o 05.1998 &#8211; 10.2005, 1747 ccm, 144 cv<br \/>\n2.0 T.SPARK 16V, A\u00f1o 06.1995 &#8211; 10.2005, 1970 ccm, 150 cv<br \/>\n2.0 T.SPARK 16V (916C2C), A\u00f1o 09.1997 &#8211; 03.2003, 1970 ccm, 155 cv<br \/>\n2.0 V6 Turbo, A\u00f1o 06.1995 &#8211; 09.1998, 1996 ccm, 202 cv<br \/>\n3.0 V6 24V, A\u00f1o 10.1996 &#8211; 10.2000, 2959 ccm, 220 cv<br \/>\n3.0 V6 24V, A\u00f1o 10.2000 &#8211; 10.2005, 2959 ccm, 218 cv<br \/>\nALFA ROMEO Spider (916, 916S)<br \/>\n2.0 T.SPARK 16V, A\u00f1o 05.1998 &#8211; 08.2000, 1970 ccm, 155 cv<br \/>\n2.0 T.SPARK 16V, A\u00f1o 06.1995 &#8211; 04.2005, 1970 ccm, 150 cv<br \/>\n2.0 V6 Turbo, A\u00f1o 05.1998 &#8211; 04.2005, 1996 ccm, 202 cv<br \/>\n3.0 V6, A\u00f1o 06.1995 &#8211; 04.2005, 2959 ccm, 192 cv<br \/>\n3.0 V6, A\u00f1o 09.1994 &#8211; 04.2005, 2959 ccm, 218 cv<br \/>\n3.0 V6 24V (916S1), A\u00f1o 01.1999 &#8211; 10.2003, 2959 ccm, 220 cv<\/p>\n<p>FIAT Regata Berlina (138)<br \/>\n1.5 75, A\u00f1o 12.1983 &#8211; 07.1989, 1498 ccm, 75 cv<br \/>\nFIAT Croma I Hatchback (154)<br \/>\n2.0 16V, A\u00f1o 08.1992 &#8211; 08.1996, 1995 ccm, 137 cv<br \/>\n2.0 i.e., A\u00f1o 10.1987 &#8211; 08.1996, 1995 ccm, 116 cv<br \/>\n2.0 i.e. Turbo, A\u00f1o 11.1986 &#8211; 11.1988, 1995 ccm, 151 cv<br \/>\n2.0 i.e. Turbo, A\u00f1o 12.1985 &#8211; 06.1990, 1995 ccm, 155 cv<br \/>\n2.0 i.e. Turbo, A\u00f1o 06.1987 &#8211; 08.1996, 1995 ccm, 150 cv<br \/>\n2.5 V6, A\u00f1o 06.1993 &#8211; 08.1996, 2492 ccm, 162 cv<br \/>\nFIAT Uno Hatchback (146)<br \/>\n1.3 Turbo i.e., A\u00f1o 01.1987 &#8211; 12.1987, 1301 ccm, 99 cv<br \/>\n1.3 Turbo i.e., A\u00f1o 09.1989 &#8211; 03.1991, 1301 ccm, 101 cv<br \/>\n1.3 Turbo i.e., A\u00f1o 04.1985 &#8211; 08.1989, 1301 ccm, 105 cv<br \/>\n1.4 Turbo i.e., A\u00f1o 09.1989 &#8211; 09.1993, 1372 ccm, 112 cv<br \/>\n1.4 Turbo i.e., A\u00f1o 12.1989 &#8211; 12.1996, 1372 ccm, 118 cv<\/p>\n<p>LANCIA Kappa (838)<br \/>\n2.0 16V Turbo, A\u00f1o 02.1995 &#8211; 10.2001, 1995 ccm, 205 cv<br \/>\n2.0 20V, A\u00f1o 10.1994 &#8211; 10.2001, 1998 ccm, 146 cv<br \/>\n2.0 20V, A\u00f1o 07.1996 &#8211; 10.2001, 1998 ccm, 155 cv<br \/>\n2.0 20V Turbo, A\u00f1o 06.1998 &#8211; 10.2001, 1998 ccm, 220 cv<br \/>\n2.4 20V, A\u00f1o 08.1994 &#8211; 10.2001, 2446 ccm, 175 cv<br \/>\n3.0 24V (838AD1AA, 838AD11A, 838XD1AA, 838ZD1AA), A\u00f1o 10.1994 &#8211; 10.2001, 2959 ccm, 204 cv<br \/>\nLANCIA Thema (834)<br \/>\n2.0 16V, A\u00f1o 08.1992 &#8211; 12.1993, 1995 ccm, 152 cv<br \/>\n2.0 16V Turbo, A\u00f1o 12.1988 &#8211; 06.1990, 1995 ccm, 181 cv<br \/>\n2.0 16V Turbo, A\u00f1o 10.1992 &#8211; 07.1994, 1995 ccm, 201 cv<br \/>\n2.0 i.e., A\u00f1o 09.1987 &#8211; 05.1992, 1995 ccm, 115 cv<br \/>\n2.0 i.e. 16V, A\u00f1o 02.1989 &#8211; 05.1992, 1995 ccm, 141 cv<br \/>\n2.0 i.e. 16V Turbo, A\u00f1o 04.1989 &#8211; 05.1992, 1995 ccm, 177 cv<br \/>\n2.8 2850 V6 i.e., A\u00f1o 06.1988 &#8211; 05.1992, 2849 ccm, 147 cv<br \/>\n3.0 V6, A\u00f1o 08.1992 &#8211; 07.1994, 2959 ccm, 171 cv<\/p>\n<p>PEUGEOT 205 I Hatchback<br \/>\n1.6 GTI, A\u00f1o 12.1984 &#8211; 10.1987, 1580 ccm, 103 cv<br \/>\n1.6 GTI, A\u00f1o 02.1983 &#8211; 07.1987, 1580 ccm, 116 cv<br \/>\n1.9 GTI, A\u00f1o 10.1986 &#8211; 10.1987, 1905 ccm, 128 cv<br \/>\nPEUGEOT 205 Cabrio<br \/>\n1.1 CJ, A\u00f1o 10.1989 &#8211; 12.1994, 1124 ccm, 60 cv<br \/>\n1.4, A\u00f1o 08.1987 &#8211; 07.1990, 1360 ccm, 68 cv<br \/>\n1.4 CJ, A\u00f1o 03.1988 &#8211; 05.1989, 1360 ccm, 60 cv<br \/>\n1.4 CJ, A\u00f1o 03.1989 &#8211; 12.1994, 1360 ccm, 67 cv<br \/>\n1.4 CJ, A\u00f1o 05.1991 &#8211; 12.1994, 1360 ccm, 75 cv<br \/>\n1.4 CT, A\u00f1o 04.1986 &#8211; 12.1988, 1360 ccm, 79 cv<br \/>\n1.6, A\u00f1o 08.1987 &#8211; 07.1992, 1580 ccm, 116 cv<br \/>\n1.6 CJ, A\u00f1o 08.1992 &#8211; 12.1994, 1580 ccm, 88 cv<br \/>\n1.6 CTI, A\u00f1o 03.1986 &#8211; 10.1990, 1580 ccm, 103 cv<br \/>\n1.9 CTi, A\u00f1o 08.1987 &#8211; 07.1990, 1905 ccm, 101 cv<br \/>\n1.9 CTI, A\u00f1o 10.1987 &#8211; 12.1994, 1905 ccm, 102 cv<br \/>\n1.9 CTi, A\u00f1o 08.1990 &#8211; 07.1992, 1905 ccm, 125 cv<br \/>\nPEUGEOT 205 II Hatchback<br \/>\n1.0, A\u00f1o 10.1987 &#8211; 09.1998, 954 ccm, 45 cv<br \/>\n1.1, A\u00f1o 10.1987 &#8211; 10.1990, 1124 ccm, 49 cv<br \/>\n1.1, A\u00f1o 10.1987 &#8211; 07.1992, 1124 ccm, 54 cv<br \/>\n1.1, A\u00f1o 07.1989 &#8211; 09.1998, 1124 ccm, 60 cv<br \/>\n1.3 Rallye, A\u00f1o 10.1987 &#8211; 10.1990, 1294 ccm, 101 cv<br \/>\n1.4, A\u00f1o 10.1987 &#8211; 10.1990, 1360 ccm, 67 cv<br \/>\n1.4, A\u00f1o 08.1990 &#8211; 07.1992, 1360 ccm, 68 cv<br \/>\n1.4, A\u00f1o 07.1988 &#8211; 09.1998, 1360 ccm, 75 cv<br \/>\n1.4, A\u00f1o 07.1988 &#8211; 09.1998, 1360 ccm, 75 cv<br \/>\n1.4, A\u00f1o 07.1988 &#8211; 05.1989, 1360 ccm, 79 cv<br \/>\n1.4, A\u00f1o 06.1987 &#8211; 12.1989, 1360 ccm, 84 cv<br \/>\n1.4, A\u00f1o 06.1987 &#8211; 12.1989, 1442 ccm, 86 cv<br \/>\n1.4 Cat, A\u00f1o 08.1987 &#8211; 09.1993, 1360 ccm, 60 cv<br \/>\n1.6 GTI, A\u00f1o 10.1987 &#8211; 12.1989, 1580 ccm, 103 cv<br \/>\n1.6 GTI, A\u00f1o 10.1987 &#8211; 12.1989, 1580 ccm, 116 cv<br \/>\n1.9, A\u00f1o 08.1992 &#8211; 05.1997, 1905 ccm, 105 cv<br \/>\n1.9 GTI, A\u00f1o 10.1987 &#8211; 05.1989, 1905 ccm, 102 cv<br \/>\n1.9 GTI, A\u00f1o 10.1987 &#8211; 10.1994, 1905 ccm, 120 cv<br \/>\n1.9 GTI, A\u00f1o 10.1987 &#8211; 09.1998, 1905 ccm, 128 cv<br \/>\n1.9 GTI, A\u00f1o 08.1990 &#8211; 07.1992, 1905 ccm, 131 cv<br \/>\n1.9 GTI Cat, A\u00f1o 10.1987 &#8211; 07.1994, 1905 ccm, 102 cv<br \/>\nPEUGEOT 305 II<br \/>\n1.6, A\u00f1o 11.1986 &#8211; 12.1988, 1580 ccm, 73 cv<br \/>\n1.6, A\u00f1o 10.1982 &#8211; 07.1988, 1580 ccm, 75 cv<br \/>\n1.6, A\u00f1o 11.1982 &#8211; 12.1988, 1580 ccm, 79 cv<br \/>\n1.6, A\u00f1o 07.1984 &#8211; 08.1987, 1580 ccm, 90 cv<br \/>\n1.6, A\u00f1o 10.1982 &#8211; 06.1988, 1580 ccm, 94 cv<br \/>\n1.6, A\u00f1o 10.1982 &#8211; 06.1984, 1580 ccm, 97 cv<br \/>\n1.9, A\u00f1o 11.1986 &#8211; 12.1988, 1905 ccm, 98 cv<br \/>\n1.9, A\u00f1o 10.1982 &#8211; 08.1985, 1905 ccm, 102 cv<br \/>\nPEUGEOT 309 I Hatchback<br \/>\n1.6, A\u00f1o 08.1987 &#8211; 07.1989, 1580 ccm, 72 cv<br \/>\n1.6, A\u00f1o 10.1985 &#8211; 07.1989, 1580 ccm, 75 cv<br \/>\n1.6, A\u00f1o 10.1985 &#8211; 07.1989, 1580 ccm, 80 cv<br \/>\n1.6, A\u00f1o 11.1985 &#8211; 09.1988, 1580 ccm, 103 cv<br \/>\n1.6, A\u00f1o 07.1986 &#8211; 06.1989, 1580 ccm, 113 cv<br \/>\n1.6 Cat, A\u00f1o 09.1986 &#8211; 12.1989, 1580 ccm, 75 cv<br \/>\n1.9, A\u00f1o 03.1986 &#8211; 07.1989, 1905 ccm, 98 cv<br \/>\n1.9, A\u00f1o 10.1985 &#8211; 07.1989, 1905 ccm, 102 cv<br \/>\n1.9, A\u00f1o 07.1988 &#8211; 07.1989, 1905 ccm, 109 cv<br \/>\n1.9 GTI, A\u00f1o 07.1988 &#8211; 07.1989, 1905 ccm, 120 cv<br \/>\n1.9 GTI, A\u00f1o 10.1986 &#8211; 07.1989, 1905 ccm, 128 cv<br \/>\n1.9 GTI, A\u00f1o 10.1985 &#8211; 08.1989, 1905 ccm, 131 cv<br \/>\nPEUGEOT 405 I (15B)<br \/>\n1.9, A\u00f1o 07.1987 &#8211; 12.1992, 1905 ccm, 95 cv<br \/>\n1.9, A\u00f1o 07.1987 &#8211; 12.1993, 1905 ccm, 126 cv<br \/>\n1.9 4&#215;4, A\u00f1o 07.1988 &#8211; 12.1992, 1905 ccm, 109 cv<br \/>\n1.9 Injection, A\u00f1o 07.1987 &#8211; 12.1992, 1905 ccm, 105 cv<br \/>\n1.9 Sport MI-16, A\u00f1o 07.1987 &#8211; 11.1992, 1905 ccm, 158 cv<br \/>\n1.9 SPort MI-16 4&#215;4, A\u00f1o 06.1987 &#8211; 07.1992, 1905 ccm, 147 cv<br \/>\nPEUGEOT 405 II Berlina (4B)<br \/>\n2.0 T 16 X4, A\u00f1o 08.1992 &#8211; 10.1995, 1998 ccm, 196 cv<br \/>\n2.0 X4, A\u00f1o 08.1992 &#8211; 10.1995, 1998 ccm, 121 cv<br \/>\nPEUGEOT 505 Berlina<br \/>\n2.2 GTI, A\u00f1o 08.1983 &#8211; 12.1993, 2165 ccm, 122 cv<br \/>\n2.2 Turbo Injection, A\u00f1o 01.1986 &#8211; 12.1987, 2155 ccm, 150 cv<br \/>\n2.2 Turbo Injection, A\u00f1o 03.1984 &#8211; 10.1988, 2155 ccm, 155 cv<br \/>\n2.8 GTI V6, A\u00f1o 06.1986 &#8211; 12.1993, 2849 ccm, 143 cv<br \/>\nPEUGEOT 309 II Hatchback<br \/>\n1.6, A\u00f1o 07.1989 &#8211; 12.1993, 1580 ccm, 88 cv<br \/>\n1.6, A\u00f1o 07.1989 &#8211; 12.1993, 1580 ccm, 94 cv<br \/>\n1.6 GTi, A\u00f1o 09.1989 &#8211; 10.1993, 1580 ccm, 116 cv<br \/>\n1.9, A\u00f1o 08.1989 &#8211; 12.1993, 1905 ccm, 98 cv<br \/>\n1.9, A\u00f1o 10.1990 &#8211; 12.1993, 1905 ccm, 109 cv<br \/>\n1.9 GTI, A\u00f1o 07.1989 &#8211; 12.1993, 1905 ccm, 120 cv<br \/>\n1.9 GTI, A\u00f1o 09.1989 &#8211; 10.1993, 1905 ccm, 131 cv<br \/>\n1.9 GTI 16V, A\u00f1o 10.1990 &#8211; 12.1993, 1905 ccm, 147 cv<br \/>\n1.9 GTI 16V, A\u00f1o 08.1989 &#8211; 07.1990, 1905 ccm, 158 cv<br \/>\nPEUGEOT 205 XA\/XAD Furg\u00f3n<br \/>\n1.1, A\u00f1o 08.1987 &#8211; 07.1990, 1124 ccm, 54 cv<\/p>\n<p>LA PIEZA ES NUEVA Y ORIGINAL.<\/p>\n","protected":false},"excerpt":{"rendered":"<p>Filtro de combustible de: Altura: 131 mm Di\u00e1metro: 74 mm Rosca salida: M 12&#215;1,25 Rosca entrada: M 14&#215;1,5 ALFA ROMEO 164 (164) 2.0 Turbo (164A2B), A\u00f1o 10.1987 &#8211; 09.1998, 1995 ccm, 174 cv 2.0 Turbo (164A2B), A\u00f1o 02.1988 &#8211; 10.1992, 1995 ccm, 175 cv 2.0 Twin Spark (164.A2C, 164.A2L, 164A2H), A\u00f1o 06.1987 &#8211; 08.1992, 1962 [&hellip;]<\/p>\n","protected":false},"featured_media":78660,"template":"","meta":{"_seopress_robots_primary_cat":"","_seopress_titles_title":"","_seopress_titles_desc":"","_seopress_robots_index":""},"product_cat":[54,235,194,149,150,153,16,86,20,55,119,21,24,102,56,124,114],"product_tag":[],"class_list":{"0":"post-78659","1":"product","2":"type-product","3":"status-publish","4":"has-post-thumbnail","6":"product_cat-recambios-alfa-romeo-164","7":"product_cat-recambios-peugeot-205","8":"product_cat-recambios-peugeot-305","9":"product_cat-recambios-peugeot-309","10":"product_cat-recambios-peugeot-405","11":"product_cat-recambios-peugeot-505","12":"product_cat-recambios-alfa-romeo","13":"product_cat-recambios-fiat-croma","14":"product_cat-recambios-fiat","15":"product_cat-recambios-alfa-romeo-gtv","16":"product_cat-recambios-lancia-kappa","17":"product_cat-recambios-lancia","18":"product_cat-recambios-peugeot","19":"product_cat-recambios-fiat-regata","20":"product_cat-recambios-alfa-romeo-spider","21":"product_cat-recambios-lancia-thema","22":"product_cat-recambios-fiat-uno","24":"first","25":"outofstock","26":"taxable","27":"shipping-taxable","28":"purchasable","29":"product-type-simple"},"_links":{"self":[{"href":"https:\/\/galicianparts.com\/shop\/wp-json\/wp\/v2\/product\/78659"}],"collection":[{"href":"https:\/\/galicianparts.com\/shop\/wp-json\/wp\/v2\/product"}],"about":[{"href":"https:\/\/galicianparts.com\/shop\/wp-json\/wp\/v2\/types\/product"}],"wp:featuredmedia":[{"embeddable":true,"href":"https:\/\/galicianparts.com\/shop\/wp-json\/wp\/v2\/media\/78660"}],"wp:attachment":[{"href":"https:\/\/galicianparts.com\/shop\/wp-json\/wp\/v2\/media?parent=78659"}],"wp:term":[{"taxonomy":"product_cat","embeddable":true,"href":"https:\/\/galicianparts.com\/shop\/wp-json\/wp\/v2\/product_cat?post=78659"},{"taxonomy":"product_tag","embeddable":true,"href":"https:\/\/galicianparts.com\/shop\/wp-json\/wp\/v2\/product_tag?post=78659"}],"curies":[{"name":"wp","href":"https:\/\/api.w.org\/{rel}","templated":true}]}}