{"id":78710,"date":"2023-09-27T11:14:56","date_gmt":"2023-09-27T09:14:56","guid":{"rendered":"https:\/\/galicianparts.com\/shop\/producto\/5882693-bomba-agua-fiat-x1-9-131-argenta-nuevo-original\/"},"modified":"2023-12-18T10:06:10","modified_gmt":"2023-12-18T08:06:10","slug":"5882693-bomba-agua-fiat-x1-9-131-argenta-nuevo-original","status":"publish","type":"product","link":"https:\/\/galicianparts.com\/shop\/producto\/5882693-bomba-agua-fiat-x1-9-131-argenta-nuevo-original\/","title":{"rendered":"5882693 Bomba agua Fiat X1\/9 \/ 131 \/Argenta NUEVO ORIGINAL"},"content":{"rendered":"<p>Bomba de agua de refrigeraci\u00f3n del motor de:<br \/>\nFIAT X 1\/9 (128)<br \/>\n1.3, A\u00f1o 05.1973 &#8211; 12.1979, 1290 ccm, 75 cv<br \/>\n1.5, A\u00f1o 06.1985 &#8211; 12.1989, 1499 ccm, 76 cv<br \/>\n1.5 (128AS1_), A\u00f1o 11.1978 &#8211; 12.1989, 1498 ccm, 85 cv<br \/>\nFIAT 131 (131)<br \/>\n1.4 Super Mirafiori, A\u00f1o 04.1981 &#8211; 12.1983, 1367 ccm, 75 cv<br \/>\n1.6 Super, A\u00f1o 03.1978 &#8211; 01.1984, 1585 ccm, 97 cv<br \/>\n2.0 Super, A\u00f1o 01.1981 &#8211; 12.1984, 1995 ccm, 113 cv<br \/>\nFIAT Argenta (132)<br \/>\n1.6, A\u00f1o 04.1981 &#8211; 12.1985, 1585 ccm, 98 cv<br \/>\n1.6 i.e, A\u00f1o 04.1981 &#8211; 12.1985, 1585 ccm, 90 cv<br \/>\n2, A\u00f1o 06.1978 &#8211; 12.1985, 1995 ccm, 113 cv<br \/>\n2.0 i.e., A\u00f1o 06.1981 &#8211; 07.1986, 1995 ccm, 122 cv<\/p>\n<p>LA PIEZA ES NUEVA Y ORIGINAL.<\/p>\n","protected":false},"excerpt":{"rendered":"<p>Bomba de agua de refrigeraci\u00f3n del motor de: FIAT X 1\/9 (128) 1.3, A\u00f1o 05.1973 &#8211; 12.1979, 1290 ccm, 75 cv 1.5, A\u00f1o 06.1985 &#8211; 12.1989, 1499 ccm, 76 cv 1.5 (128AS1_), A\u00f1o 11.1978 &#8211; 12.1989, 1498 ccm, 85 cv FIAT 131 (131) 1.4 Super Mirafiori, A\u00f1o 04.1981 &#8211; 12.1983, 1367 ccm, 75 cv 1.6 [&hellip;]<\/p>\n","protected":false},"featured_media":78724,"template":"","meta":{"_seopress_robots_primary_cat":"","_seopress_titles_title":"","_seopress_titles_desc":"","_seopress_robots_index":""},"product_cat":[70,79,20,206],"product_tag":[],"class_list":{"0":"post-78710","1":"product","2":"type-product","3":"status-publish","4":"has-post-thumbnail","6":"product_cat-recambios-fiat-131","7":"product_cat-recambios-fiat-argenta","8":"product_cat-recambios-fiat","9":"product_cat-recambios-fiat-x1-9","11":"first","12":"outofstock","13":"taxable","14":"shipping-taxable","15":"purchasable","16":"product-type-simple"},"_links":{"self":[{"href":"https:\/\/galicianparts.com\/shop\/wp-json\/wp\/v2\/product\/78710"}],"collection":[{"href":"https:\/\/galicianparts.com\/shop\/wp-json\/wp\/v2\/product"}],"about":[{"href":"https:\/\/galicianparts.com\/shop\/wp-json\/wp\/v2\/types\/product"}],"wp:featuredmedia":[{"embeddable":true,"href":"https:\/\/galicianparts.com\/shop\/wp-json\/wp\/v2\/media\/78724"}],"wp:attachment":[{"href":"https:\/\/galicianparts.com\/shop\/wp-json\/wp\/v2\/media?parent=78710"}],"wp:term":[{"taxonomy":"product_cat","embeddable":true,"href":"https:\/\/galicianparts.com\/shop\/wp-json\/wp\/v2\/product_cat?post=78710"},{"taxonomy":"product_tag","embeddable":true,"href":"https:\/\/galicianparts.com\/shop\/wp-json\/wp\/v2\/product_tag?post=78710"}],"curies":[{"name":"wp","href":"https:\/\/api.w.org\/{rel}","templated":true}]}}