{"id":78729,"date":"2023-09-27T12:08:41","date_gmt":"2023-09-27T10:08:41","guid":{"rendered":"https:\/\/galicianparts.com\/shop\/producto\/1148410091-pack-4-topes-universales-anclaje-alfombras-de-coche-nuevo-fofal\/"},"modified":"2026-01-05T17:13:35","modified_gmt":"2026-01-05T15:13:35","slug":"1148410091-pack-4-topes-universales-anclaje-alfombras-de-coche-nuevo-fofal","status":"publish","type":"product","link":"https:\/\/galicianparts.com\/shop\/producto\/1148410091-pack-4-topes-universales-anclaje-alfombras-de-coche-nuevo-fofal\/","title":{"rendered":"1148410091 Pack 4 topes universales anclaje alfombras de coche NUEVO FOFAL"},"content":{"rendered":"<p>156021669 Juego, set de 4 tornillos de pl\u00e1stico de color negro universales de soporte de las alfombrillas de autom\u00f3vil.<br \/>\nDi\u00e1metro cabeza: 13,5 mm<br \/>\nDi\u00e1metro arandela: 30 mm<br \/>\nDi\u00e1metro rosca: 9,5 mm<br \/>\nAltura total: 25,5 mm<\/p>\n<p>LA PIEZA ES NUEVA FOFAL.<\/p>\n","protected":false},"excerpt":{"rendered":"<p>156021669 Juego, set de 4 tornillos de pl\u00e1stico de color negro universales de soporte de las alfombrillas de autom\u00f3vil. Di\u00e1metro cabeza: 13,5 mm Di\u00e1metro arandela: 30 mm Di\u00e1metro rosca: 9,5 mm Altura total: 25,5 mm LA PIEZA ES NUEVA FOFAL.<\/p>\n","protected":false},"featured_media":78732,"template":"","meta":{"_seopress_robots_primary_cat":"","_seopress_titles_title":"","_seopress_titles_desc":"","_seopress_robots_index":""},"product_cat":[15],"product_tag":[],"class_list":{"0":"post-78729","1":"product","2":"type-product","3":"status-publish","4":"has-post-thumbnail","6":"product_cat-sin-categorizar","8":"first","9":"instock","10":"taxable","11":"shipping-taxable","12":"purchasable","13":"product-type-simple"},"_links":{"self":[{"href":"https:\/\/galicianparts.com\/shop\/wp-json\/wp\/v2\/product\/78729"}],"collection":[{"href":"https:\/\/galicianparts.com\/shop\/wp-json\/wp\/v2\/product"}],"about":[{"href":"https:\/\/galicianparts.com\/shop\/wp-json\/wp\/v2\/types\/product"}],"wp:featuredmedia":[{"embeddable":true,"href":"https:\/\/galicianparts.com\/shop\/wp-json\/wp\/v2\/media\/78732"}],"wp:attachment":[{"href":"https:\/\/galicianparts.com\/shop\/wp-json\/wp\/v2\/media?parent=78729"}],"wp:term":[{"taxonomy":"product_cat","embeddable":true,"href":"https:\/\/galicianparts.com\/shop\/wp-json\/wp\/v2\/product_cat?post=78729"},{"taxonomy":"product_tag","embeddable":true,"href":"https:\/\/galicianparts.com\/shop\/wp-json\/wp\/v2\/product_tag?post=78729"}],"curies":[{"name":"wp","href":"https:\/\/api.w.org\/{rel}","templated":true}]}}