{"id":7901,"date":"2020-11-09T19:14:48","date_gmt":"2020-11-09T17:14:48","guid":{"rendered":"https:\/\/galicianparts.com\/shop\/producto\/71715613-tapon-de-cinturon-fiat-ducato-1994-2002-nuevo-original\/"},"modified":"2024-05-07T00:33:02","modified_gmt":"2024-05-06T22:33:02","slug":"71715613-tapon-de-cinturon-fiat-ducato-1994-2002-nuevo-original","status":"publish","type":"product","link":"https:\/\/galicianparts.com\/shop\/producto\/71715613-tapon-de-cinturon-fiat-ducato-1994-2002-nuevo-original\/","title":{"rendered":"71715613 Tap\u00f3n de cintur\u00f3n Fiat Ducato (1994-2002) NUEVO ORIGINAL"},"content":{"rendered":"<p>Tap\u00f3n embellecedor del tornillo del cintur\u00f3n de seguridad de:<\/p>\n<p>FIAT PROFESSIONAL &#8211; PD DUCATO &#8217;94 BENZINA (1994-2002)<br \/>\nFIAT PROFESSIONAL &#8211; PE DUCATO&#8217;94 DIESEL (1994-2002)<\/p>\n<p> LA PIEZA ES NUEVA Y ORIGINAL.<\/p>\n","protected":false},"excerpt":{"rendered":"<p>Tap\u00f3n embellecedor del tornillo del cintur\u00f3n de seguridad de: FIAT PROFESSIONAL &#8211; PD DUCATO &#8217;94 BENZINA (1994-2002) FIAT PROFESSIONAL &#8211; PE DUCATO&#8217;94 DIESEL (1994-2002) LA PIEZA ES NUEVA Y ORIGINAL.<\/p>\n","protected":false},"featured_media":7903,"template":"","meta":{"_seopress_robots_primary_cat":"","_seopress_titles_title":"","_seopress_titles_desc":"","_seopress_robots_index":""},"product_cat":[88,20],"product_tag":[],"class_list":{"0":"post-7901","1":"product","2":"type-product","3":"status-publish","4":"has-post-thumbnail","6":"product_cat-recambios-fiat-ducato","7":"product_cat-recambios-fiat","9":"first","10":"outofstock","11":"taxable","12":"shipping-taxable","13":"purchasable","14":"product-type-simple"},"_links":{"self":[{"href":"https:\/\/galicianparts.com\/shop\/wp-json\/wp\/v2\/product\/7901"}],"collection":[{"href":"https:\/\/galicianparts.com\/shop\/wp-json\/wp\/v2\/product"}],"about":[{"href":"https:\/\/galicianparts.com\/shop\/wp-json\/wp\/v2\/types\/product"}],"wp:featuredmedia":[{"embeddable":true,"href":"https:\/\/galicianparts.com\/shop\/wp-json\/wp\/v2\/media\/7903"}],"wp:attachment":[{"href":"https:\/\/galicianparts.com\/shop\/wp-json\/wp\/v2\/media?parent=7901"}],"wp:term":[{"taxonomy":"product_cat","embeddable":true,"href":"https:\/\/galicianparts.com\/shop\/wp-json\/wp\/v2\/product_cat?post=7901"},{"taxonomy":"product_tag","embeddable":true,"href":"https:\/\/galicianparts.com\/shop\/wp-json\/wp\/v2\/product_tag?post=7901"}],"curies":[{"name":"wp","href":"https:\/\/api.w.org\/{rel}","templated":true}]}}