{"id":79045,"date":"2023-10-05T10:42:55","date_gmt":"2023-10-05T08:42:55","guid":{"rendered":"https:\/\/galicianparts.com\/shop\/producto\/73011g-amortiguador-gas-delantero-fiat-punto-lancia-ypsilon-nuevo-cecauto\/"},"modified":"2023-10-05T10:46:07","modified_gmt":"2023-10-05T08:46:07","slug":"73011g-amortiguador-gas-delantero-fiat-punto-lancia-ypsilon-nuevo-cecauto","status":"publish","type":"product","link":"https:\/\/galicianparts.com\/shop\/producto\/73011g-amortiguador-gas-delantero-fiat-punto-lancia-ypsilon-nuevo-cecauto\/","title":{"rendered":"73011G Amortiguador gas delantero Fiat Punto \/Lancia Ypsilon NUEVO CECAUTO"},"content":{"rendered":"<p>71713674 Amortiguador de gas de la suspensi\u00f3n delantera de:<br \/>\nFIAT Punto I (176)<br \/>\n1.2 16V, A\u00f1o 04.1997 &#8211; 09.1999, 1242 ccm, 86 cv<br \/>\n1.4 GT Turbo (176AD_), A\u00f1o 10.1993 &#8211; 03.1997, 1372 ccm, 133 cv<br \/>\n1.6, A\u00f1o 01.1994 &#8211; 04.1997, 1581 ccm, 88 cv<br \/>\n1.7 D, A\u00f1o 04.1994 &#8211; 09.1997, 1698 ccm, 57 cv<br \/>\n1.7 TD, A\u00f1o 01.1994 &#8211; 09.1999, 1698 ccm, 69 cv<br \/>\n1.7 TD, A\u00f1o 01.1994 &#8211; 09.1999, 1698 ccm, 71 cv<br \/>\n1.7 TD (176AT), A\u00f1o 09.1996 &#8211; 09.1999, 1698 ccm, 63 cv<br \/>\n1.1 55, A\u00f1o 09.1993 &#8211; 09.1999, 1108 ccm, 54 cv<br \/>\n1.2 60, A\u00f1o 01.1994 &#8211; 09.1999, 1242 ccm, 58 cv<br \/>\n60 1.2 (176AP, 176AR, 176AQ, 176BB), A\u00f1o 09.1993 &#8211; 09.1999, 1242 ccm, 60 cv<br \/>\n1.2 75, A\u00f1o 10.1993 &#8211; 09.1999, 1242 ccm, 73 cv<\/p>\n<p>LANCIA Y (840)<br \/>\n1.2, A\u00f1o 03.1996 &#8211; 09.2003, 1242 ccm, 60 cv<br \/>\n1.2 16V, A\u00f1o 04.1997 &#8211; 09.2003, 1242 ccm, 86 cv<br \/>\n1.2 16V, A\u00f1o 10.2000 &#8211; 09.2003, 1242 ccm, 80 cv<\/p>\n<p>LA PIEZA ES NUEVA CECAUTO.<\/p>\n","protected":false},"excerpt":{"rendered":"<p>71713674 Amortiguador de gas de la suspensi\u00f3n delantera de: FIAT Punto I (176) 1.2 16V, A\u00f1o 04.1997 &#8211; 09.1999, 1242 ccm, 86 cv 1.4 GT Turbo (176AD_), A\u00f1o 10.1993 &#8211; 03.1997, 1372 ccm, 133 cv 1.6, A\u00f1o 01.1994 &#8211; 04.1997, 1581 ccm, 88 cv 1.7 D, A\u00f1o 04.1994 &#8211; 09.1997, 1698 ccm, 57 cv 1.7 [&hellip;]<\/p>\n","protected":false},"featured_media":79046,"template":"","meta":{"_seopress_robots_primary_cat":"","_seopress_titles_title":"","_seopress_titles_desc":"","_seopress_robots_index":""},"product_cat":[20,21,101,127],"product_tag":[],"class_list":{"0":"post-79045","1":"product","2":"type-product","3":"status-publish","4":"has-post-thumbnail","6":"product_cat-recambios-fiat","7":"product_cat-recambios-lancia","8":"product_cat-recambios-fiat-punto","9":"product_cat-recambios-lancia-ypsilon","11":"first","12":"instock","13":"taxable","14":"shipping-taxable","15":"purchasable","16":"product-type-simple"},"_links":{"self":[{"href":"https:\/\/galicianparts.com\/shop\/wp-json\/wp\/v2\/product\/79045"}],"collection":[{"href":"https:\/\/galicianparts.com\/shop\/wp-json\/wp\/v2\/product"}],"about":[{"href":"https:\/\/galicianparts.com\/shop\/wp-json\/wp\/v2\/types\/product"}],"wp:featuredmedia":[{"embeddable":true,"href":"https:\/\/galicianparts.com\/shop\/wp-json\/wp\/v2\/media\/79046"}],"wp:attachment":[{"href":"https:\/\/galicianparts.com\/shop\/wp-json\/wp\/v2\/media?parent=79045"}],"wp:term":[{"taxonomy":"product_cat","embeddable":true,"href":"https:\/\/galicianparts.com\/shop\/wp-json\/wp\/v2\/product_cat?post=79045"},{"taxonomy":"product_tag","embeddable":true,"href":"https:\/\/galicianparts.com\/shop\/wp-json\/wp\/v2\/product_tag?post=79045"}],"curies":[{"name":"wp","href":"https:\/\/api.w.org\/{rel}","templated":true}]}}