{"id":79052,"date":"2023-10-05T10:53:26","date_gmt":"2023-10-05T08:53:26","guid":{"rendered":"https:\/\/galicianparts.com\/shop\/producto\/73442-amortiguador-aceite-delantero-fiat-panda-seat-marbella-terra-panda-nuevo-cecauto\/"},"modified":"2023-10-11T18:47:39","modified_gmt":"2023-10-11T16:47:39","slug":"73442-amortiguador-aceite-delantero-fiat-panda-seat-marbella-terra-panda-nuevo-cecauto","status":"publish","type":"product","link":"https:\/\/galicianparts.com\/shop\/producto\/73442-amortiguador-aceite-delantero-fiat-panda-seat-marbella-terra-panda-nuevo-cecauto\/","title":{"rendered":"73442 Amortiguador aceite delantero Fiat Panda \/Seat Marbella \/Terra \/Panda NUEVO CECAUTO"},"content":{"rendered":"<p>71736467 Amortiguador de aceite de la suspensi\u00f3n delantera de:<br \/>\nFIAT Panda I Hatchback (141)<br \/>\n1.0, A\u00f1o 01.1986 &#8211; 04.1992, 999 ccm, 44 cv<br \/>\n1.0, A\u00f1o 01.1985 &#8211; 12.1992, 999 ccm, 50 cv<br \/>\n1000 i.e. Cat, A\u00f1o 10.1987 &#8211; 08.1998, 999 ccm, 45 cv<br \/>\n1.1, A\u00f1o 05.1991 &#8211; 12.1999, 1108 ccm, 50 cv<br \/>\n1.1, A\u00f1o 02.1995 &#8211; 09.2003, 1108 ccm, 54 cv<br \/>\n1.3 D, A\u00f1o 04.1986 &#8211; 12.1992, 1302 ccm, 37 cv<br \/>\n0.65 , A\u00f1o 01.1982 &#8211; 07.2004, 652 ccm, 30 cv<br \/>\n750, A\u00f1o 01.1986 &#8211; 10.2003, 770 ccm, 34 cv<br \/>\n800, A\u00f1o 02.1981 &#8211; 12.1985, 843 ccm, 34 cv<br \/>\n0.9, A\u00f1o 04.1992 &#8211; 12.1996, 899 ccm, 40 cv<br \/>\n0.9, A\u00f1o 10.1980 &#8211; 06.1994, 903 ccm, 45 cv<br \/>\n1.0, A\u00f1o 09.1982 &#8211; 08.1983, 965 ccm, 48 cv<\/p>\n<p>SEAT Terra (24)<br \/>\n0.9, A\u00f1o 02.1987 &#8211; 12.1996, 903 ccm, 40 cv<br \/>\nSEAT Marbella (028A)<br \/>\n0.8, A\u00f1o 01.1987 &#8211; 12.1993, 843 ccm, 34 cv<br \/>\n0.9, A\u00f1o 01.1987 &#8211; 12.1993, 903 ccm, 40 cv<br \/>\n0.9 Cat, A\u00f1o 01.1987 &#8211; 12.1993, 903 ccm, 40 cv<br \/>\nSEAT Panda (141A)<br \/>\n0.9, A\u00f1o 10.1980 &#8211; 12.1986, 903 ccm, 42 cv<\/p>\n<p>LA PIEZA ES NUEVA CECAUTO.<\/p>\n","protected":false},"excerpt":{"rendered":"<p>71736467 Amortiguador de aceite de la suspensi\u00f3n delantera de: FIAT Panda I Hatchback (141) 1.0, A\u00f1o 01.1986 &#8211; 04.1992, 999 ccm, 44 cv 1.0, A\u00f1o 01.1985 &#8211; 12.1992, 999 ccm, 50 cv 1000 i.e. Cat, A\u00f1o 10.1987 &#8211; 08.1998, 999 ccm, 45 cv 1.1, A\u00f1o 05.1991 &#8211; 12.1999, 1108 ccm, 50 cv 1.1, A\u00f1o 02.1995 [&hellip;]<\/p>\n","protected":false},"featured_media":79057,"template":"","meta":{"_seopress_robots_primary_cat":"","_seopress_titles_title":"","_seopress_titles_desc":"","_seopress_robots_index":""},"product_cat":[20,207,237,99,26,233],"product_tag":[],"class_list":{"0":"post-79052","1":"product","2":"type-product","3":"status-publish","4":"has-post-thumbnail","6":"product_cat-recambios-fiat","7":"product_cat-recambios-seat-marbella","8":"product_cat-recambios-seat-panda","9":"product_cat-recambios-fiat-panda","10":"product_cat-recambios-seat","11":"product_cat-recambios-seat-terra","13":"first","14":"outofstock","15":"taxable","16":"shipping-taxable","17":"purchasable","18":"product-type-simple"},"_links":{"self":[{"href":"https:\/\/galicianparts.com\/shop\/wp-json\/wp\/v2\/product\/79052"}],"collection":[{"href":"https:\/\/galicianparts.com\/shop\/wp-json\/wp\/v2\/product"}],"about":[{"href":"https:\/\/galicianparts.com\/shop\/wp-json\/wp\/v2\/types\/product"}],"wp:featuredmedia":[{"embeddable":true,"href":"https:\/\/galicianparts.com\/shop\/wp-json\/wp\/v2\/media\/79057"}],"wp:attachment":[{"href":"https:\/\/galicianparts.com\/shop\/wp-json\/wp\/v2\/media?parent=79052"}],"wp:term":[{"taxonomy":"product_cat","embeddable":true,"href":"https:\/\/galicianparts.com\/shop\/wp-json\/wp\/v2\/product_cat?post=79052"},{"taxonomy":"product_tag","embeddable":true,"href":"https:\/\/galicianparts.com\/shop\/wp-json\/wp\/v2\/product_tag?post=79052"}],"curies":[{"name":"wp","href":"https:\/\/api.w.org\/{rel}","templated":true}]}}