{"id":79059,"date":"2023-10-05T11:02:00","date_gmt":"2023-10-05T09:02:00","guid":{"rendered":"https:\/\/galicianparts.com\/shop\/producto\/91372142-palanca-marron-asiento-der-fiat-uno-1983-1989-nueva-original\/"},"modified":"2023-12-20T10:12:26","modified_gmt":"2023-12-20T08:12:26","slug":"91372142-palanca-marron-asiento-der-fiat-uno-1983-1989-nueva-original","status":"publish","type":"product","link":"https:\/\/galicianparts.com\/shop\/producto\/91372142-palanca-marron-asiento-der-fiat-uno-1983-1989-nueva-original\/","title":{"rendered":"91372142 Palanca marr\u00f3n asiento der. Fiat Uno (1983-1989) NUEVA ORIGINAL"},"content":{"rendered":"<p>Leva color marr\u00f3n de regulaci\u00f3n del asiento delantero derecho de:<br \/>\nFIAT &#8211; UNO PRIMERA SERIE<\/p>\n<p>LA PIEZA ES NUEVA Y ORIGINAL.<\/p>\n","protected":false},"excerpt":{"rendered":"<p>Leva color marr\u00f3n de regulaci\u00f3n del asiento delantero derecho de: FIAT &#8211; UNO PRIMERA SERIE LA PIEZA ES NUEVA Y ORIGINAL.<\/p>\n","protected":false},"featured_media":79060,"template":"","meta":{"_seopress_robots_primary_cat":"","_seopress_titles_title":"","_seopress_titles_desc":"","_seopress_robots_index":""},"product_cat":[20,114],"product_tag":[],"class_list":{"0":"post-79059","1":"product","2":"type-product","3":"status-publish","4":"has-post-thumbnail","6":"product_cat-recambios-fiat","7":"product_cat-recambios-fiat-uno","9":"first","10":"instock","11":"taxable","12":"shipping-taxable","13":"purchasable","14":"product-type-simple"},"_links":{"self":[{"href":"https:\/\/galicianparts.com\/shop\/wp-json\/wp\/v2\/product\/79059"}],"collection":[{"href":"https:\/\/galicianparts.com\/shop\/wp-json\/wp\/v2\/product"}],"about":[{"href":"https:\/\/galicianparts.com\/shop\/wp-json\/wp\/v2\/types\/product"}],"wp:featuredmedia":[{"embeddable":true,"href":"https:\/\/galicianparts.com\/shop\/wp-json\/wp\/v2\/media\/79060"}],"wp:attachment":[{"href":"https:\/\/galicianparts.com\/shop\/wp-json\/wp\/v2\/media?parent=79059"}],"wp:term":[{"taxonomy":"product_cat","embeddable":true,"href":"https:\/\/galicianparts.com\/shop\/wp-json\/wp\/v2\/product_cat?post=79059"},{"taxonomy":"product_tag","embeddable":true,"href":"https:\/\/galicianparts.com\/shop\/wp-json\/wp\/v2\/product_tag?post=79059"}],"curies":[{"name":"wp","href":"https:\/\/api.w.org\/{rel}","templated":true}]}}