{"id":7910,"date":"2020-11-09T19:26:44","date_gmt":"2020-11-09T17:26:44","guid":{"rendered":"https:\/\/galicianparts.com\/shop\/producto\/4218517-palanca-regulador-calefaccion-fiat-128-nueva-original\/"},"modified":"2020-11-09T19:33:13","modified_gmt":"2020-11-09T17:33:13","slug":"4218517-palanca-regulador-calefaccion-fiat-128-nueva-original","status":"publish","type":"product","link":"https:\/\/galicianparts.com\/shop\/producto\/4218517-palanca-regulador-calefaccion-fiat-128-nueva-original\/","title":{"rendered":"4218517 Palanca regulador calefacci\u00f3n Fiat 128 NUEVA ORIGINAL"},"content":{"rendered":"<p>Bot\u00f3n, tirador de control de calefacci\u00f3n de Fiat 128.<br \/>\nLA PIEZA ES NUEVA Y ORIGINAL.<\/p>\n","protected":false},"excerpt":{"rendered":"<p>Bot\u00f3n, tirador de control de calefacci\u00f3n de Fiat 128. LA PIEZA ES NUEVA Y ORIGINAL.<\/p>\n","protected":false},"featured_media":7911,"template":"","meta":{"_seopress_robots_primary_cat":"","_seopress_titles_title":"","_seopress_titles_desc":"","_seopress_robots_index":""},"product_cat":[69,20],"product_tag":[],"class_list":{"0":"post-7910","1":"product","2":"type-product","3":"status-publish","4":"has-post-thumbnail","6":"product_cat-recambios-fiat-128","7":"product_cat-recambios-fiat","9":"first","10":"instock","11":"taxable","12":"shipping-taxable","13":"purchasable","14":"product-type-simple"},"_links":{"self":[{"href":"https:\/\/galicianparts.com\/shop\/wp-json\/wp\/v2\/product\/7910"}],"collection":[{"href":"https:\/\/galicianparts.com\/shop\/wp-json\/wp\/v2\/product"}],"about":[{"href":"https:\/\/galicianparts.com\/shop\/wp-json\/wp\/v2\/types\/product"}],"wp:featuredmedia":[{"embeddable":true,"href":"https:\/\/galicianparts.com\/shop\/wp-json\/wp\/v2\/media\/7911"}],"wp:attachment":[{"href":"https:\/\/galicianparts.com\/shop\/wp-json\/wp\/v2\/media?parent=7910"}],"wp:term":[{"taxonomy":"product_cat","embeddable":true,"href":"https:\/\/galicianparts.com\/shop\/wp-json\/wp\/v2\/product_cat?post=7910"},{"taxonomy":"product_tag","embeddable":true,"href":"https:\/\/galicianparts.com\/shop\/wp-json\/wp\/v2\/product_tag?post=7910"}],"curies":[{"name":"wp","href":"https:\/\/api.w.org\/{rel}","templated":true}]}}