{"id":7914,"date":"2020-11-09T19:39:38","date_gmt":"2020-11-09T17:39:38","guid":{"rendered":"https:\/\/galicianparts.com\/shop\/producto\/9938952-pinon-motor-arranque-fiat-panda-1986-1993\/"},"modified":"2022-04-25T10:47:38","modified_gmt":"2022-04-25T08:47:38","slug":"9938952-pinon-motor-arranque-fiat-panda-1986-1993","status":"publish","type":"product","link":"https:\/\/galicianparts.com\/shop\/producto\/9938952-pinon-motor-arranque-fiat-panda-1986-1993\/","title":{"rendered":"9938952 Pi\u00f1\u00f3n motor arranque Fiat Panda (1986-1993) NUEVO ORIGINAL"},"content":{"rendered":"<p>Pi\u00f1\u00f3n motor arranque, kit horquilla de:<br \/>\nFIAT &#8211; 2P PANDA DS (1986-1993)<\/p>\n<p>LA PIEZA ES NUEVA Y ORIGINAL.<\/p>\n","protected":false},"excerpt":{"rendered":"<p>Pi\u00f1\u00f3n motor arranque, kit horquilla de: FIAT &#8211; 2P PANDA DS (1986-1993) LA PIEZA ES NUEVA Y ORIGINAL.<\/p>\n","protected":false},"featured_media":7915,"template":"","meta":{"_seopress_robots_primary_cat":"","_seopress_titles_title":"","_seopress_titles_desc":"","_seopress_robots_index":""},"product_cat":[20,99],"product_tag":[],"class_list":{"0":"post-7914","1":"product","2":"type-product","3":"status-publish","4":"has-post-thumbnail","6":"product_cat-recambios-fiat","7":"product_cat-recambios-fiat-panda","9":"first","10":"instock","11":"taxable","12":"shipping-taxable","13":"purchasable","14":"product-type-simple"},"_links":{"self":[{"href":"https:\/\/galicianparts.com\/shop\/wp-json\/wp\/v2\/product\/7914"}],"collection":[{"href":"https:\/\/galicianparts.com\/shop\/wp-json\/wp\/v2\/product"}],"about":[{"href":"https:\/\/galicianparts.com\/shop\/wp-json\/wp\/v2\/types\/product"}],"wp:featuredmedia":[{"embeddable":true,"href":"https:\/\/galicianparts.com\/shop\/wp-json\/wp\/v2\/media\/7915"}],"wp:attachment":[{"href":"https:\/\/galicianparts.com\/shop\/wp-json\/wp\/v2\/media?parent=7914"}],"wp:term":[{"taxonomy":"product_cat","embeddable":true,"href":"https:\/\/galicianparts.com\/shop\/wp-json\/wp\/v2\/product_cat?post=7914"},{"taxonomy":"product_tag","embeddable":true,"href":"https:\/\/galicianparts.com\/shop\/wp-json\/wp\/v2\/product_tag?post=7914"}],"curies":[{"name":"wp","href":"https:\/\/api.w.org\/{rel}","templated":true}]}}