{"id":79188,"date":"2023-10-10T09:35:56","date_gmt":"2023-10-10T07:35:56","guid":{"rendered":"https:\/\/galicianparts.com\/shop\/producto\/95515173-cerradura-puerta-trasera-izq-lancia-delta-evo-integrale-nuevo-original\/"},"modified":"2023-11-27T19:26:49","modified_gmt":"2023-11-27T17:26:49","slug":"95515173-cerradura-puerta-trasera-izq-lancia-delta-evo-integrale-nuevo-original","status":"publish","type":"product","link":"https:\/\/galicianparts.com\/shop\/producto\/95515173-cerradura-puerta-trasera-izq-lancia-delta-evo-integrale-nuevo-original\/","title":{"rendered":"95515173 Cerradura puerta trasera izq Lancia Delta Evo \/Integrale NUEVO ORIGINAL"},"content":{"rendered":"<p>Cerradura el\u00e9ctrica de la puerta posterior izquierda de:<br \/>\nLANCIA &#8211; RT DELTA 4WD (1986-1991) BLOCAPUERTAS EL\u00c9CTRICO<br \/>\nLANCIA &#8211; SA DELTA EVOLUZIONE (1991-1994) BLOCAPUERTAS EL\u00c9CTRICO<br \/>\nLANCIA &#8211; TB DELTA R.86 BZ\/DS (1986-1992)<\/p>\n<p>LA PIEZA ES NUEVA Y ORIGINAL.<\/p>\n","protected":false},"excerpt":{"rendered":"<p>Cerradura el\u00e9ctrica de la puerta posterior izquierda de: LANCIA &#8211; RT DELTA 4WD (1986-1991) BLOCAPUERTAS EL\u00c9CTRICO LANCIA &#8211; SA DELTA EVOLUZIONE (1991-1994) BLOCAPUERTAS EL\u00c9CTRICO LANCIA &#8211; TB DELTA R.86 BZ\/DS (1986-1992) LA PIEZA ES NUEVA Y ORIGINAL.<\/p>\n","protected":false},"featured_media":79191,"template":"","meta":{"_seopress_robots_primary_cat":"","_seopress_titles_title":"","_seopress_titles_desc":"","_seopress_robots_index":""},"product_cat":[118,21],"product_tag":[],"class_list":{"0":"post-79188","1":"product","2":"type-product","3":"status-publish","4":"has-post-thumbnail","6":"product_cat-recambios-lancia-delta","7":"product_cat-recambios-lancia","9":"first","10":"outofstock","11":"taxable","12":"shipping-taxable","13":"purchasable","14":"product-type-simple"},"_links":{"self":[{"href":"https:\/\/galicianparts.com\/shop\/wp-json\/wp\/v2\/product\/79188"}],"collection":[{"href":"https:\/\/galicianparts.com\/shop\/wp-json\/wp\/v2\/product"}],"about":[{"href":"https:\/\/galicianparts.com\/shop\/wp-json\/wp\/v2\/types\/product"}],"wp:featuredmedia":[{"embeddable":true,"href":"https:\/\/galicianparts.com\/shop\/wp-json\/wp\/v2\/media\/79191"}],"wp:attachment":[{"href":"https:\/\/galicianparts.com\/shop\/wp-json\/wp\/v2\/media?parent=79188"}],"wp:term":[{"taxonomy":"product_cat","embeddable":true,"href":"https:\/\/galicianparts.com\/shop\/wp-json\/wp\/v2\/product_cat?post=79188"},{"taxonomy":"product_tag","embeddable":true,"href":"https:\/\/galicianparts.com\/shop\/wp-json\/wp\/v2\/product_tag?post=79188"}],"curies":[{"name":"wp","href":"https:\/\/api.w.org\/{rel}","templated":true}]}}