{"id":79272,"date":"2023-10-11T13:08:15","date_gmt":"2023-10-11T11:08:15","guid":{"rendered":"https:\/\/galicianparts.com\/shop\/producto\/77362544-bomba-servofreno-fiat-palio-siena-strada-nuevo-original\/"},"modified":"2023-10-11T13:12:33","modified_gmt":"2023-10-11T11:12:33","slug":"77362544-bomba-servofreno-fiat-palio-siena-strada-nuevo-original","status":"publish","type":"product","link":"https:\/\/galicianparts.com\/shop\/producto\/77362544-bomba-servofreno-fiat-palio-siena-strada-nuevo-original\/","title":{"rendered":"77362544 Bomba servofreno Fiat Palio \/Siena \/Strada NUEVO ORIGINAL"},"content":{"rendered":"<p>Cilindro maestro de:<br \/>\nM\u00e9trica rosca: 10&#215;1<br \/>\nDi\u00e1metro pist\u00f3n: 22,2 mm<\/p>\n<p>FIAT &#8211; 2H PALIO 2V EXTRA EUROPA REST. 2002 (2002-2011) 1250\u00a0MJTD\u00a070CV\/51KW \/ (SL (TR) \/ EL (TR) \/ HL (TR) \/ VAN (TR))<br \/>\nFIAT &#8211; 2H PALIO 2V EXTRA EUROPA REST. 2002 (2002-2011) 1400\u00a08V\u00a080CV\/59KW \/ SL (TR) \/ EL (TR) \/ EL\u00a0SPEEDGEAR\u00a0(TR) \/ HL (TR) \/ VAN (TR)<br \/>\nFIAT &#8211; 2H PALIO 2V EXTRA EUROPA REST. 2002 (2002-2011) EL\u00a0SPEEDGEAR\u00a0(TR)<br \/>\nFIAT &#8211; 2H PALIO 2V EXTRA EUROPA REST. 2002 (2002-2011) SL (TR) \/ 1242\u00a016V\u00a0CF3 \/ (EL (TR) \/ HL (TR) \/ VAN (TR))<br \/>\nFIAT &#8211; 2G PALIO WE EUROPA REST. (2002-2004) 1242 MPI 8V CF3 \/ 1242\u00a016V\u00a0CF3 \/ 1596 16V CF3<br \/>\nFIAT &#8211; 2G PALIO WE EUROPA REST. (2002-2004) 1910 DS CF3 \/ 1910 JTD CF3<br \/>\nFIAT &#8211; 2K PALIO WE EXTRA EUROPA REST. 2002 (2002-2008) 1242 MPI 8V CF3 \/ 1242\u00a016V\u00a0CF3 \/ 1596 16V CF3 \/ 1910 JTD CF3<br \/>\nFIAT &#8211; 3F PALIO WEEKEND REST.2 (2005-2009)<br \/>\nFIAT &#8211; 2L SIENA EXTRA EUROPA REST. (2002-2012) EL (PL) \/ HL (PL) \/ SL (TR) \/ EL (TR) \/ HL (TR)<br \/>\nFIAT &#8211; 2L SIENA EXTRA EUROPA REST. (2002-2012) MAXI EL (VN)<\/p>\n<p>LA PIEZA ES NUEVA Y ORIGINAL.<\/p>\n","protected":false},"excerpt":{"rendered":"<p>Cilindro maestro de: M\u00e9trica rosca: 10&#215;1 Di\u00e1metro pist\u00f3n: 22,2 mm FIAT &#8211; 2H PALIO 2V EXTRA EUROPA REST. 2002 (2002-2011) 1250\u00a0MJTD\u00a070CV\/51KW \/ (SL (TR) \/ EL (TR) \/ HL (TR) \/ VAN (TR)) FIAT &#8211; 2H PALIO 2V EXTRA EUROPA REST. 2002 (2002-2011) 1400\u00a08V\u00a080CV\/59KW \/ SL (TR) \/ EL (TR) \/ EL\u00a0SPEEDGEAR\u00a0(TR) \/ HL (TR) [&hellip;]<\/p>\n","protected":false},"featured_media":79273,"template":"","meta":{"_seopress_robots_primary_cat":"","_seopress_titles_title":"","_seopress_titles_desc":"","_seopress_robots_index":""},"product_cat":[20,98,107,109],"product_tag":[],"class_list":{"0":"post-79272","1":"product","2":"type-product","3":"status-publish","4":"has-post-thumbnail","6":"product_cat-recambios-fiat","7":"product_cat-recambios-fiat-palio","8":"product_cat-recambios-fiat-siena","9":"product_cat-recambios-fiat-strada","11":"first","12":"instock","13":"taxable","14":"shipping-taxable","15":"purchasable","16":"product-type-simple"},"_links":{"self":[{"href":"https:\/\/galicianparts.com\/shop\/wp-json\/wp\/v2\/product\/79272"}],"collection":[{"href":"https:\/\/galicianparts.com\/shop\/wp-json\/wp\/v2\/product"}],"about":[{"href":"https:\/\/galicianparts.com\/shop\/wp-json\/wp\/v2\/types\/product"}],"wp:featuredmedia":[{"embeddable":true,"href":"https:\/\/galicianparts.com\/shop\/wp-json\/wp\/v2\/media\/79273"}],"wp:attachment":[{"href":"https:\/\/galicianparts.com\/shop\/wp-json\/wp\/v2\/media?parent=79272"}],"wp:term":[{"taxonomy":"product_cat","embeddable":true,"href":"https:\/\/galicianparts.com\/shop\/wp-json\/wp\/v2\/product_cat?post=79272"},{"taxonomy":"product_tag","embeddable":true,"href":"https:\/\/galicianparts.com\/shop\/wp-json\/wp\/v2\/product_tag?post=79272"}],"curies":[{"name":"wp","href":"https:\/\/api.w.org\/{rel}","templated":true}]}}