{"id":79385,"date":"2023-10-17T11:11:23","date_gmt":"2023-10-17T09:11:23","guid":{"rendered":"https:\/\/galicianparts.com\/shop\/producto\/5892118-salida-tubo-escape-d-45mm-fiat-lancia-alfa-seat-nueva-original\/"},"modified":"2024-04-15T11:01:36","modified_gmt":"2024-04-15T09:01:36","slug":"5892118-salida-tubo-escape-d-45mm-fiat-lancia-alfa-seat-nueva-original","status":"publish","type":"product","link":"https:\/\/galicianparts.com\/shop\/producto\/5892118-salida-tubo-escape-d-45mm-fiat-lancia-alfa-seat-nueva-original\/","title":{"rendered":"5892118 Salida tubo escape D 45mm Fiat \/Lancia \/Alfa \/Seat NUEVA ORIGINAL"},"content":{"rendered":"<p>Embellecedor del tubo de escape de:<br \/>\nDi\u00e1metro interior acople: 45 mm<br \/>\nDi\u00e1metro interior: 41 mm<br \/>\nDi\u00e1metro exterior: 45 mm<\/p>\n<p>FIAT<br \/>\nLANCIA<br \/>\nALFA ROMEO<br \/>\nSEAT CL\u00c1SICO<\/p>\n<p>LA PIEZA ES NUEVA Y ORIGINAL.<\/p>\n","protected":false},"excerpt":{"rendered":"<p>Embellecedor del tubo de escape de: Di\u00e1metro interior acople: 45 mm Di\u00e1metro interior: 41 mm Di\u00e1metro exterior: 45 mm FIAT LANCIA ALFA ROMEO SEAT CL\u00c1SICO LA PIEZA ES NUEVA Y ORIGINAL.<\/p>\n","protected":false},"featured_media":79389,"template":"","meta":{"_seopress_robots_primary_cat":"","_seopress_titles_title":"","_seopress_titles_desc":"","_seopress_robots_index":""},"product_cat":[16,20,21,26],"product_tag":[],"class_list":{"0":"post-79385","1":"product","2":"type-product","3":"status-publish","4":"has-post-thumbnail","6":"product_cat-recambios-alfa-romeo","7":"product_cat-recambios-fiat","8":"product_cat-recambios-lancia","9":"product_cat-recambios-seat","11":"first","12":"instock","13":"taxable","14":"shipping-taxable","15":"purchasable","16":"product-type-simple"},"_links":{"self":[{"href":"https:\/\/galicianparts.com\/shop\/wp-json\/wp\/v2\/product\/79385"}],"collection":[{"href":"https:\/\/galicianparts.com\/shop\/wp-json\/wp\/v2\/product"}],"about":[{"href":"https:\/\/galicianparts.com\/shop\/wp-json\/wp\/v2\/types\/product"}],"wp:featuredmedia":[{"embeddable":true,"href":"https:\/\/galicianparts.com\/shop\/wp-json\/wp\/v2\/media\/79389"}],"wp:attachment":[{"href":"https:\/\/galicianparts.com\/shop\/wp-json\/wp\/v2\/media?parent=79385"}],"wp:term":[{"taxonomy":"product_cat","embeddable":true,"href":"https:\/\/galicianparts.com\/shop\/wp-json\/wp\/v2\/product_cat?post=79385"},{"taxonomy":"product_tag","embeddable":true,"href":"https:\/\/galicianparts.com\/shop\/wp-json\/wp\/v2\/product_tag?post=79385"}],"curies":[{"name":"wp","href":"https:\/\/api.w.org\/{rel}","templated":true}]}}