{"id":7939,"date":"2020-11-09T20:25:55","date_gmt":"2020-11-09T18:25:55","guid":{"rendered":"https:\/\/galicianparts.com\/shop\/producto\/7658231-clip-sujecion-cables-fiat-uno-turbo-1989-1995-nuevo-original\/"},"modified":"2023-09-04T17:45:46","modified_gmt":"2023-09-04T15:45:46","slug":"7658231-clip-sujecion-cables-fiat-uno-turbo-1989-1995-nuevo-original","status":"publish","type":"product","link":"https:\/\/galicianparts.com\/shop\/producto\/7658231-clip-sujecion-cables-fiat-uno-turbo-1989-1995-nuevo-original\/","title":{"rendered":"7658231 Clip sujeci\u00f3n cables Fiat Uno Turbo (1989 &#8211; 1995) NUEVO ORIGINAL"},"content":{"rendered":"<p>Clup de sujeci\u00f3n de cables en el vano motor (di\u00e1metro 16mm) de:<\/p>\n<p>FIAT &#8211; MU UNO DIESEL R\/89 (1989-1995)<br \/>\nFIAT &#8211; MT UNO TURBO R\/89 (1989-1993)<\/p>\n<p> LA PIEZA ES NUEVA Y ORIGINAL.<\/p>\n","protected":false},"excerpt":{"rendered":"<p>Clup de sujeci\u00f3n de cables en el vano motor (di\u00e1metro 16mm) de: FIAT &#8211; MU UNO DIESEL R\/89 (1989-1995) FIAT &#8211; MT UNO TURBO R\/89 (1989-1993) LA PIEZA ES NUEVA Y ORIGINAL.<\/p>\n","protected":false},"featured_media":7947,"template":"","meta":{"_seopress_robots_primary_cat":"","_seopress_titles_title":"","_seopress_titles_desc":"","_seopress_robots_index":""},"product_cat":[20,114],"product_tag":[],"class_list":{"0":"post-7939","1":"product","2":"type-product","3":"status-publish","4":"has-post-thumbnail","6":"product_cat-recambios-fiat","7":"product_cat-recambios-fiat-uno","9":"first","10":"instock","11":"taxable","12":"shipping-taxable","13":"purchasable","14":"product-type-simple"},"_links":{"self":[{"href":"https:\/\/galicianparts.com\/shop\/wp-json\/wp\/v2\/product\/7939"}],"collection":[{"href":"https:\/\/galicianparts.com\/shop\/wp-json\/wp\/v2\/product"}],"about":[{"href":"https:\/\/galicianparts.com\/shop\/wp-json\/wp\/v2\/types\/product"}],"wp:featuredmedia":[{"embeddable":true,"href":"https:\/\/galicianparts.com\/shop\/wp-json\/wp\/v2\/media\/7947"}],"wp:attachment":[{"href":"https:\/\/galicianparts.com\/shop\/wp-json\/wp\/v2\/media?parent=7939"}],"wp:term":[{"taxonomy":"product_cat","embeddable":true,"href":"https:\/\/galicianparts.com\/shop\/wp-json\/wp\/v2\/product_cat?post=7939"},{"taxonomy":"product_tag","embeddable":true,"href":"https:\/\/galicianparts.com\/shop\/wp-json\/wp\/v2\/product_tag?post=7939"}],"curies":[{"name":"wp","href":"https:\/\/api.w.org\/{rel}","templated":true}]}}