{"id":79486,"date":"2023-10-19T11:06:00","date_gmt":"2023-10-19T09:06:00","guid":{"rendered":"https:\/\/galicianparts.com\/shop\/producto\/ft-5018a-filtro-aceite-m-2-5-2-8-d-td-fiat-ducato-82-02-croma-lancia-citroen-peugeot-fiaam\/"},"modified":"2024-09-09T19:43:49","modified_gmt":"2024-09-09T17:43:49","slug":"ft-5018a-filtro-aceite-m-2-5-2-8-d-td-fiat-ducato-82-02-croma-lancia-citroen-peugeot-fiaam","status":"publish","type":"product","link":"https:\/\/galicianparts.com\/shop\/producto\/ft-5018a-filtro-aceite-m-2-5-2-8-d-td-fiat-ducato-82-02-croma-lancia-citroen-peugeot-fiaam\/","title":{"rendered":"FT 5018A Filtro aceite M 2.5-2.8 D\/TD Fiat Ducato (82-02) Croma \/Lancia \/Citro\u00ebn \/Peugeot FIAAM"},"content":{"rendered":"<p>1907580 \/ 1907582 Filtro de aceite FIAAM FT 5018A del motor de:<br \/>\nM\u00e9trica: 18<br \/>\nDi\u00e1metro: 107 mm<br \/>\nAltura: 143 mm<\/p>\n<p>FIAT Croma I Hatchback (154)<br \/>\n2.5 D, A\u00f1o 12.1985 &#8211; 12.1989, 2499 ccm, 75 cv<br \/>\n2.5 TD, A\u00f1o 12.1985 &#8211; 08.1989, 2445 ccm, 101 cv<br \/>\n2.5 TD, A\u00f1o 05.1989 &#8211; 08.1996, 2500 ccm, 115 cv<br \/>\n2.5 TDE, A\u00f1o 12.1991 &#8211; 08.1996, 2500 ccm, 105 cv<br \/>\nFIAT Ducato II (230L)<br \/>\n2.5 D, A\u00f1o 03.1994 &#8211; 04.2002, 2500 ccm, 84 cv<br \/>\n2.5 D 4&#215;4, A\u00f1o 03.1994 &#8211; 04.2002, 2500 ccm, 84 cv<br \/>\n2.5 TD, A\u00f1o 06.1994 &#8211; 08.1998, 2499 ccm, 109 cv<br \/>\n2.5 TD 4&#215;4, A\u00f1o 11.1994 &#8211; 04.1998, 2499 ccm, 109 cv<br \/>\n2.5 TD 4&#215;4, A\u00f1o 11.1994 &#8211; 04.1998, 2499 ccm, 116 cv<br \/>\n2.5 TDI, A\u00f1o 03.1994 &#8211; 04.2002, 2500 ccm, 109 cv<br \/>\n2.5 TDI, A\u00f1o 03.1994 &#8211; 04.2002, 2500 ccm, 116 cv<br \/>\n2.5 TDI 4&#215;4, A\u00f1o 05.1998 &#8211; 04.2002, 2500 ccm, 116 cv<br \/>\n2.8 D, A\u00f1o 05.1998 &#8211; 04.2002, 2800 ccm, 87 cv<br \/>\n2.8 D 4&#215;4, A\u00f1o 08.1998 &#8211; 04.2002, 2800 ccm, 87 cv<br \/>\n2.8 JTD, A\u00f1o 11.2000 &#8211; 04.2002, 2798 ccm, 128 cv<br \/>\n2.8 JTD 4&#215;4, A\u00f1o 11.2000 &#8211; 04.2002, 2798 ccm, 128 cv<br \/>\n2.8 TD 4&#215;4, A\u00f1o 05.1998 &#8211; 09.2001, 2799 ccm, 122 cv<br \/>\n2.8 TDI, A\u00f1o 10.1997 &#8211; 04.2002, 2800 ccm, 122 cv<br \/>\n2.8 TDI 4&#215;4, A\u00f1o 06.1999 &#8211; 04.2002, 2800 ccm, 122 cv<br \/>\nFIAT Ducato I (290)<br \/>\n2.5 D, A\u00f1o 07.1990 &#8211; 03.1994, 2500 ccm, 75 cv<br \/>\n2.5 D 4&#215;4, A\u00f1o 07.1990 &#8211; 03.1994, 2500 ccm, 75 cv<br \/>\n2.5 TD, A\u00f1o 06.1990 &#8211; 05.1994, 2499 ccm, 95 cv<br \/>\n2.5 TD 4&#215;4, A\u00f1o 01.1991 &#8211; 03.1994, 2500 ccm, 95 cv<br \/>\n2.5 TD 4&#215;4, A\u00f1o 06.1990 &#8211; 05.1994, 2499 ccm, 95 cv<br \/>\nFIAT Ducato I (280)<br \/>\n2.4 D, A\u00f1o 01.1982 &#8211; 08.1990, 2428 ccm, 72 cv<br \/>\n2.5 D, A\u00f1o 01.1982 &#8211; 08.1990, 2500 ccm, 75 cv<br \/>\n2.5 D 4&#215;4, A\u00f1o 09.1986 &#8211; 10.1987, 2445 ccm, 72 cv<br \/>\n2.5 D 4&#215;4, A\u00f1o 03.1989 &#8211; 08.1990, 2500 ccm, 75 cv<br \/>\n2.5 D 4&#215;4, A\u00f1o 09.1986 &#8211; 05.1990, 2445 ccm, 75 cv<br \/>\n2.5 TD 4&#215;4, A\u00f1o 09.1986 &#8211; 09.1990, 2445 ccm, 92 cv<br \/>\nFIAT Ducato I Cami\u00f3n de plataforma\/Chasis (280)<br \/>\n2.5 D, A\u00f1o 07.1982 &#8211; 08.1990, 2500 ccm, 75 cv<br \/>\n2.5 D 4&#215;4, A\u00f1o 03.1989 &#8211; 08.1990, 2500 ccm, 75 cv<br \/>\n2.5 TD (8144.21), A\u00f1o 01.1986 &#8211; 08.1990, 2445 ccm, 92 cv<br \/>\nFIAT Ducato II Bus (244)<br \/>\n2.8 JTD, A\u00f1o 12.2001 &#8211; &#8230;, 2798 ccm, 128 cv<br \/>\n2.8 JTD, A\u00f1o 04.2004 &#8211; 07.2006, 2800 ccm, 145 cv<br \/>\n2.8 JTD 4&#215;4, A\u00f1o 12.2001 &#8211; 07.2006, 2798 ccm, 128 cv<br \/>\n2.8 TD, A\u00f1o 11.2003 &#8211; 07.2006, 2799 ccm, 122 cv<br \/>\n2.8 TD 4&#215;4, A\u00f1o 11.2003 &#8211; 07.2006, 2799 ccm, 122 cv<br \/>\nFIAT Ducato II Furg\u00f3n (244)<br \/>\n2.8 JTD, A\u00f1o 12.2001 &#8211; 12.2011, 2798 ccm, 128 cv<br \/>\n2.8 JTD 4&#215;4, A\u00f1o 12.2001 &#8211; 07.2006, 2798 ccm, 128 cv<br \/>\n2.8 JTD Power, A\u00f1o 04.2004 &#8211; 07.2006, 2800 ccm, 146 cv<br \/>\n2.8 TD, A\u00f1o 12.2001 &#8211; 07.2006, 2799 ccm, 122 cv<br \/>\nFIAT Ducato II Cami\u00f3n de plataforma\/Chasis (244)<br \/>\n2.8 JTD, A\u00f1o 11.2003 &#8211; 07.2006, 2799 ccm, 122 cv<br \/>\n2.8 JTD, A\u00f1o 12.2001 &#8211; 07.2006, 2798 ccm, 128 cv<br \/>\n2.8 JTD 4&#215;4, A\u00f1o 11.2003 &#8211; 07.2006, 2799 ccm, 122 cv<br \/>\n2.8 JTD 4&#215;4, A\u00f1o 12.2001 &#8211; 07.2006, 2798 ccm, 128 cv<br \/>\n2.8 JTD Power, A\u00f1o 04.2004 &#8211; 07.2006, 2800 ccm, 146 cv<br \/>\nFIAT Argenta 2.5 TD<\/p>\n<p>ALFA ROMEO AR6 Furg\u00f3n (280)<br \/>\n2.4 D (280), A\u00f1o 04.1985 &#8211; 02.1986, 2445 ccm, 72 cv<br \/>\n2.4 TD (280), A\u00f1o 09.1986 &#8211; 12.1989, 2445 ccm, 92 cv<br \/>\n2.5 D (280), A\u00f1o 03.1986 &#8211; 12.1989, 2499 ccm, 75 cv<br \/>\nALFA ROMEO AR8 Cami\u00f3n de plataforma\/Chasis (280)<br \/>\n2.4 D (280), A\u00f1o 04.1978 &#8211; 08.1986, 2445 ccm, 72 cv<br \/>\n2.4 TD (280), A\u00f1o 04.1985 &#8211; 12.1988, 2445 ccm, 92 cv<br \/>\n2.5 D (280), A\u00f1o 09.1986 &#8211; 12.1989, 2499 ccm, 75 cv<\/p>\n<p>CITRO\u00cbN Jumper I (230)<br \/>\n2.8 D, A\u00f1o 01.1999 &#8211; 02.2002, 2798 ccm, 87 cv<br \/>\n2.8 HDi, A\u00f1o 09.2000 &#8211; 04.2002, 2798 ccm, 128 cv<br \/>\n2.8 HDi 4&#215;4, A\u00f1o 09.2000 &#8211; 04.2002, 2798 ccm, 128 cv<\/p>\n<p>LANCIA Thema (834)<br \/>\n2.4 2500 Turbo D, A\u00f1o 11.1984 &#8211; 09.1988, 2445 ccm, 101 cv<br \/>\n2.5 Turbo DS, A\u00f1o 06.1988 &#8211; 05.1992, 2499 ccm, 115 cv<br \/>\n2.5 Turbo DS, A\u00f1o 05.1988 &#8211; 07.1992, 2500 ccm, 105 cv<br \/>\n2.5 Turbo DS, A\u00f1o 05.1992 &#8211; 07.1994, 2500 ccm, 116 cv<\/p>\n<p>PEUGEOT Boxer (230)<br \/>\n2.8 D, A\u00f1o 01.1999 &#8211; 02.2002, 2798 ccm, 87 cv<br \/>\n2.8 DTiC, A\u00f1o 10.1997 &#8211; 09.2000, 2798 ccm, 122 cv<br \/>\n2.8 HDi, A\u00f1o 10.2000 &#8211; 11.2001, 2798 ccm, 126 cv<br \/>\n2.8 HDI, A\u00f1o 11.2000 &#8211; 04.2002, 2798 ccm, 128 cv<br \/>\n2.8 HDi 4&#215;4, A\u00f1o 10.2000 &#8211; 04.2002, 2798 ccm, 128 cv<br \/>\n2.8 HDi A las 4 ruedas, A\u00f1o 10.2000 &#8211; 11.2001, 2798 ccm, 126 cv<br \/>\nPEUGEOT Boxer Bus (244)<br \/>\n2.8 HDi, A\u00f1o 03.2002 &#8211; 08.2005, 2798 ccm, 122 cv<br \/>\n2.8 HDi, A\u00f1o 12.2001 &#8211; 06.2006, 2798 ccm, 128 cv<br \/>\n2.8 HDi, A\u00f1o 04.2004 &#8211; &#8230;, 2798 ccm, 145 cv<br \/>\n2.8 HDi 4&#215;4, A\u00f1o 12.2001 &#8211; 06.2006, 2798 ccm, 128 cv<br \/>\nPEUGEOT Boxer (244)<br \/>\n2.8 HDi, A\u00f1o 03.2002 &#8211; 08.2005, 2798 ccm, 122 cv<br \/>\n2.8 HDi, A\u00f1o 09.2005 &#8211; 09.2009, 2798 ccm, 126 cv<br \/>\n2.8 HDi, A\u00f1o 12.2001 &#8211; 06.2006, 2798 ccm, 128 cv<br \/>\n2.8 HDi, A\u00f1o 04.2004 &#8211; &#8230;, 2798 ccm, 146 cv<br \/>\n2.8 HDi 4&#215;4, A\u00f1o 12.2001 &#8211; 06.2006, 2798 ccm, 128 cv<br \/>\nPEUGEOT Boxer Bus (250)<br \/>\n2.8 HDi, A\u00f1o 09.2005 &#8211; 09.2009, 2798 ccm, 127 cv<\/p>\n<p>LA PIEZA ES NUEVA FIAAM.<\/p>\n","protected":false},"excerpt":{"rendered":"<p>1907580 \/ 1907582 Filtro de aceite FIAAM FT 5018A del motor de: M\u00e9trica: 18 Di\u00e1metro: 107 mm Altura: 143 mm FIAT Croma I Hatchback (154) 2.5 D, A\u00f1o 12.1985 &#8211; 12.1989, 2499 ccm, 75 cv 2.5 TD, A\u00f1o 12.1985 &#8211; 08.1989, 2445 ccm, 101 cv 2.5 TD, A\u00f1o 05.1989 &#8211; 08.1996, 2500 ccm, 115 cv [&hellip;]<\/p>\n","protected":false},"featured_media":79492,"template":"","meta":{"_seopress_robots_primary_cat":"","_seopress_titles_title":"","_seopress_titles_desc":"","_seopress_robots_index":""},"product_cat":[16,184,185,79,155,23,86,88,20,137,21,24,124],"product_tag":[],"class_list":{"0":"post-79486","1":"product","2":"type-product","3":"status-publish","4":"has-post-thumbnail","6":"product_cat-recambios-alfa-romeo","7":"product_cat-recambios-alfa-romeo-ar6","8":"product_cat-recambios-alfa-romeo-ar8","9":"product_cat-recambios-fiat-argenta","10":"product_cat-recambios-peugeot-boxer","11":"product_cat-recambios-citroen","12":"product_cat-recambios-fiat-croma","13":"product_cat-recambios-fiat-ducato","14":"product_cat-recambios-fiat","15":"product_cat-recambios-citroen-jumper","16":"product_cat-recambios-lancia","17":"product_cat-recambios-peugeot","18":"product_cat-recambios-lancia-thema","20":"first","21":"outofstock","22":"taxable","23":"shipping-taxable","24":"purchasable","25":"product-type-simple"},"_links":{"self":[{"href":"https:\/\/galicianparts.com\/shop\/wp-json\/wp\/v2\/product\/79486"}],"collection":[{"href":"https:\/\/galicianparts.com\/shop\/wp-json\/wp\/v2\/product"}],"about":[{"href":"https:\/\/galicianparts.com\/shop\/wp-json\/wp\/v2\/types\/product"}],"wp:featuredmedia":[{"embeddable":true,"href":"https:\/\/galicianparts.com\/shop\/wp-json\/wp\/v2\/media\/79492"}],"wp:attachment":[{"href":"https:\/\/galicianparts.com\/shop\/wp-json\/wp\/v2\/media?parent=79486"}],"wp:term":[{"taxonomy":"product_cat","embeddable":true,"href":"https:\/\/galicianparts.com\/shop\/wp-json\/wp\/v2\/product_cat?post=79486"},{"taxonomy":"product_tag","embeddable":true,"href":"https:\/\/galicianparts.com\/shop\/wp-json\/wp\/v2\/product_tag?post=79486"}],"curies":[{"name":"wp","href":"https:\/\/api.w.org\/{rel}","templated":true}]}}