{"id":79511,"date":"2023-10-19T13:21:56","date_gmt":"2023-10-19T11:21:56","guid":{"rendered":"https:\/\/galicianparts.com\/shop\/producto\/pa-7103-filtro-aire-m-1-3d-fiat-uno-fiorino-fiaam-pa-7103\/"},"modified":"2023-10-19T13:24:37","modified_gmt":"2023-10-19T11:24:37","slug":"pa-7103-filtro-aire-m-1-3d-fiat-uno-fiorino-fiaam-pa-7103","status":"publish","type":"product","link":"https:\/\/galicianparts.com\/shop\/producto\/pa-7103-filtro-aire-m-1-3d-fiat-uno-fiorino-fiaam-pa-7103\/","title":{"rendered":"PA 7103 Filtro aire M 1.3D Fiat Uno \/Fiorino FIAAM PA 7103"},"content":{"rendered":"<p>7628911 Filtro de aire de:<br \/>\nLargo: 340 mm<br \/>\nAlto: 40 mm<br \/>\nAncho: 110 mm<\/p>\n<p>FIAT Fiorino II Furg\u00f3n (146)<br \/>\n70 1.3, A\u00f1o 01.1988 &#8211; 12.1994, 1301 ccm, 67 cv<br \/>\n70 i.e. 1.4, A\u00f1o 05.1994 &#8211; 05.2001, 1372 ccm, 67 cv<br \/>\nFIAT Uno Hatchback (146)<br \/>\n1.3 Super di\u00e9sel, A\u00f1o 06.1983 &#8211; 03.1992, 1302 ccm, 45 cv<\/p>\n<p>LA PIEZA ES NUEVA Y ORIGINAL.<\/p>\n","protected":false},"excerpt":{"rendered":"<p>7628911 Filtro de aire de: Largo: 340 mm Alto: 40 mm Ancho: 110 mm FIAT Fiorino II Furg\u00f3n (146) 70 1.3, A\u00f1o 01.1988 &#8211; 12.1994, 1301 ccm, 67 cv 70 i.e. 1.4, A\u00f1o 05.1994 &#8211; 05.2001, 1372 ccm, 67 cv FIAT Uno Hatchback (146) 1.3 Super di\u00e9sel, A\u00f1o 06.1983 &#8211; 03.1992, 1302 ccm, 45 cv [&hellip;]<\/p>\n","protected":false},"featured_media":79516,"template":"","meta":{"_seopress_robots_primary_cat":"","_seopress_titles_title":"","_seopress_titles_desc":"","_seopress_robots_index":""},"product_cat":[20,91,114],"product_tag":[],"class_list":{"0":"post-79511","1":"product","2":"type-product","3":"status-publish","4":"has-post-thumbnail","6":"product_cat-recambios-fiat","7":"product_cat-recambios-fiat-fiorino","8":"product_cat-recambios-fiat-uno","10":"first","11":"instock","12":"taxable","13":"shipping-taxable","14":"purchasable","15":"product-type-simple"},"_links":{"self":[{"href":"https:\/\/galicianparts.com\/shop\/wp-json\/wp\/v2\/product\/79511"}],"collection":[{"href":"https:\/\/galicianparts.com\/shop\/wp-json\/wp\/v2\/product"}],"about":[{"href":"https:\/\/galicianparts.com\/shop\/wp-json\/wp\/v2\/types\/product"}],"wp:featuredmedia":[{"embeddable":true,"href":"https:\/\/galicianparts.com\/shop\/wp-json\/wp\/v2\/media\/79516"}],"wp:attachment":[{"href":"https:\/\/galicianparts.com\/shop\/wp-json\/wp\/v2\/media?parent=79511"}],"wp:term":[{"taxonomy":"product_cat","embeddable":true,"href":"https:\/\/galicianparts.com\/shop\/wp-json\/wp\/v2\/product_cat?post=79511"},{"taxonomy":"product_tag","embeddable":true,"href":"https:\/\/galicianparts.com\/shop\/wp-json\/wp\/v2\/product_tag?post=79511"}],"curies":[{"name":"wp","href":"https:\/\/api.w.org\/{rel}","templated":true}]}}