{"id":79687,"date":"2023-10-27T10:16:52","date_gmt":"2023-10-27T08:16:52","guid":{"rendered":"https:\/\/galicianparts.com\/shop\/producto\/9944494-kit-reparacion-pinza-freno-d-48mm-lancia-delta-integrale-y10-fiat-alfa-original\/"},"modified":"2023-11-29T12:53:08","modified_gmt":"2023-11-29T10:53:08","slug":"9944494-kit-reparacion-pinza-freno-d-48mm-lancia-delta-integrale-y10-fiat-alfa-original","status":"publish","type":"product","link":"https:\/\/galicianparts.com\/shop\/producto\/9944494-kit-reparacion-pinza-freno-d-48mm-lancia-delta-integrale-y10-fiat-alfa-original\/","title":{"rendered":"9944494 Kit reparaci\u00f3n pinza freno D 48mm Lancia Delta Integrale \/Y10 \/Fiat \/Alfa ORIGINAL"},"content":{"rendered":"<p>Juego, set de los capuchones de los pistones de las pinzas de freno de:<br \/>\nDi\u00e1metro: 48 mm<\/p>\n<p>ALFA ROMEO 155 (167)<br \/>\n1.7 T.S., A\u00f1o 04.1993 &#8211; 04.1996, 1748 ccm, 115 cv<br \/>\n1.7 T.S. (167.A4G), A\u00f1o 04.1993 &#8211; 04.1996, 1748 ccm, 113 cv<br \/>\n1.8 T.S. (167.A4C, 167.A), A\u00f1o 02.1992 &#8211; 12.1997, 1756 ccm, 105 cv<br \/>\n1.8 T.S. (167A4), A\u00f1o 02.1992 &#8211; 05.1994, 1773 ccm, 129 cv<br \/>\n1.8 T.S. Sport (167.A4A, 167.A4C, 167.A4E), A\u00f1o 03.1992 &#8211; 12.1996, 1773 ccm, 127 cv<br \/>\n2.0 T.S. (167.A2A, 167.A2D), A\u00f1o 02.1992 &#8211; 05.1995, 1995 ccm, 141 cv<br \/>\n2.0 T.S. (167.A2D), A\u00f1o 02.1992 &#8211; 01.1995, 1995 ccm, 144 cv<br \/>\nALFA ROMEO 146 (930)<br \/>\n1.9 D (930.B4), A\u00f1o 05.1995 &#8211; 09.1996, 1929 ccm, 92 cv <\/p>\n<p>AUTOBIANCHI Y10 Hatchback<br \/>\n1.0, A\u00f1o 03.1986 &#8211; 12.1992, 999 ccm, 44 cv<br \/>\n1.0, A\u00f1o 03.1985 &#8211; 10.1995, 999 ccm, 45 cv<br \/>\n1.0 4WD, A\u00f1o 12.1986 &#8211; 10.1995, 999 ccm, 50 cv<br \/>\n1.0 Cat, A\u00f1o 10.1987 &#8211; 10.1995, 999 ccm, 45 cv<br \/>\n1.0 Turbo, A\u00f1o 03.1985 &#8211; 10.1995, 1049 ccm, 85 cv<br \/>\n1.1, A\u00f1o 02.1990 &#8211; 09.1992, 1108 ccm, 50 cv<br \/>\n1.3 i.e. GT, A\u00f1o 06.1989 &#8211; 10.1995, 1297 ccm, 73 cv<br \/>\n1.3 i.e. GT, A\u00f1o 06.1989 &#8211; 10.1995, 1301 ccm, 78 cv<\/p>\n<p>FIAT Regata (138)<br \/>\n1.6 Super 100, A\u00f1o 10.1983 &#8211; 07.1989, 1585 ccm, 95 cv<br \/>\n1.6 Super 100, A\u00f1o 10.1983 &#8211; 12.1990, 1585 ccm, 101 cv<br \/>\n1.7 Di\u00e9sel 60, A\u00f1o 05.1985 &#8211; 03.1989, 1698 ccm, 60 cv<br \/>\n1.9 Di\u00e9sel 65, A\u00f1o 04.1984 &#8211; 07.1989, 1929 ccm, 65 cv<br \/>\n1.3 70, A\u00f1o 09.1983 &#8211; 07.1989, 1301 ccm, 65 cv<br \/>\n1.3 70, A\u00f1o 09.1983 &#8211; 07.1986, 1301 ccm, 68 cv<br \/>\n1.5 75, A\u00f1o 12.1983 &#8211; 07.1989, 1498 ccm, 75 cv<br \/>\n1.9 Turbodi\u00e9sel 80, A\u00f1o 05.1986 &#8211; 07.1989, 1929 ccm, 80 cv<br \/>\n1.6 85, A\u00f1o 10.1983 &#8211; 06.1990, 1585 ccm, 82 cv<br \/>\n1.5 Super 85, A\u00f1o 09.1983 &#8211; 04.1985, 1498 ccm, 82 cv<br \/>\n1.6 i.e. 90, A\u00f1o 01.1987 &#8211; 07.1989, 1595 ccm, 90 cv<br \/>\nFIAT Ritmo I Hatchback (138)<br \/>\n1.6, A\u00f1o 12.1985 &#8211; 12.1987, 1585 ccm, 90 cv<br \/>\n1.6, A\u00f1o 01.1983 &#8211; 12.1987, 1585 ccm, 100 cv<br \/>\n1.6, A\u00f1o 05.1981 &#8211; 12.1987, 1585 ccm, 105 cv<br \/>\nFIAT Tempra Berlina (159)<br \/>\n1.6 (159.AD), A\u00f1o 03.1990 &#8211; 04.1994, 1581 ccm, 86 cv<br \/>\n1.6 (159AS, 159AT), A\u00f1o 04.1990 &#8211; 07.1996, 1581 ccm, 69 cv<br \/>\n1.6 i.e., A\u00f1o 06.1990 &#8211; 07.1992, 1581 ccm, 78 cv<br \/>\n1.6 i.e., A\u00f1o 06.1994 &#8211; 08.1996, 1581 ccm, 87 cv<br \/>\n1.8 i.e., A\u00f1o 03.1990 &#8211; 08.1996, 1756 ccm, 110 cv<br \/>\n1.9 D, A\u00f1o 07.1991 &#8211; 08.1996, 1929 ccm, 65 cv<br \/>\n1.9 TD, A\u00f1o 07.1992 &#8211; 08.1996, 1929 ccm, 80 cv<br \/>\n1.9 TD, A\u00f1o 05.1990 &#8211; 08.1996, 1929 ccm, 90 cv<br \/>\n2.0, A\u00f1o 04.1990 &#8211; 06.1993, 1995 ccm, 109 cv<br \/>\nFIAT Tempra S.W. (159)<br \/>\n1.4 i.e., A\u00f1o 03.1991 &#8211; 08.1996, 1372 ccm, 78 cv<br \/>\n1.6, A\u00f1o 12.1990 &#8211; 04.1993, 1581 ccm, 86 cv<br \/>\n1.6 i.e., A\u00f1o 10.1990 &#8211; 08.1996, 1581 ccm, 78 cv<br \/>\n1.8 i.e. (159.AM), A\u00f1o 03.1990 &#8211; 08.1996, 1756 ccm, 110 cv<br \/>\n1.8 i.e., A\u00f1o 03.1992 &#8211; 12.1993, 1756 ccm, 105 cv<br \/>\n1.9 D, A\u00f1o 07.1991 &#8211; 08.1996, 1929 ccm, 65 cv<br \/>\n1.9 TD, A\u00f1o 07.1991 &#8211; 02.1995, 1929 ccm, 90 cv<br \/>\n1.9 TD, A\u00f1o 03.1992 &#8211; 06.1993, 1929 ccm, 80 cv<br \/>\n2.0, A\u00f1o 04.1991 &#8211; 06.1993, 1995 ccm, 109 cv<br \/>\n2.0 i.e., A\u00f1o 01.1991 &#8211; 03.1995, 1995 ccm, 113 cv<br \/>\nFIAT Panda I Hatchback (141)<br \/>\n1.0, A\u00f1o 01.1986 &#8211; 04.1992, 999 ccm, 44 cv<br \/>\n1.0, A\u00f1o 01.1985 &#8211; 12.1992, 999 ccm, 50 cv<br \/>\n1.1, A\u00f1o 05.1991 &#8211; 12.1999, 1108 ccm, 50 cv<br \/>\n1.1, A\u00f1o 02.1995 &#8211; 09.2003, 1108 ccm, 54 cv<br \/>\n1.1 4&#215;4, A\u00f1o 02.1995 &#8211; 07.2004, 1108 ccm, 54 cv<br \/>\n1.1 Trekking 4&#215;4, A\u00f1o 10.1991 &#8211; 07.2004, 1108 ccm, 50 cv<br \/>\n750, A\u00f1o 01.1986 &#8211; 10.2003, 770 ccm, 34 cv<br \/>\nFIAT Tipo Hatchback (160)<br \/>\n1.8 i.e.16V Sport, A\u00f1o 11.1989 &#8211; 06.1992, 1756 ccm, 136 cv<br \/>\n1.9 TD, A\u00f1o 03.1992 &#8211; 06.1993, 1929 ccm, 80 cv<br \/>\n1.9 TD, A\u00f1o 09.1990 &#8211; 04.1995, 1929 ccm, 90 cv<br \/>\n1.9 TD (160AR), A\u00f1o 04.1990 &#8211; 10.1992, 1929 ccm, 94 cv<br \/>\n2.0 i.e. (160.AJ, 1607571), A\u00f1o 06.1990 &#8211; 03.1992, 1995 ccm, 109 cv<br \/>\n2.0 i.e., A\u00f1o 03.1990 &#8211; 04.1995, 1995 ccm, 113 cv<br \/>\nFIAT Punto I (176)<br \/>\n1.2 16V, A\u00f1o 04.1997 &#8211; 09.1999, 1242 ccm, 86 cv<br \/>\n1.6, A\u00f1o 01.1994 &#8211; 04.1997, 1581 ccm, 88 cv<br \/>\n1.7 D, A\u00f1o 04.1994 &#8211; 09.1997, 1698 ccm, 57 cv<br \/>\n1.7 TD, A\u00f1o 01.1994 &#8211; 09.1999, 1698 ccm, 69 cv<br \/>\n1.7 TD, A\u00f1o 01.1994 &#8211; 09.1999, 1698 ccm, 71 cv<br \/>\n1.7 TD (176AT), A\u00f1o 09.1996 &#8211; 09.1999, 1698 ccm, 63 cv<br \/>\n1.1 55, A\u00f1o 09.1993 &#8211; 09.1999, 1108 ccm, 54 cv<br \/>\n1.2 60, A\u00f1o 01.1994 &#8211; 09.1999, 1242 ccm, 58 cv<br \/>\n60 1.2 (176AP, 176AR, 176AQ, 176BB), A\u00f1o 09.1993 &#8211; 09.1999, 1242 ccm, 60 cv<br \/>\n1.2 75, A\u00f1o 10.1993 &#8211; 09.1999, 1242 ccm, 73 cv<br \/>\nFIAT Uno Hatchback (146)<br \/>\n1.1, A\u00f1o 10.1988 &#8211; 06.2006, 1108 ccm, 58 cv<br \/>\n1.3 Turbo i.e., A\u00f1o 01.1987 &#8211; 12.1987, 1301 ccm, 99 cv<br \/>\n1.3 Turbo i.e., A\u00f1o 09.1989 &#8211; 03.1991, 1301 ccm, 101 cv<br \/>\n1.3 Turbo i.e., A\u00f1o 04.1985 &#8211; 08.1989, 1301 ccm, 105 cv<br \/>\n1.4 Turbo i.e., A\u00f1o 09.1989 &#8211; 09.1993, 1372 ccm, 112 cv<br \/>\n1.4 Turbo i.e., A\u00f1o 12.1989 &#8211; 12.1996, 1372 ccm, 118 cv<br \/>\n1.9 D, A\u00f1o 09.1989 &#8211; 03.1994, 1929 ccm, 60 cv<br \/>\n1.1 50, A\u00f1o 01.1986 &#8211; 12.1989, 1116 ccm, 50 cv<br \/>\n1.1 55, A\u00f1o 01.1983 &#8211; 08.1989, 1116 ccm, 54 cv<br \/>\n1.1 60, A\u00f1o 04.1989 &#8211; 12.1992, 1108 ccm, 57 cv<br \/>\n1.1 60, A\u00f1o 05.1985 &#8211; 08.1989, 1116 ccm, 58 cv<br \/>\n1.7 Di\u00e9sel 60, A\u00f1o 07.1986 &#8211; 08.1989, 1698 ccm, 60 cv<br \/>\n60 Diesel 1.7 (146E), A\u00f1o 09.1989 &#8211; 12.1993, 1698 ccm, 57 cv<br \/>\n1.3 70, A\u00f1o 05.1985 &#8211; 08.1989, 1302 ccm, 65 cv<br \/>\n1.3 70, A\u00f1o 01.1983 &#8211; 04.1985, 1302 ccm, 68 cv<br \/>\n1.4 i.e. 70, A\u00f1o 09.1989 &#8211; 07.1996, 1372 ccm, 70 cv<br \/>\n1.4 i.e. 70, A\u00f1o 09.1989 &#8211; 12.1993, 1372 ccm, 72 cv<br \/>\n1.4 TD 70, A\u00f1o 10.1986 &#8211; 10.1990, 1367 ccm, 71 cv<br \/>\n75 i.e. 1.5, A\u00f1o 10.1985 &#8211; 12.1993, 1498 ccm, 75 cv<br \/>\nFIAT Palio I Hatchback (178))<br \/>\n1.7 D, A\u00f1o 04.1996 &#8211; 09.2002, 1698 ccm, 57 cv<br \/>\nFIAT Uno Furg\u00f3n (146) (A\u00f1o 02.1988 &#8211; 07.1996)<br \/>\n1.7 D, A\u00f1o 02.1988 &#8211; 02.1992, 1697 ccm, 58 cv<\/p>\n<p>LANCIA Dedra Berlina (835)<br \/>\n1.6 i.e., A\u00f1o 08.1989 &#8211; 03.1993, 1581 ccm, 78 cv<br \/>\n1.8 i.e., A\u00f1o 09.1989 &#8211; 06.1994, 1756 ccm, 109 cv<br \/>\n1.8 i.e., A\u00f1o 09.1989 &#8211; 07.1999, 1756 ccm, 105 cv<br \/>\n1.9 TDS, A\u00f1o 04.1989 &#8211; 07.1999, 1929 ccm, 90 cv<br \/>\n2.0 i.e., A\u00f1o 09.1989 &#8211; 07.1992, 1995 ccm, 117 cv<br \/>\n2.0 i.e., A\u00f1o 09.1989 &#8211; 07.1999, 1995 ccm, 113 cv<br \/>\n2.0 i.e. Turbo, A\u00f1o 04.1991 &#8211; 07.1999, 1995 ccm, 162 cv<br \/>\n2.0 i.e. Turbo Integrale (835AO), A\u00f1o 04.1990 &#8211; 08.1991, 1995 ccm, 165 cv<br \/>\n2.0 Turbo, A\u00f1o 11.1990 &#8211; 06.1994, 1995 ccm, 177 cv<br \/>\nLANCIA Delta I (831))<br \/>\n1.6 GT (831AB.06), A\u00f1o 11.1982 &#8211; 04.1986, 1585 ccm, 105 cv<br \/>\n1.6 GT i.e., A\u00f1o 05.1987 &#8211; 08.1992, 1585 ccm, 90 cv<br \/>\n1.6 GT i.e., A\u00f1o 08.1986 &#8211; 08.1988, 1585 ccm, 109 cv<br \/>\n1.6 HF Turbo, A\u00f1o 08.1986 &#8211; 08.1988, 1585 ccm, 140 cv<br \/>\n1.6 HF Turbo, A\u00f1o 04.1987 &#8211; 03.1989, 1585 ccm, 132 cv<br \/>\n1.9 Turbo DS, A\u00f1o 10.1986 &#8211; 12.1989, 1929 ccm, 80 cv<br \/>\n2.0 HF Integrale, A\u00f1o 11.1986 &#8211; 08.1988, 1995 ccm, 166 cv<br \/>\n2.0 HF Integrale, A\u00f1o 10.1987 &#8211; 12.1991, 1995 ccm, 181 cv<br \/>\n2.0 HF Integrale, A\u00f1o 12.1986 &#8211; 12.1992, 1995 ccm, 177 cv<br \/>\nLANCIA Prisma (831)<br \/>\n1.3 (831AB), A\u00f1o 01.1983 &#8211; 12.1989, 1301 ccm, 79 cv<br \/>\n1.5 (831AB), A\u00f1o 09.1985 &#8211; 02.1992, 1498 ccm, 75 cv<br \/>\n1.5 (831AB), A\u00f1o 05.1986 &#8211; 07.1989, 1498 ccm, 80 cv<br \/>\n1.5 (831AB), A\u00f1o 01.1983 &#8211; 04.1986, 1498 ccm, 86 cv<br \/>\n1.6 (831AB), A\u00f1o 08.1986 &#8211; 02.1992, 1585 ccm, 99 cv<br \/>\n1.6 (831AB), A\u00f1o 01.1983 &#8211; 04.1986, 1585 ccm, 105 cv<br \/>\n1.6 i.e. (831AB), A\u00f1o 05.1986 &#8211; 12.1989, 1585 ccm, 109 cv<br \/>\n1.6 i.e. Super (831AB), A\u00f1o 05.1987 &#8211; 12.1989, 1585 ccm, 90 cv<br \/>\n1.9 Diesel (831AB), A\u00f1o 01.1983 &#8211; 02.1992, 1911 ccm, 65 cv<br \/>\n1.9 Turbo Diesel (831AB), A\u00f1o 05.1985 &#8211; 12.1989, 1928 ccm, 80 cv<br \/>\n2.0 i.e. A las 4 ruedas (831AB), A\u00f1o 04.1986 &#8211; 12.1989, 1995 ccm, 115 cv<br \/>\nLANCIA Y10 (156)<br \/>\n1.1 Fire (156AG), A\u00f1o 01.1995 &#8211; 12.1995, 1108 ccm, 54 cv<br \/>\n1.1 Fire A las 4 ruedas (156AG), A\u00f1o 01.1995 &#8211; 12.1995, 1108 ccm, 54 cv<br \/>\n1.3 i.e. (156AB), A\u00f1o 11.1987 &#8211; 05.1993, 1301 ccm, 76 cv<br \/>\n1.3 i.e. (156AF), A\u00f1o 02.1989 &#8211; 12.1995, 1297 ccm, 72 cv<br \/>\nLANCIA Y (840)<br \/>\n1.1, A\u00f1o 11.1995 &#8211; 09.2003, 1108 ccm, 54 cv<br \/>\n1.2, A\u00f1o 03.1996 &#8211; 09.2003, 1242 ccm, 60 cv<br \/>\n1.2 16V, A\u00f1o 04.1997 &#8211; 09.2003, 1242 ccm, 86 cv<br \/>\n1.2 16V, A\u00f1o 10.2000 &#8211; 09.2003, 1242 ccm, 80 cv<br \/>\n1.4 12V, A\u00f1o 10.1996 &#8211; 09.2003, 1370 ccm, 80 cv<br \/>\n1.4 12V, A\u00f1o 03.1996 &#8211; 09.2003, 1370 ccm, 75 cv<\/p>\n<p>LA PIEZA ES NUEVA Y ORIGINAL.<\/p>\n","protected":false},"excerpt":{"rendered":"<p>Juego, set de los capuchones de los pistones de las pinzas de freno de: Di\u00e1metro: 48 mm ALFA ROMEO 155 (167) 1.7 T.S., A\u00f1o 04.1993 &#8211; 04.1996, 1748 ccm, 115 cv 1.7 T.S. (167.A4G), A\u00f1o 04.1993 &#8211; 04.1996, 1748 ccm, 113 cv 1.8 T.S. (167.A4C, 167.A), A\u00f1o 02.1992 &#8211; 12.1997, 1756 ccm, 105 cv 1.8 [&hellip;]<\/p>\n","protected":false},"featured_media":79691,"template":"","meta":{"_seopress_robots_primary_cat":"","_seopress_titles_title":"","_seopress_titles_desc":"","_seopress_robots_index":""},"product_cat":[46,48,16,25,117,118,20,21,98,99,123,101,102,103,111,112,114,64,126,127],"product_tag":[],"class_list":{"0":"post-79687","1":"product","2":"type-product","3":"status-publish","4":"has-post-thumbnail","6":"product_cat-recambios-alfa-romeo-146","7":"product_cat-recambios-alfa-romeo-155","8":"product_cat-recambios-alfa-romeo","9":"product_cat-recambios-autobianchi","10":"product_cat-recambios-lancia-dedra","11":"product_cat-recambios-lancia-delta","12":"product_cat-recambios-fiat","13":"product_cat-recambios-lancia","14":"product_cat-recambios-fiat-palio","15":"product_cat-recambios-fiat-panda","16":"product_cat-recambios-lancia-prisma","17":"product_cat-recambios-fiat-punto","18":"product_cat-recambios-fiat-regata","19":"product_cat-recambios-fiat-ritmo","20":"product_cat-recambios-fiat-tempra","21":"product_cat-recambios-fiat-tipo","22":"product_cat-recambios-fiat-uno","23":"product_cat-recambios-autobianchi-y10","24":"product_cat-recambios-lancia-y10","25":"product_cat-recambios-lancia-ypsilon","27":"first","28":"outofstock","29":"taxable","30":"shipping-taxable","31":"purchasable","32":"product-type-simple"},"_links":{"self":[{"href":"https:\/\/galicianparts.com\/shop\/wp-json\/wp\/v2\/product\/79687"}],"collection":[{"href":"https:\/\/galicianparts.com\/shop\/wp-json\/wp\/v2\/product"}],"about":[{"href":"https:\/\/galicianparts.com\/shop\/wp-json\/wp\/v2\/types\/product"}],"wp:featuredmedia":[{"embeddable":true,"href":"https:\/\/galicianparts.com\/shop\/wp-json\/wp\/v2\/media\/79691"}],"wp:attachment":[{"href":"https:\/\/galicianparts.com\/shop\/wp-json\/wp\/v2\/media?parent=79687"}],"wp:term":[{"taxonomy":"product_cat","embeddable":true,"href":"https:\/\/galicianparts.com\/shop\/wp-json\/wp\/v2\/product_cat?post=79687"},{"taxonomy":"product_tag","embeddable":true,"href":"https:\/\/galicianparts.com\/shop\/wp-json\/wp\/v2\/product_tag?post=79687"}],"curies":[{"name":"wp","href":"https:\/\/api.w.org\/{rel}","templated":true}]}}