{"id":81532,"date":"2023-12-21T14:50:00","date_gmt":"2023-12-21T12:50:00","guid":{"rendered":"https:\/\/galicianparts.com\/shop\/producto\/9936023-rotor-distribuidor-magneti-marelli-fiat-panda-127-128-lancia-seat-nuevo-original\/"},"modified":"2026-04-08T10:04:54","modified_gmt":"2026-04-08T08:04:54","slug":"9936023-rotor-distribuidor-magneti-marelli-fiat-panda-127-128-lancia-seat-nuevo-original","status":"publish","type":"product","link":"https:\/\/galicianparts.com\/shop\/producto\/9936023-rotor-distribuidor-magneti-marelli-fiat-panda-127-128-lancia-seat-nuevo-original\/","title":{"rendered":"9936023 Rotor distribuidor Magneti Marelli Fiat Panda \/127 \/128 \/Lancia \/Seat NUEVO ORIGINAL"},"content":{"rendered":"<p>82361915 Pipa del delco Magneti Marelli de:<br \/>\nFIAT Regata Berlina (138)<br \/>\n1.3 70, A\u00f1o 09.1983 &#8211; 07.1989, 1301 ccm, 65 cv<br \/>\n1.3 70, A\u00f1o 09.1983 &#8211; 07.1986, 1301 ccm, 68 cv<br \/>\n1.5 75, A\u00f1o 12.1983 &#8211; 07.1989, 1498 ccm, 75 cv<br \/>\n1.5 85, A\u00f1o 05.1985 &#8211; 12.1987, 1498 ccm, 79 cv<br \/>\n1.5 Super 85, A\u00f1o 09.1983 &#8211; 04.1985, 1498 ccm, 82 cv<br \/>\nFIAT Regata Weekend<br \/>\n1.3 70, A\u00f1o 01.1984 &#8211; 07.1989, 1301 ccm, 68 cv<br \/>\n85 1.5, A\u00f1o 01.1984 &#8211; 04.1989, 1498 ccm, 82 cv<br \/>\nFIAT Ritmo I Hatchback (138)<br \/>\n1.0, A\u00f1o 09.1978 &#8211; 09.1982, 1049 ccm, 60 cv<br \/>\n1.3, A\u00f1o 01.1978 &#8211; 08.1985, 1301 ccm, 65 cv<br \/>\n1.3, A\u00f1o 01.1981 &#8211; 09.1982, 1301 ccm, 75 cv<br \/>\n1.5, A\u00f1o 01.1978 &#8211; 12.1988, 1498 ccm, 75 cv<br \/>\nFIAT 127 Hatchback (127)<br \/>\n0.9, A\u00f1o 06.1971 &#8211; 05.1983, 903 ccm, 40 cv<br \/>\n0.9 (127A), A\u00f1o 09.1971 &#8211; 12.1984, 903 ccm, 45 cv<br \/>\nFIAT 128 Coup\u00e9 (128)<br \/>\n1.1, A\u00f1o 03.1972 &#8211; 02.1981, 1116 ccm, 64 cv<br \/>\n1.1, A\u00f1o 08.1975 &#8211; 02.1981, 1116 ccm, 65 cv<br \/>\n1.3, A\u00f1o 03.1972 &#8211; 12.1979, 1290 ccm, 75 cv<br \/>\n1.3 Berlinetta, A\u00f1o 06.1975 &#8211; 12.1979, 1290 ccm, 73 cv<br \/>\nFIAT 128 Berlina \/ Familiare (128)<br \/>\n1.1, A\u00f1o 02.1975 &#8211; 09.1981, 1116 ccm, 45 cv<br \/>\n1.1 (128A), A\u00f1o 03.1969 &#8211; 12.1984, 1116 ccm, 55 cv<br \/>\n1.3 (128A), A\u00f1o 08.1974 &#8211; 12.1984, 1290 ccm, 60 cv<br \/>\n1.3 Rally (128A), A\u00f1o 07.1971 &#8211; 02.1976, 1290 ccm, 67 cv<br \/>\nFIAT Croma I Hatchback (154)<br \/>\n2.0 CHT, A\u00f1o 12.1985 &#8211; 02.1989, 1995 ccm, 90 cv<br \/>\nFIAT &#8211; 2B DUNA (1986-1990) 1100 BZ<br \/>\nFIAT &#8211; XP ELBA CSL (1991-1996) 1300 CARB.<br \/>\nFIAT &#8211; 1S PANDA 4X2 MAQ 91 (1991-2003) 750 ACB CARB \/ 900 ACB CARB<br \/>\nFIAT &#8211; LV PANDA 4X2 RL\/86(1985-1991) 750 ACB \/ 900 ACB<br \/>\nFIAT &#8211; ME TIPO 1100-1370-1580 (1987-1993) 1370 CARB.(69CV)<br \/>\nFIAT &#8211; ML UNO CS (1988-1990) 1100 GASOLINA<br \/>\nFIAT &#8211; MS UNO R\/89 1.1-1370-1.5 (1989-1995) 1116 TREND<br \/>\nFIAT &#8211; MR UNO R\/89 900-1.0-1.1 (1989-1995) 903<br \/>\nFIAT &#8211; MR UNO R\/89 900-1.0-1.1 (1989-1995) 994 CARB.<br \/>\nFIAT PROFESSIONAL &#8211; 2M FIORINO (1991-1993) 1116 CARB<br \/>\nFIAT PROFESSIONAL &#8211; 2M FIORINO (1991-1993) 1300 CARB<br \/>\nFIAT PROFESSIONAL &#8211; 2N FIORINO RL (1993-2000) 1301 CARB.<\/p>\n<p>LANCIA &#8211; TB DELTA R.86 (1986-1992) 1100 CARB<br \/>\nLANCIA &#8211; TB DELTA R.86 (1986-1992) 1300 CARB<br \/>\nLANCIA Prisma (831)<br \/>\n1.3 (831AB), A\u00f1o 01.1983 &#8211; 12.1989, 1301 ccm, 79 cv<br \/>\n1.5 (831AB), A\u00f1o 09.1985 &#8211; 02.1992, 1498 ccm, 75 cv<br \/>\n1.5 (831AB), A\u00f1o 05.1986 &#8211; 07.1989, 1498 ccm, 80 cv<br \/>\n1.5 (831AB), A\u00f1o 01.1983 &#8211; 04.1986, 1498 ccm, 86 cv<\/p>\n<p>AUTOBIANCHI A 112 Hatchback<br \/>\n0.9, A\u00f1o 10.1969 &#8211; 12.1972, 903 ccm, 44 cv<br \/>\n0.9, A\u00f1o 01.1976 &#8211; 12.1978, 903 ccm, 45 cv<br \/>\n0.9 E, A\u00f1o 01.1973 &#8211; 12.1977, 903 ccm, 47 cv<br \/>\n0.9 Junior, A\u00f1o 07.1975 &#8211; 12.1985, 903 ccm, 42 cv<br \/>\n1.0 E,Elite,LX, A\u00f1o 11.1977 &#8211; 12.1985, 965 ccm, 48 cv<\/p>\n<p>SEAT Ronda (022A)<br \/>\n1.2, A\u00f1o 10.1984 &#8211; 12.1986, 1193 ccm, 60 cv<br \/>\n1.2, A\u00f1o 08.1983 &#8211; 05.1985, 1197 ccm, 64 cv<br \/>\n1.5, A\u00f1o 09.1984 &#8211; 12.1986, 1461 ccm, 85 cv<br \/>\nSEAT Malaga (023A)<br \/>\n1.2, A\u00f1o 05.1985 &#8211; 12.1993, 1193 ccm, 60 cv<br \/>\n1.2, A\u00f1o 11.1984 &#8211; 12.1993, 1193 ccm, 64 cv<br \/>\n1.5, A\u00f1o 05.1985 &#8211; 12.1993, 1461 ccm, 85 cv<br \/>\nSEAT Ibiza I Hatchback (021A)<br \/>\n1.2, A\u00f1o 11.1984 &#8211; 12.1993, 1193 ccm, 60 cv<br \/>\n1.2, A\u00f1o 11.1984 &#8211; 12.1993, 1193 ccm, 63 cv<br \/>\n1.5, A\u00f1o 11.1984 &#8211; 05.1993, 1461 ccm, 85 cv<br \/>\nSEAT Panda (141A)<br \/>\n0.9, A\u00f1o 10.1980 &#8211; 12.1986, 903 ccm, 42 cv<\/p>\n<p>LA PIEZA ES NUEVA Y ORIGINAL MAGNETI MARELLI.<\/p>\n","protected":false},"excerpt":{"rendered":"<p>82361915 Pipa del delco Magneti Marelli de: FIAT Regata Berlina (138) 1.3 70, A\u00f1o 09.1983 &#8211; 07.1989, 1301 ccm, 65 cv 1.3 70, A\u00f1o 09.1983 &#8211; 07.1986, 1301 ccm, 68 cv 1.5 75, A\u00f1o 12.1983 &#8211; 07.1989, 1498 ccm, 75 cv 1.5 85, A\u00f1o 05.1985 &#8211; 12.1987, 1498 ccm, 79 cv 1.5 Super 85, A\u00f1o [&hellip;]<\/p>\n","protected":false},"featured_media":81533,"template":"","meta":{"_seopress_robots_primary_cat":"","_seopress_titles_title":"","_seopress_titles_desc":"","_seopress_robots_index":""},"product_cat":[68,69,63,25,86,118,89,90,20,91,162,21,164,99,237,123,102,103,165,26,112,114],"product_tag":[],"class_list":{"0":"post-81532","1":"product","2":"type-product","3":"status-publish","4":"has-post-thumbnail","6":"product_cat-recambios-fiat-127","7":"product_cat-recambios-fiat-128","8":"product_cat-recambios-autobianchi-a112","9":"product_cat-recambios-autobianchi","10":"product_cat-recambios-fiat-croma","11":"product_cat-recambios-lancia-delta","12":"product_cat-recambios-fiat-duna","13":"product_cat-recambios-fiat-elba","14":"product_cat-recambios-fiat","15":"product_cat-recambios-fiat-fiorino","16":"product_cat-recambios-seat-ibiza","17":"product_cat-recambios-lancia","18":"product_cat-recambios-seat-malaga","19":"product_cat-recambios-fiat-panda","20":"product_cat-recambios-seat-panda","21":"product_cat-recambios-lancia-prisma","22":"product_cat-recambios-fiat-regata","23":"product_cat-recambios-fiat-ritmo","24":"product_cat-recambios-seat-ronda","25":"product_cat-recambios-seat","26":"product_cat-recambios-fiat-tipo","27":"product_cat-recambios-fiat-uno","29":"first","30":"instock","31":"taxable","32":"shipping-taxable","33":"purchasable","34":"product-type-simple"},"_links":{"self":[{"href":"https:\/\/galicianparts.com\/shop\/wp-json\/wp\/v2\/product\/81532"}],"collection":[{"href":"https:\/\/galicianparts.com\/shop\/wp-json\/wp\/v2\/product"}],"about":[{"href":"https:\/\/galicianparts.com\/shop\/wp-json\/wp\/v2\/types\/product"}],"wp:featuredmedia":[{"embeddable":true,"href":"https:\/\/galicianparts.com\/shop\/wp-json\/wp\/v2\/media\/81533"}],"wp:attachment":[{"href":"https:\/\/galicianparts.com\/shop\/wp-json\/wp\/v2\/media?parent=81532"}],"wp:term":[{"taxonomy":"product_cat","embeddable":true,"href":"https:\/\/galicianparts.com\/shop\/wp-json\/wp\/v2\/product_cat?post=81532"},{"taxonomy":"product_tag","embeddable":true,"href":"https:\/\/galicianparts.com\/shop\/wp-json\/wp\/v2\/product_tag?post=81532"}],"curies":[{"name":"wp","href":"https:\/\/api.w.org\/{rel}","templated":true}]}}