{"id":8162,"date":"2020-11-10T22:06:45","date_gmt":"2020-11-10T20:06:45","guid":{"rendered":"https:\/\/galicianparts.com\/shop\/producto\/181881970-tapa-tapizado-puerta-fiat-uno\/"},"modified":"2023-03-20T10:20:12","modified_gmt":"2023-03-20T08:20:12","slug":"181881970-tapa-tapizado-puerta-fiat-uno","status":"publish","type":"product","link":"https:\/\/galicianparts.com\/shop\/producto\/181881970-tapa-tapizado-puerta-fiat-uno\/","title":{"rendered":"181881970 Tapa tapizado puerta Fiat Uno NUEVA ORIGINAL"},"content":{"rendered":"<p>Tap\u00f3n tapa de pl\u00e1stico de color marr\u00f3n de los paneles de puerta de:<br \/>\nFIAT &#8211; MU UNO DIESEL R\/89 (1989-1995) TURBO \/ VAN<\/p>\n<p>LA PIEZA ES NUEVA Y ORIGINAL.<\/p>\n","protected":false},"excerpt":{"rendered":"<p>Tap\u00f3n tapa de pl\u00e1stico de color marr\u00f3n de los paneles de puerta de: FIAT &#8211; MU UNO DIESEL R\/89 (1989-1995) TURBO \/ VAN LA PIEZA ES NUEVA Y ORIGINAL.<\/p>\n","protected":false},"featured_media":70468,"template":"","meta":{"_seopress_robots_primary_cat":"","_seopress_titles_title":"","_seopress_titles_desc":"","_seopress_robots_index":""},"product_cat":[20,114],"product_tag":[],"class_list":{"0":"post-8162","1":"product","2":"type-product","3":"status-publish","4":"has-post-thumbnail","6":"product_cat-recambios-fiat","7":"product_cat-recambios-fiat-uno","9":"first","10":"instock","11":"taxable","12":"shipping-taxable","13":"purchasable","14":"product-type-simple"},"_links":{"self":[{"href":"https:\/\/galicianparts.com\/shop\/wp-json\/wp\/v2\/product\/8162"}],"collection":[{"href":"https:\/\/galicianparts.com\/shop\/wp-json\/wp\/v2\/product"}],"about":[{"href":"https:\/\/galicianparts.com\/shop\/wp-json\/wp\/v2\/types\/product"}],"wp:featuredmedia":[{"embeddable":true,"href":"https:\/\/galicianparts.com\/shop\/wp-json\/wp\/v2\/media\/70468"}],"wp:attachment":[{"href":"https:\/\/galicianparts.com\/shop\/wp-json\/wp\/v2\/media?parent=8162"}],"wp:term":[{"taxonomy":"product_cat","embeddable":true,"href":"https:\/\/galicianparts.com\/shop\/wp-json\/wp\/v2\/product_cat?post=8162"},{"taxonomy":"product_tag","embeddable":true,"href":"https:\/\/galicianparts.com\/shop\/wp-json\/wp\/v2\/product_tag?post=8162"}],"curies":[{"name":"wp","href":"https:\/\/api.w.org\/{rel}","templated":true}]}}