{"id":81624,"date":"2023-12-27T11:42:03","date_gmt":"2023-12-27T09:42:03","guid":{"rendered":"https:\/\/galicianparts.com\/shop\/producto\/40100344-reten-ciguenal-m2-5-d-td-fiat-ducato-90-94-croma-lancia-thema-original\/"},"modified":"2023-12-27T11:44:17","modified_gmt":"2023-12-27T09:44:17","slug":"40100344-reten-ciguenal-m2-5-d-td-fiat-ducato-90-94-croma-lancia-thema-original","status":"publish","type":"product","link":"https:\/\/galicianparts.com\/shop\/producto\/40100344-reten-ciguenal-m2-5-d-td-fiat-ducato-90-94-croma-lancia-thema-original\/","title":{"rendered":"40100344 Ret\u00e9n cig\u00fce\u00f1al M2.5 D\/TD Fiat Ducato (90-94) Croma \/Lancia Thema ORIGINAL"},"content":{"rendered":"<p>Ret\u00e9n de la tapa del c\u00e1rter, apoyo del cig\u00fce\u00f1al de:<br \/>\nMedidas: 100x116x12 mm<\/p>\n<p>LANCIA &#8211; SZ THEMA R.88 (1988-1992) 2500 TB\/DS (8144.97) \/ 2500 TB\/DS (8144.97S)EM.08<br \/>\nFIAT PROFESSIONAL &#8211; ND DUCATO 4X4 R.90 (1990-1994) 2500 DIESEL<br \/>\nFIAT PROFESSIONAL &#8211; ND DUCATO 4X4 R.90 (1990-1994) 2500 TURBO DIESEL<br \/>\nFIAT Croma I Hatchback (154)<br \/>\n2.5 D, A\u00f1o 12.1985 &#8211; 12.1989, 2499 ccm, 75 cv<br \/>\n2.5 TD, A\u00f1o 12.1985 &#8211; 08.1989, 2445 ccm, 101 cv<br \/>\n2.5 TD, A\u00f1o 05.1989 &#8211; 08.1996, 2500 ccm, 115 cv<br \/>\n2.5 TDE, A\u00f1o 12.1991 &#8211; 08.1996, 2500 ccm, 105 cv<\/p>\n<p>LA PIEZA ES NUEVA Y ORIGINAL.<\/p>\n","protected":false},"excerpt":{"rendered":"<p>Ret\u00e9n de la tapa del c\u00e1rter, apoyo del cig\u00fce\u00f1al de: Medidas: 100x116x12 mm LANCIA &#8211; SZ THEMA R.88 (1988-1992) 2500 TB\/DS (8144.97) \/ 2500 TB\/DS (8144.97S)EM.08 FIAT PROFESSIONAL &#8211; ND DUCATO 4X4 R.90 (1990-1994) 2500 DIESEL FIAT PROFESSIONAL &#8211; ND DUCATO 4X4 R.90 (1990-1994) 2500 TURBO DIESEL FIAT Croma I Hatchback (154) 2.5 D, A\u00f1o [&hellip;]<\/p>\n","protected":false},"featured_media":81627,"template":"","meta":{"_seopress_robots_primary_cat":"","_seopress_titles_title":"","_seopress_titles_desc":"","_seopress_robots_index":""},"product_cat":[86,88,20,21,124],"product_tag":[],"class_list":{"0":"post-81624","1":"product","2":"type-product","3":"status-publish","4":"has-post-thumbnail","6":"product_cat-recambios-fiat-croma","7":"product_cat-recambios-fiat-ducato","8":"product_cat-recambios-fiat","9":"product_cat-recambios-lancia","10":"product_cat-recambios-lancia-thema","12":"first","13":"instock","14":"taxable","15":"shipping-taxable","16":"purchasable","17":"product-type-simple"},"_links":{"self":[{"href":"https:\/\/galicianparts.com\/shop\/wp-json\/wp\/v2\/product\/81624"}],"collection":[{"href":"https:\/\/galicianparts.com\/shop\/wp-json\/wp\/v2\/product"}],"about":[{"href":"https:\/\/galicianparts.com\/shop\/wp-json\/wp\/v2\/types\/product"}],"wp:featuredmedia":[{"embeddable":true,"href":"https:\/\/galicianparts.com\/shop\/wp-json\/wp\/v2\/media\/81627"}],"wp:attachment":[{"href":"https:\/\/galicianparts.com\/shop\/wp-json\/wp\/v2\/media?parent=81624"}],"wp:term":[{"taxonomy":"product_cat","embeddable":true,"href":"https:\/\/galicianparts.com\/shop\/wp-json\/wp\/v2\/product_cat?post=81624"},{"taxonomy":"product_tag","embeddable":true,"href":"https:\/\/galicianparts.com\/shop\/wp-json\/wp\/v2\/product_tag?post=81624"}],"curies":[{"name":"wp","href":"https:\/\/api.w.org\/{rel}","templated":true}]}}