{"id":81673,"date":"2023-12-28T09:56:13","date_gmt":"2023-12-28T07:56:13","guid":{"rendered":"https:\/\/galicianparts.com\/shop\/producto\/82420018-sensor-nivel-agua-radiador-lancia-thema-dedra-fiat-croma-nuevo-original\/"},"modified":"2023-12-28T21:03:58","modified_gmt":"2023-12-28T19:03:58","slug":"82420018-sensor-nivel-agua-radiador-lancia-thema-dedra-fiat-croma-nuevo-original","status":"publish","type":"product","link":"https:\/\/galicianparts.com\/shop\/producto\/82420018-sensor-nivel-agua-radiador-lancia-thema-dedra-fiat-croma-nuevo-original\/","title":{"rendered":"82420018 Sensor nivel agua radiador Lancia Thema \/Dedra \/Fiat Croma NUEVO ORIGINAL"},"content":{"rendered":"<p>Indicador de nivel VEBLIA del l\u00edquido refrigerante del radiador del motor de:<\/p>\n<p>FIAT Croma I Hatchback (154)<br \/>\n1900 Turbo D i.d. (154.LL, 154.PL), A\u00f1o 08.1987 &#8211; 10.1992, 1929 ccm, 90 cv<br \/>\n2.5 TD, A\u00f1o 12.1985 &#8211; 08.1989, 2445 ccm, 101 cv<br \/>\n2.5 V6, A\u00f1o 06.1993 &#8211; 08.1996, 2492 ccm, 162 cv<\/p>\n<p>LANCIA Dedra Berlina (835)<br \/>\n2.0 i.e., A\u00f1o 09.1989 &#8211; 07.1999, 1995 ccm, 113 cv<br \/>\nLANCIA Thema (834)<br \/>\n2.0 16V Turbo, A\u00f1o 12.1988 &#8211; 06.1990, 1995 ccm, 181 cv<br \/>\n2.0 i.e, A\u00f1o 09.1988 &#8211; 05.1992, 1995 ccm, 117 cv<br \/>\n2000 i.e. (834AB), A\u00f1o 03.1986 &#8211; 09.1988, 1995 ccm, 113 cv<br \/>\n2.0 i.e., A\u00f1o 11.1984 &#8211; 09.1988, 1995 ccm, 120 cv<br \/>\n2.0 i.e., A\u00f1o 09.1987 &#8211; 05.1992, 1995 ccm, 115 cv<br \/>\n2.0 i.e. 16V, A\u00f1o 05.1988 &#8211; 08.1992, 1995 ccm, 147 cv<br \/>\n2.0 i.e. 16V, A\u00f1o 02.1989 &#8211; 05.1992, 1995 ccm, 141 cv<br \/>\n2.0 i.e. 16V Turbo, A\u00f1o 04.1989 &#8211; 05.1992, 1995 ccm, 177 cv<br \/>\n2.0 i.e. Turbo, A\u00f1o 11.1984 &#8211; 12.1989, 1995 ccm, 166 cv<br \/>\n2.0 i.e.Turbo, A\u00f1o 07.1986 &#8211; 05.1990, 1995 ccm, 150 cv<br \/>\n2.4 2500 Turbo D, A\u00f1o 11.1984 &#8211; 09.1988, 2445 ccm, 101 cv<br \/>\n2.5 Turbo DS, A\u00f1o 06.1988 &#8211; 05.1992, 2499 ccm, 115 cv<br \/>\n2.5 Turbo DS, A\u00f1o 05.1988 &#8211; 07.1992, 2500 ccm, 105 cv<\/p>\n<p>LA PIEZA ES NUEVA Y ORIGINAL VEBLIA.<\/p>\n","protected":false},"excerpt":{"rendered":"<p>Indicador de nivel VEBLIA del l\u00edquido refrigerante del radiador del motor de: FIAT Croma I Hatchback (154) 1900 Turbo D i.d. (154.LL, 154.PL), A\u00f1o 08.1987 &#8211; 10.1992, 1929 ccm, 90 cv 2.5 TD, A\u00f1o 12.1985 &#8211; 08.1989, 2445 ccm, 101 cv 2.5 V6, A\u00f1o 06.1993 &#8211; 08.1996, 2492 ccm, 162 cv LANCIA Dedra Berlina (835) [&hellip;]<\/p>\n","protected":false},"featured_media":81674,"template":"","meta":{"_seopress_robots_primary_cat":"","_seopress_titles_title":"","_seopress_titles_desc":"","_seopress_robots_index":""},"product_cat":[86,117,20,21,124],"product_tag":[],"class_list":{"0":"post-81673","1":"product","2":"type-product","3":"status-publish","4":"has-post-thumbnail","6":"product_cat-recambios-fiat-croma","7":"product_cat-recambios-lancia-dedra","8":"product_cat-recambios-fiat","9":"product_cat-recambios-lancia","10":"product_cat-recambios-lancia-thema","12":"first","13":"outofstock","14":"taxable","15":"shipping-taxable","16":"purchasable","17":"product-type-simple"},"_links":{"self":[{"href":"https:\/\/galicianparts.com\/shop\/wp-json\/wp\/v2\/product\/81673"}],"collection":[{"href":"https:\/\/galicianparts.com\/shop\/wp-json\/wp\/v2\/product"}],"about":[{"href":"https:\/\/galicianparts.com\/shop\/wp-json\/wp\/v2\/types\/product"}],"wp:featuredmedia":[{"embeddable":true,"href":"https:\/\/galicianparts.com\/shop\/wp-json\/wp\/v2\/media\/81674"}],"wp:attachment":[{"href":"https:\/\/galicianparts.com\/shop\/wp-json\/wp\/v2\/media?parent=81673"}],"wp:term":[{"taxonomy":"product_cat","embeddable":true,"href":"https:\/\/galicianparts.com\/shop\/wp-json\/wp\/v2\/product_cat?post=81673"},{"taxonomy":"product_tag","embeddable":true,"href":"https:\/\/galicianparts.com\/shop\/wp-json\/wp\/v2\/product_tag?post=81673"}],"curies":[{"name":"wp","href":"https:\/\/api.w.org\/{rel}","templated":true}]}}