{"id":81685,"date":"2023-12-28T10:42:36","date_gmt":"2023-12-28T08:42:36","guid":{"rendered":"https:\/\/galicianparts.com\/shop\/producto\/95492693-butee-embrague-fiat-ducato-90-94-alfa-ar6-citroen-c25-cx-peugeot-j5-original-valeo\/"},"modified":"2025-09-10T12:25:57","modified_gmt":"2025-09-10T10:25:57","slug":"95492693-butee-embrague-fiat-ducato-90-94-alfa-ar6-citroen-c25-cx-peugeot-j5-original-valeo","status":"publish","type":"product","link":"https:\/\/galicianparts.com\/shop\/producto\/95492693-butee-embrague-fiat-ducato-90-94-alfa-ar6-citroen-c25-cx-peugeot-j5-original-valeo\/","title":{"rendered":"95492693 Butee embrague Fiat Ducato (90-94) Alfa AR6 \/Citro\u00ebn C25 \/CX \/Peugeot J5 ORIGINAL VALEO"},"content":{"rendered":"<p>Rodamiento de empuje del embrague VALEO de:<\/p>\n<p>FIAT Ducato I (290)<br \/>\n1.9 D, A\u00f1o 07.1990 &#8211; 03.1994, 1929 ccm, 71 cv<br \/>\n1.9 TD, A\u00f1o 07.1990 &#8211; 03.1994, 1929 ccm, 82 cv<br \/>\n2.0, A\u00f1o 07.1990 &#8211; 03.1994, 1971 ccm, 84 cv<br \/>\n2.0 4&#215;4, A\u00f1o 06.1990 &#8211; 05.1994, 1971 ccm, 86 cv<br \/>\n2.5 D, A\u00f1o 07.1990 &#8211; 03.1994, 2500 ccm, 75 cv<br \/>\n2.5 D 4&#215;4, A\u00f1o 07.1990 &#8211; 03.1994, 2500 ccm, 75 cv<br \/>\n2.5 TD, A\u00f1o 06.1990 &#8211; 05.1994, 2499 ccm, 95 cv<br \/>\n2.5 TD 4&#215;4, A\u00f1o 01.1991 &#8211; 03.1994, 2500 ccm, 95 cv<br \/>\n2.5 TD 4&#215;4, A\u00f1o 06.1990 &#8211; 05.1994, 2499 ccm, 95 cv<br \/>\nFIAT Ducato I (280)<br \/>\n1.8, A\u00f1o 01.1982 &#8211; 10.1988, 1783 ccm, 67 cv<br \/>\n1.9 D, A\u00f1o 01.1988 &#8211; 08.1990, 1929 ccm, 71 cv<br \/>\n1.9 TD, A\u00f1o 03.1989 &#8211; 08.1990, 1929 ccm, 82 cv<br \/>\n2.0, A\u00f1o 07.1985 &#8211; 08.1990, 1971 ccm, 75 cv<br \/>\n2.0, A\u00f1o 01.1982 &#8211; 08.1990, 1971 ccm, 79 cv<br \/>\n2.0, A\u00f1o 03.1989 &#8211; 08.1990, 1971 ccm, 84 cv<br \/>\n2.4 D, A\u00f1o 01.1982 &#8211; 08.1990, 2428 ccm, 72 cv<br \/>\n2.5 D, A\u00f1o 01.1982 &#8211; 08.1990, 2500 ccm, 75 cv<br \/>\n2.5 D 4&#215;4, A\u00f1o 03.1989 &#8211; 08.1990, 2500 ccm, 75 cv<br \/>\n2.5 TD 4&#215;4, A\u00f1o 09.1986 &#8211; 09.1990, 2445 ccm, 92 cv<br \/>\nFIAT Ducato I Panorama (280)<br \/>\n1.8, A\u00f1o 07.1982 &#8211; 12.1988, 1796 ccm, 69 cv<br \/>\n1.9 D, A\u00f1o 02.1987 &#8211; 08.1990, 1929 ccm, 71 cv<br \/>\n1.9 TD, A\u00f1o 03.1989 &#8211; 08.1990, 1929 ccm, 82 cv<br \/>\n2.0, A\u00f1o 01.1986 &#8211; 08.1990, 1971 ccm, 75 cv<br \/>\n2.0, A\u00f1o 07.1982 &#8211; 05.1985, 1971 ccm, 79 cv<br \/>\n2.0, A\u00f1o 09.1988 &#8211; 08.1990, 1971 ccm, 84 cv<br \/>\n2.4 D, A\u00f1o 07.1982 &#8211; 12.1985, 2428 ccm, 72 cv<br \/>\n2.5 D, A\u00f1o 01.1986 &#8211; 08.1990, 2500 ccm, 75 cv<br \/>\n2.5 D 4&#215;4, A\u00f1o 01.1987 &#8211; 08.1990, 2500 ccm, 75 cv<br \/>\n2.5 TD, A\u00f1o 01.1987 &#8211; 08.1990, 2445 ccm, 92 cv<br \/>\n2.5 TD 4&#215;4, A\u00f1o 01.1986 &#8211; 08.1990, 2445 ccm, 92 cv<br \/>\nFIAT Talento Furg\u00f3n (290)<br \/>\n1.9 D, A\u00f1o 03.1989 &#8211; 03.1994, 1929 ccm, 71 cv<br \/>\n2.0, A\u00f1o 03.1989 &#8211; 03.1994, 1971 ccm, 75 cv<\/p>\n<p>ALFA ROMEO AR6 Furg\u00f3n (280)<br \/>\n2.4 D (280), A\u00f1o 04.1985 &#8211; 02.1986, 2445 ccm, 72 cv<br \/>\n2.5 D (280), A\u00f1o 03.1986 &#8211; 12.1989, 2499 ccm, 75 cv<\/p>\n<p>CITRO\u00cbN CX I<br \/>\n2.0, A\u00f1o 09.1974 &#8211; 05.1979, 1985 ccm, 102 cv<br \/>\n2.0, A\u00f1o 06.1979 &#8211; 08.1985, 1995 ccm, 106 cv<br \/>\n2.2, A\u00f1o 09.1974 &#8211; 07.1976, 2175 ccm, 112 cv<br \/>\n2.2 D, A\u00f1o 10.1975 &#8211; 02.1979, 2175 ccm, 67 cv<br \/>\n2400, A\u00f1o 08.1976 &#8211; 06.1980, 2347 ccm, 116 cv<br \/>\n2400, A\u00f1o 05.1980 &#8211; 05.1982, 2347 ccm, 120 cv<br \/>\n2400 GTi, A\u00f1o 06.1977 &#8211; 06.1982, 2347 ccm, 128 cv<br \/>\n2400 GTi, A\u00f1o 06.1977 &#8211; 06.1982, 2347 ccm, 131 cv<br \/>\n25 D Turbo, A\u00f1o 04.1983 &#8211; 08.1985, 2499 ccm, 95 cv<br \/>\n2.5 GTi Turbo 2, A\u00f1o 06.1984 &#8211; 08.1985, 2500 ccm, 166 cv<br \/>\n2500 D, A\u00f1o 02.1978 &#8211; 06.1982, 2499 ccm, 75 cv<br \/>\nCITRO\u00cbN CX II<br \/>\n2.0 RE, A\u00f1o 08.1985 &#8211; 12.1992, 1995 ccm, 106 cv<br \/>\n22 TRS, A\u00f1o 07.1985 &#8211; 12.1992, 2165 ccm, 113 cv<br \/>\n2.2 TRS, A\u00f1o 07.1985 &#8211; 07.1989, 2165 ccm, 115 cv<br \/>\n25 D, A\u00f1o 08.1985 &#8211; 12.1992, 2499 ccm, 73 cv<br \/>\n25 D Turbo, A\u00f1o 08.1985 &#8211; 12.1986, 2499 ccm, 95 cv<br \/>\n25 D Turbo, A\u00f1o 01.1987 &#8211; 12.1992, 2499 ccm, 120 cv<br \/>\n2.5 GTi Turbo 2, A\u00f1o 08.1985 &#8211; 12.1992, 2500 ccm, 166 cv<br \/>\n2.5 TRi, A\u00f1o 08.1985 &#8211; 12.1992, 2500 ccm, 136 cv<br \/>\nCITRO\u00cbN C25<br \/>\n1.8 E, A\u00f1o 07.1987 &#8211; 02.1994, 1796 ccm, 69 cv<br \/>\n2.0, A\u00f1o 02.1991 &#8211; 02.1994, 1971 ccm, 84 cv<br \/>\n2.0 E, A\u00f1o 09.1981 &#8211; 02.1994, 1971 ccm, 79 cv<br \/>\n2.5 D, A\u00f1o 10.1985 &#8211; 02.1994, 2498 ccm, 73 cv<br \/>\n2.5 D, A\u00f1o 11.1981 &#8211; 01.1994, 2498 ccm, 75 cv<br \/>\n2.5 D 4&#215;4, A\u00f1o 01.1987 &#8211; 02.1994, 2498 ccm, 73 cv<br \/>\n2.5 D Turbo, A\u00f1o 08.1987 &#8211; 02.1994, 2500 ccm, 95 cv<br \/>\n2.5 D Turbo 4&#215;4, A\u00f1o 08.1987 &#8211; 02.1994, 2500 ccm, 95 cv<br \/>\nCITRO\u00cbN C25<br \/>\n1.8, A\u00f1o 11.1981 &#8211; 01.1994, 1796 ccm, 68 cv<br \/>\n2.0, A\u00f1o 11.1981 &#8211; 12.1986, 1971 ccm, 78 cv<br \/>\n2.0, A\u00f1o 02.1991 &#8211; 03.1994, 1971 ccm, 84 cv<br \/>\n2.0 E, A\u00f1o 09.1981 &#8211; 03.1994, 1971 ccm, 79 cv<br \/>\n2.5 D, A\u00f1o 02.1985 &#8211; 07.1994, 2498 ccm, 73 cv<br \/>\n2.5 D, A\u00f1o 11.1981 &#8211; 01.1994, 2498 ccm, 75 cv<br \/>\n2.5 DT, A\u00f1o 08.1991 &#8211; 01.1994, 2498 ccm, 95 cv<br \/>\n2.5 DT 4&#215;4, A\u00f1o 08.1991 &#8211; 01.1994, 2498 ccm, 95 cv<\/p>\n<p>PEUGEOT J5 (280)<br \/>\n1.8, A\u00f1o 01.1983 &#8211; 11.1988, 1796 ccm, 69 cv<br \/>\n2.0, A\u00f1o 09.1981 &#8211; 08.1990, 1971 ccm, 79 cv<br \/>\n2.5 D, A\u00f1o 09.1981 &#8211; 08.1990, 2498 ccm, 73 cv<br \/>\n2.5 DT, A\u00f1o 09.1981 &#8211; 08.1990, 2498 ccm, 95 cv<br \/>\nPEUGEOT J5 Cami\u00f3n de plataforma\/Chasis (280)<br \/>\n2.0, A\u00f1o 01.1986 &#8211; 11.1988, 1971 ccm, 75 cv<br \/>\n2.0, A\u00f1o 01.1983 &#8211; 11.1988, 1971 ccm, 79 cv<br \/>\n2.5 D, A\u00f1o 09.1981 &#8211; 09.1990, 2500 ccm, 73 cv<br \/>\n2.5 D 4&#215;4, A\u00f1o 09.1981 &#8211; 08.1990, 2498 ccm, 73 cv<br \/>\n2.5 DT, A\u00f1o 09.1981 &#8211; 08.1990, 2498 ccm, 95 cv<br \/>\nPEUGEOT J5 (290)<br \/>\n1.8, A\u00f1o 09.1990 &#8211; 01.1994, 1796 ccm, 69 cv<br \/>\n2.0, A\u00f1o 09.1990 &#8211; 01.1994, 1971 ccm, 84 cv<br \/>\n2.5 D, A\u00f1o 09.1990 &#8211; 01.1994, 2498 ccm, 73 cv<br \/>\n2.5 D 4&#215;4, A\u00f1o 10.1990 &#8211; 03.1994, 2500 ccm, 73 cv<br \/>\n2.5 DT, A\u00f1o 09.1990 &#8211; 01.1994, 2498 ccm, 95 cv<br \/>\n2.5 TD 4&#215;4, A\u00f1o 10.1990 &#8211; 03.1994, 2500 ccm, 95 cv<\/p>\n<p>LA PIEZA ES NUEVA Y ORIGINAL VALEO.<\/p>\n","protected":false},"excerpt":{"rendered":"<p>Rodamiento de empuje del embrague VALEO de: FIAT Ducato I (290) 1.9 D, A\u00f1o 07.1990 &#8211; 03.1994, 1929 ccm, 71 cv 1.9 TD, A\u00f1o 07.1990 &#8211; 03.1994, 1929 ccm, 82 cv 2.0, A\u00f1o 07.1990 &#8211; 03.1994, 1971 ccm, 84 cv 2.0 4&#215;4, A\u00f1o 06.1990 &#8211; 05.1994, 1971 ccm, 86 cv 2.5 D, A\u00f1o 07.1990 &#8211; [&hellip;]<\/p>\n","protected":false},"featured_media":81687,"template":"","meta":{"_seopress_robots_primary_cat":"","_seopress_titles_title":"","_seopress_titles_desc":"","_seopress_robots_index":""},"product_cat":[16,184,132,23,136,88,20,157,24,110],"product_tag":[],"class_list":{"0":"post-81685","1":"product","2":"type-product","3":"status-publish","4":"has-post-thumbnail","6":"product_cat-recambios-alfa-romeo","7":"product_cat-recambios-alfa-romeo-ar6","8":"product_cat-recambios-citroen-c25","9":"product_cat-recambios-citroen","10":"product_cat-recambios-citroen-cx","11":"product_cat-recambios-fiat-ducato","12":"product_cat-recambios-fiat","13":"product_cat-recambios-peugeot-j5","14":"product_cat-recambios-peugeot","15":"product_cat-recambios-fiat-talento","17":"first","18":"instock","19":"taxable","20":"shipping-taxable","21":"purchasable","22":"product-type-simple"},"_links":{"self":[{"href":"https:\/\/galicianparts.com\/shop\/wp-json\/wp\/v2\/product\/81685"}],"collection":[{"href":"https:\/\/galicianparts.com\/shop\/wp-json\/wp\/v2\/product"}],"about":[{"href":"https:\/\/galicianparts.com\/shop\/wp-json\/wp\/v2\/types\/product"}],"wp:featuredmedia":[{"embeddable":true,"href":"https:\/\/galicianparts.com\/shop\/wp-json\/wp\/v2\/media\/81687"}],"wp:attachment":[{"href":"https:\/\/galicianparts.com\/shop\/wp-json\/wp\/v2\/media?parent=81685"}],"wp:term":[{"taxonomy":"product_cat","embeddable":true,"href":"https:\/\/galicianparts.com\/shop\/wp-json\/wp\/v2\/product_cat?post=81685"},{"taxonomy":"product_tag","embeddable":true,"href":"https:\/\/galicianparts.com\/shop\/wp-json\/wp\/v2\/product_tag?post=81685"}],"curies":[{"name":"wp","href":"https:\/\/api.w.org\/{rel}","templated":true}]}}