{"id":81717,"date":"2023-12-28T13:18:30","date_gmt":"2023-12-28T11:18:30","guid":{"rendered":"https:\/\/galicianparts.com\/shop\/producto\/40003050-reten-298x52x10-135-diferencial-lancia-delta-integrale-fiat-alfa-seat-original\/"},"modified":"2024-08-09T12:16:33","modified_gmt":"2024-08-09T10:16:33","slug":"40003050-reten-298x52x10-135-diferencial-lancia-delta-integrale-fiat-alfa-seat-original","status":"publish","type":"product","link":"https:\/\/galicianparts.com\/shop\/producto\/40003050-reten-298x52x10-135-diferencial-lancia-delta-integrale-fiat-alfa-seat-original\/","title":{"rendered":"40003050 Ret\u00e9n 29,8x52x10\/13,5 diferencial Lancia Delta Integrale \/Fiat \/Alfa \/Seat ORIGINAL"},"content":{"rendered":"<p>40004830 Junta de la tapa de apoyo del palier en el diferencial de:<br \/>\nMedidas: 29,8x52x10\/13,5 mm<\/p>\n<p>ALFA ROMEO 145 (930)<br \/>\n1.4 i.e. 16V T.S. (930.A3A), A\u00f1o 12.1996 &#8211; 01.2001, 1370 ccm, 103 cv<br \/>\n1.6 i.e. 16V T.S. (930.A2), A\u00f1o 12.1996 &#8211; 01.2001, 1598 ccm, 120 cv<br \/>\n1.8 i.e. 16V (930.A1A), A\u00f1o 03.1998 &#8211; 01.2001, 1747 ccm, 144 cv<br \/>\n1.8 i.e. 16V T.S. (930.A1A), A\u00f1o 12.1996 &#8211; 12.1998, 1747 ccm, 140 cv<br \/>\n1.9 D (930A4), A\u00f1o 07.1994 &#8211; 02.1999, 1929 ccm, 92 cv<br \/>\n1.9 TD (930.A4), A\u00f1o 10.1994 &#8211; 02.1999, 1929 ccm, 90 cv<br \/>\n2.0 16V (930.A5), A\u00f1o 03.1998 &#8211; 01.2001, 1970 ccm, 155 cv<br \/>\n2.0 16V T.S. (930.A5), A\u00f1o 10.1995 &#8211; 01.2001, 1970 ccm, 150 cv<br \/>\nALFA ROMEO 155 (167)<br \/>\n1.6 16V T.S. (167.A6A), A\u00f1o 05.1996 &#8211; 12.1997, 1598 ccm, 120 cv<br \/>\n1.7 T.S., A\u00f1o 04.1993 &#8211; 04.1996, 1748 ccm, 115 cv<br \/>\n1.7 T.S. (167.A4G), A\u00f1o 04.1993 &#8211; 04.1996, 1748 ccm, 113 cv<br \/>\n1.7 T.S. 16V (167.A4N), A\u00f1o 05.1996 &#8211; 12.1997, 1747 ccm, 140 cv<br \/>\n1.8 T.S. (167.A4C, 167.A), A\u00f1o 02.1992 &#8211; 12.1997, 1756 ccm, 105 cv<br \/>\n1.8 T.S. (167A4), A\u00f1o 02.1992 &#8211; 05.1994, 1773 ccm, 129 cv<br \/>\n1.8 T.S. Sport (167.A4A, 167.A4C, 167.A4E), A\u00f1o 03.1992 &#8211; 12.1996, 1773 ccm, 127 cv<br \/>\n1.9 TD (167.A3B, 167.A3), A\u00f1o 04.1993 &#8211; 12.1997, 1929 ccm, 90 cv<br \/>\n2.0 T.S. (167.A2A, 167.A2D), A\u00f1o 02.1992 &#8211; 05.1995, 1995 ccm, 141 cv<br \/>\n2.0 T.S. (167.A2D), A\u00f1o 02.1992 &#8211; 01.1995, 1995 ccm, 144 cv<br \/>\n2.0 T.S. 16V, A\u00f1o 03.1995 &#8211; 12.1997, 1970 ccm, 150 cv<br \/>\nALFA ROMEO 146 (930)<br \/>\n1.4 i.e. 16V T.S. (930.B3A), A\u00f1o 11.1996 &#8211; 01.2001, 1370 ccm, 103 cv<br \/>\n1.6 i.e. 16V T.S. (930.B2B, 930.B2C), A\u00f1o 11.1996 &#8211; 10.2001, 1598 ccm, 120 cv<br \/>\n1.8 i.e. 16V T.S. (930.B1A), A\u00f1o 11.1996 &#8211; 01.2001, 1747 ccm, 140 cv<br \/>\n1.8 i.e. 16V T.S. (930.B1A), A\u00f1o 03.1998 &#8211; 01.2001, 1747 ccm, 144 cv<br \/>\n1.9 D (930.B4), A\u00f1o 05.1995 &#8211; 09.1996, 1929 ccm, 92 cv<br \/>\n1.9 TD (930.B4A), A\u00f1o 12.1994 &#8211; 02.1999, 1929 ccm, 90 cv<br \/>\n2.0 16V (930.B5), A\u00f1o 03.1997 &#8211; 10.2001, 1970 ccm, 155 cv<br \/>\n2.0 16V T.S. (930.B5), A\u00f1o 10.1995 &#8211; 01.2001, 1970 ccm, 150 cv<br \/>\nALFA ROMEO GTV (916, 916C)<br \/>\n1.8 16V, A\u00f1o 05.1998 &#8211; 10.2005, 1747 ccm, 144 cv<br \/>\n2.0 JTS (916CXA00), A\u00f1o 04.2003 &#8211; 10.2005, 1970 ccm, 165 cv<br \/>\n2.0 T.SPARK 16V, A\u00f1o 06.1995 &#8211; 10.2005, 1970 ccm, 150 cv<br \/>\n2.0 T.SPARK 16V (916C2C), A\u00f1o 09.1997 &#8211; 03.2003, 1970 ccm, 155 cv<br \/>\nALFA ROMEO Spider (916, 916S)<br \/>\n1.8 16V, A\u00f1o 05.1998 &#8211; 04.2005, 1747 ccm, 144 cv<br \/>\n2.0 JTS (916SXA00), A\u00f1o 04.2003 &#8211; 04.2005, 1970 ccm, 165 cv<br \/>\n2.0 T.SPARK 16V, A\u00f1o 05.1998 &#8211; 08.2000, 1970 ccm, 155 cv<br \/>\n2.0 T.SPARK 16V, A\u00f1o 06.1995 &#8211; 04.2005, 1970 ccm, 150 cv<br \/>\nALFA ROMEO 156 (932)<br \/>\n1.6 16V T.SPARK (932.A4, 932.A4100), A\u00f1o 09.1997 &#8211; 09.2005, 1598 ccm, 120 cv<br \/>\n1.8 16V T.SPARK (932.A3), A\u00f1o 09.1997 &#8211; 10.2000, 1747 ccm, 144 cv<br \/>\n1.8 16V T.SPARK (932.A3100), A\u00f1o 09.1997 &#8211; 09.2005, 1747 ccm, 140 cv<br \/>\n2.0 16V T.SPARK, A\u00f1o 09.1997 &#8211; 06.2002, 1970 ccm, 155 cv<br \/>\n2.0 16V T.SPARK, A\u00f1o 10.2000 &#8211; 03.2002, 1970 ccm, 150 cv<br \/>\n2.0 JTS, A\u00f1o 03.2002 &#8211; 09.2005, 1970 ccm, 166 cv<br \/>\n2.0 JTS (932AXD00, 932AXD01), A\u00f1o 03.2001 &#8211; 09.2005, 1970 ccm, 162 cv<br \/>\nALFA ROMEO 147 (937)<br \/>\n1.6 16V T.SPARK (937.AXA1A, 937.AXB1A, 937.BXB1A), A\u00f1o 01.2001 &#8211; 03.2010, 1598 ccm, 120 cv<br \/>\n1.6 16V T.SPARK ECO (937.AXA1A, 937.BXA1A), A\u00f1o 01.2001 &#8211; 03.2010, 1598 ccm, 105 cv<br \/>\n1.9 JTD (937.AXF1A, 937.BXF1A), A\u00f1o 06.2003 &#8211; 03.2010, 1910 ccm, 101 cv<br \/>\n2.0 16V T.SPARK (937.AXA1, 937.AXC1, 937.BXC1), A\u00f1o 01.2001 &#8211; 03.2010, 1970 ccm, 150 cv<br \/>\nALFA ROMEO GT (937)<br \/>\n1.8 TS (937CXR1A), A\u00f1o 11.2003 &#8211; 09.2010, 1747 ccm, 140 cv<br \/>\n2.0 JTS (937CXH1A, 937CXH11), A\u00f1o 11.2003 &#8211; 09.2010, 1970 ccm, 165 cv<br \/>\nALFA ROMEO MiTo (955)<br \/>\n1.3 MultiJet (955AXP1A, 955AYC1A), A\u00f1o 09.2009 &#8211; 10.2018, 1248 ccm, 95 cv<br \/>\n1.4 TJet (955AXG1A), A\u00f1o 08.2008 &#8211; 08.2013, 1368 ccm, 120 cv<br \/>\n1.4 Turbo MultiAir (955AXM1A, 955AXR11), A\u00f1o 10.2009 &#8211; 12.2014, 1368 ccm, 135 cv<\/p>\n<p>FIAT Regata Berlina (138)<br \/>\n1.9 Di\u00e9sel 65, A\u00f1o 04.1984 &#8211; 07.1989, 1929 ccm, 65 cv<br \/>\nFIAT Croma I Hatchback (154)<br \/>\n1.6, A\u00f1o 12.1985 &#8211; 12.1990, 1585 ccm, 83 cv<br \/>\n2.0 CHT, A\u00f1o 12.1985 &#8211; 02.1989, 1995 ccm, 90 cv<br \/>\n2.0 i.e. Turbo, A\u00f1o 12.1985 &#8211; 06.1990, 1995 ccm, 155 cv<br \/>\n2.5 D, A\u00f1o 12.1985 &#8211; 12.1989, 2499 ccm, 75 cv<br \/>\n2.5 TD, A\u00f1o 12.1985 &#8211; 08.1989, 2445 ccm, 101 cv<br \/>\nFIAT Tempra (159)<br \/>\n1.8 i.e., A\u00f1o 03.1992 &#8211; 08.1996, 1756 ccm, 105 cv<br \/>\n1.8 i.e., A\u00f1o 03.1990 &#8211; 08.1996, 1756 ccm, 110 cv<br \/>\n1.8 i.e., A\u00f1o 09.1993 &#8211; 08.1996, 1756 ccm, 103 cv<br \/>\n1.8 i.e., A\u00f1o 09.1993 &#8211; 08.1996, 1756 ccm, 90 cv<br \/>\n1.8 i.e., A\u00f1o 10.1994 &#8211; 08.1996, 1756 ccm, 101 cv<br \/>\n1.9 TD, A\u00f1o 07.1992 &#8211; 08.1996, 1929 ccm, 80 cv<br \/>\n1.9 TD, A\u00f1o 05.1990 &#8211; 08.1996, 1929 ccm, 90 cv<br \/>\nFIAT Tipo Hatchback (160)<br \/>\n1.8 i.e, A\u00f1o 03.1993 &#8211; 04.1995, 1756 ccm, 97 cv<br \/>\n1.8 i.e., A\u00f1o 09.1993 &#8211; 04.1995, 1756 ccm, 90 cv<br \/>\n1.8 i.e., A\u00f1o 10.1990 &#8211; 06.1993, 1756 ccm, 105 cv<br \/>\n1.8 i.e., A\u00f1o 04.1993 &#8211; 04.1995, 1756 ccm, 103 cv<br \/>\n1.8 i.e., A\u00f1o 10.1994 &#8211; 10.1995, 1756 ccm, 101 cv<br \/>\n1.8 i.e.16V Sport, A\u00f1o 11.1989 &#8211; 06.1992, 1756 ccm, 136 cv<br \/>\n1.9 TD, A\u00f1o 03.1992 &#8211; 06.1993, 1929 ccm, 80 cv<br \/>\n1.9 TD, A\u00f1o 09.1990 &#8211; 04.1995, 1929 ccm, 90 cv<br \/>\n2.0 i.e. 16V Sport, A\u00f1o 03.1993 &#8211; 04.1995, 1995 ccm, 139 cv<br \/>\nFIAT Punto I Hatchback (176)<br \/>\n1.4 GT Turbo (176AD_), A\u00f1o 10.1993 &#8211; 03.1997, 1372 ccm, 133 cv<br \/>\n1.4 GT Turbo (176AS_), A\u00f1o 09.1996 &#8211; 07.1999, 1372 ccm, 131 cv<br \/>\n1.7 TD, A\u00f1o 01.1994 &#8211; 09.1999, 1698 ccm, 69 cv<br \/>\n1.7 TD, A\u00f1o 01.1994 &#8211; 09.1999, 1698 ccm, 71 cv<br \/>\nFIAT Uno Hatchback (146)<br \/>\n1.3 Turbo i.e., A\u00f1o 01.1987 &#8211; 12.1987, 1301 ccm, 99 cv<br \/>\n1.3 Turbo i.e., A\u00f1o 09.1989 &#8211; 03.1991, 1301 ccm, 101 cv<br \/>\n1.3 Turbo i.e., A\u00f1o 04.1985 &#8211; 08.1989, 1301 ccm, 105 cv<br \/>\nFIAT Barchetta (183)<br \/>\n1.8 16V, A\u00f1o 04.1995 &#8211; 05.2005, 1747 ccm, 130 cv<br \/>\nFIAT Brava Hatchback (182)<br \/>\n1.8 GT 16V (182.BC), A\u00f1o 10.1995 &#8211; 08.2001, 1747 ccm, 113 cv<br \/>\n1.9 JTD, A\u00f1o 09.2000 &#8211; 10.2001, 1910 ccm, 100 cv<br \/>\n1.9 JTD 105, A\u00f1o 12.1998 &#8211; 10.2001, 1910 ccm, 105 cv<br \/>\n1.9 TD 100 S, A\u00f1o 03.1996 &#8211; 10.2001, 1910 ccm, 100 cv<br \/>\n1.9 TD 75 S, A\u00f1o 03.1996 &#8211; 10.2001, 1910 ccm, 75 cv<br \/>\nFIAT Bravo I Hatchback (182)<br \/>\n1.8 GT, A\u00f1o 10.1995 &#8211; 10.2001, 1747 ccm, 113 cv<br \/>\n1.9 JTD, A\u00f1o 09.2000 &#8211; 10.2001, 1910 ccm, 100 cv<br \/>\n1.9 JTD 105, A\u00f1o 12.1998 &#8211; 10.2001, 1910 ccm, 105 cv<br \/>\n1.9 TD 100 S, A\u00f1o 03.1996 &#8211; 10.2001, 1910 ccm, 100 cv<br \/>\n1.9 TD 75 S, A\u00f1o 03.1996 &#8211; 10.2001, 1910 ccm, 75 cv<br \/>\n2.0 HGT 20V, A\u00f1o 10.1995 &#8211; 07.1998, 1998 ccm, 147 cv<br \/>\n2.0 HGT 20V, A\u00f1o 07.1998 &#8211; 10.2001, 1998 ccm, 154 cv<br \/>\nFIAT Marea (185)<br \/>\n1.8 115 16V, A\u00f1o 09.1996 &#8211; 05.2002, 1747 ccm, 113 cv<br \/>\n1.9 JTD 105 (185AXN1A), A\u00f1o 12.1998 &#8211; 12.2002, 1910 ccm, 105 cv<br \/>\n1.9 JTD 110 (185AXT1A), A\u00f1o 09.2000 &#8211; 08.2002, 1910 ccm, 110 cv<br \/>\n1.9 TD 100 (185AX_), A\u00f1o 05.1996 &#8211; 12.2002, 1910 ccm, 100 cv<br \/>\n1.9 TD 75, A\u00f1o 09.1996 &#8211; 05.2002, 1910 ccm, 75 cv<br \/>\n2.0 150 20V, A\u00f1o 09.1996 &#8211; 04.1999, 1998 ccm, 147 cv<br \/>\n2.0 150 20V, A\u00f1o 01.2001 &#8211; 05.2002, 1998 ccm, 150 cv<br \/>\n2.0 155 20V, A\u00f1o 04.1999 &#8211; 01.2001, 1998 ccm, 154 cv<br \/>\nFIAT Coupe (175)<br \/>\n1.8 16V, A\u00f1o 03.1996 &#8211; 08.2000, 1747 ccm, 131 cv<br \/>\n2.0 16V, A\u00f1o 11.1993 &#8211; 08.1996, 1995 ccm, 139 cv<br \/>\n2.0 20V, A\u00f1o 04.1998 &#8211; 08.2000, 1998 ccm, 154 cv<br \/>\n2.0 20V (175AXC1A), A\u00f1o 08.1996 &#8211; 09.1998, 1998 ccm, 147 cv<br \/>\nFIAT Multipla (186)<br \/>\n1.9 JTD, A\u00f1o 04.2002 &#8211; 06.2010, 1910 ccm, 120 cv<br \/>\n1.9 JTD 105 (186AXB1A), A\u00f1o 04.1999 &#8211; 06.2010, 1910 ccm, 105 cv<br \/>\n1.9 JTD 110, A\u00f1o 03.2001 &#8211; 07.2002, 1910 ccm, 110 cv<br \/>\n1.9 JTD 115, A\u00f1o 07.2002 &#8211; 06.2010, 1910 ccm, 115 cv<br \/>\nFIAT Strada Pick-up (178)<br \/>\n1.3 D Multijet, A\u00f1o 05.2006 &#8211; &#8230;, 1248 ccm, 85 cv<br \/>\n1.9 JTD, A\u00f1o 04.2003 &#8211; &#8230;, 1910 ccm, 80 cv<br \/>\nFIAT Punto II Hatchback (188)<br \/>\n1.3 JTD 16V, A\u00f1o 06.2003 &#8211; 03.2012, 1248 ccm, 70 cv<br \/>\n1.8 130 HGT, A\u00f1o 09.1999 &#8211; 03.2012, 1747 ccm, 130 cv<br \/>\n1.9 JTD, A\u00f1o 10.2001 &#8211; 03.2012, 1910 ccm, 86 cv<br \/>\n1.9 JTD 80, A\u00f1o 09.1999 &#8211; 03.2012, 1910 ccm, 80 cv<br \/>\nFIAT Doblo I Familiar (119, 223)<br \/>\n1.3 D Multijet, A\u00f1o 10.2005 &#8211; &#8230;, 1248 ccm, 84 cv<br \/>\n1.9 JTD, A\u00f1o 07.2003 &#8211; &#8230;, 1910 ccm, 105 cv<br \/>\n1.9 JTD, A\u00f1o 10.2001 &#8211; &#8230;, 1910 ccm, 100 cv<br \/>\nFIAT Doblo I Cargo (223)<br \/>\n1.3 D Multijet, A\u00f1o 10.2005 &#8211; 01.2010, 1248 ccm, 75 cv<br \/>\n1.3 JTD 16V, A\u00f1o 05.2004 &#8211; 12.2006, 1248 ccm, 70 cv<br \/>\n1.9 JTD, A\u00f1o 07.2003 &#8211; &#8230;, 1910 ccm, 105 cv<br \/>\n1.9 JTD, A\u00f1o 10.2001 &#8211; &#8230;, 1910 ccm, 100 cv<br \/>\nFIAT Stilo (192)<br \/>\n1.8 16V, A\u00f1o 01.2003 &#8211; 08.2008, 1747 ccm, 133 cv<br \/>\n1.9 JTD, A\u00f1o 01.2003 &#8211; 08.2008, 1910 ccm, 80 cv<br \/>\nFIAT Idea (350)<br \/>\n1.3 D Multijet, A\u00f1o 01.2004 &#8211; &#8230;, 1248 ccm, 70 cv<br \/>\n1.3 D Multijet, A\u00f1o 10.2005 &#8211; &#8230;, 1248 ccm, 90 cv<br \/>\nFIAT Grande Punto Hatchback (199)<br \/>\n1.3 D Multijet, A\u00f1o 10.2005 &#8211; &#8230;, 1248 ccm, 75 cv<br \/>\n1.3 D Multijet (199.AXD11, 199.AXD1A, 199.AXD1B,&#8230;, A\u00f1o 10.2005 &#8211; 12.2010, 1248 ccm, 90 cv<br \/>\nFIAT Linea (323, 110)<br \/>\n1.3 D Multijet, A\u00f1o 11.2008 &#8211; &#8230;, 1248 ccm, 93 cv<br \/>\n1.3 D Multijet (323AXB11, 323AXB1A), A\u00f1o 06.2007 &#8211; &#8230;, 1248 ccm, 90 cv<br \/>\n1.4 T-Jet (323AXC1A), A\u00f1o 05.2007 &#8211; &#8230;, 1368 ccm, 120 cv<\/p>\n<p>LANCIA Dedra Berlina (835)<br \/>\n1.8 16V LE, A\u00f1o 03.1996 &#8211; 07.1999, 1747 ccm, 113 cv<br \/>\n1.8 GT 16V, A\u00f1o 03.1996 &#8211; 07.1999, 1747 ccm, 131 cv<br \/>\n1.8 i.e., A\u00f1o 09.1989 &#8211; 06.1994, 1756 ccm, 109 cv<br \/>\n1.8 i.e., A\u00f1o 08.1993 &#8211; 07.1999, 1756 ccm, 90 cv<br \/>\n1.8 i.e., A\u00f1o 09.1989 &#8211; 07.1999, 1756 ccm, 105 cv<br \/>\n1.8 i.e., A\u00f1o 07.1994 &#8211; 07.1999, 1756 ccm, 101 cv<br \/>\n1.9 TDS, A\u00f1o 04.1989 &#8211; 07.1999, 1929 ccm, 90 cv<br \/>\n2.0 16V, A\u00f1o 07.1994 &#8211; 07.1999, 1995 ccm, 139 cv<br \/>\n2.0 i.e., A\u00f1o 09.1989 &#8211; 07.1992, 1995 ccm, 117 cv<br \/>\n2.0 i.e., A\u00f1o 09.1989 &#8211; 07.1999, 1995 ccm, 113 cv<br \/>\nLANCIA Delta I (831)<br \/>\n1.1, A\u00f1o 01.1986 &#8211; 12.1990, 1116 ccm, 64 cv<br \/>\n1.3, A\u00f1o 09.1979 &#8211; 08.1992, 1301 ccm, 75 cv<br \/>\n1.5, A\u00f1o 09.1979 &#8211; 12.1992, 1498 ccm, 86 cv<br \/>\n1.6 GT (831AB.06), A\u00f1o 11.1982 &#8211; 04.1986, 1585 ccm, 105 cv<br \/>\n1.6 GT i.e., A\u00f1o 05.1987 &#8211; 08.1992, 1585 ccm, 90 cv<br \/>\n1.6 GT i.e., A\u00f1o 08.1986 &#8211; 08.1988, 1585 ccm, 109 cv<br \/>\n1.6 HF Turbo (831AB.0), A\u00f1o 10.1983 &#8211; 12.1986, 1585 ccm, 131 cv<br \/>\n1.6 HF Turbo, A\u00f1o 08.1986 &#8211; 08.1988, 1585 ccm, 140 cv<br \/>\n1.6 HF Turbo, A\u00f1o 04.1987 &#8211; 03.1989, 1585 ccm, 132 cv<br \/>\n1.9 Turbo DS, A\u00f1o 10.1986 &#8211; 12.1989, 1929 ccm, 80 cv<br \/>\n2.0 HF Integrale, A\u00f1o 11.1986 &#8211; 08.1988, 1995 ccm, 166 cv<br \/>\n2.0 HF Integrale, A\u00f1o 10.1987 &#8211; 12.1991, 1995 ccm, 181 cv<br \/>\nLANCIA Delta II (836)<br \/>\n1.8 i.e., A\u00f1o 06.1993 &#8211; 08.1999, 1756 ccm, 103 cv<br \/>\n1.8 i.e., A\u00f1o 07.1994 &#8211; 08.1999, 1756 ccm, 90 cv<br \/>\n1.8 i.e. 16V, A\u00f1o 03.1996 &#8211; 08.1999, 1747 ccm, 113 cv<br \/>\n1.8 i.e. 16V GT, A\u00f1o 03.1996 &#8211; 08.1999, 1747 ccm, 131 cv<br \/>\n1.9 TD, A\u00f1o 10.1994 &#8211; 08.1999, 1929 ccm, 90 cv<br \/>\n2.0 16V, A\u00f1o 06.1993 &#8211; 08.1999, 1995 ccm, 139 cv<br \/>\nLANCIA Thema Berlina (834)<br \/>\n2.8 2850 V6 i.e., A\u00f1o 11.1984 &#8211; 09.1988, 2849 ccm, 150 cv<br \/>\nLANCIA Prisma (831)<br \/>\n1.6 (831AB), A\u00f1o 08.1986 &#8211; 02.1992, 1585 ccm, 99 cv<br \/>\n1.6 (831AB), A\u00f1o 01.1983 &#8211; 04.1986, 1585 ccm, 105 cv<br \/>\n1.6 i.e. (831AB), A\u00f1o 05.1986 &#8211; 12.1989, 1585 ccm, 109 cv<br \/>\n1.6 i.e. Super (831AB), A\u00f1o 05.1987 &#8211; 12.1989, 1585 ccm, 90 cv<br \/>\n2.0 i.e. A las 4 ruedas (831AB), A\u00f1o 04.1986 &#8211; 12.1989, 1995 ccm, 115 cv<br \/>\nLANCIA Dedra Familiar (835)<br \/>\n1.8 16V LE, A\u00f1o 03.1996 &#8211; 07.1999, 1747 ccm, 113 cv<br \/>\n1.8 GT 16V, A\u00f1o 03.1996 &#8211; 07.1999, 1747 ccm, 131 cv<br \/>\n1.8 i.e., A\u00f1o 07.1994 &#8211; 07.1999, 1756 ccm, 101 cv<br \/>\n1.9 TDS, A\u00f1o 07.1994 &#8211; 07.1999, 1929 ccm, 90 cv<br \/>\n2.0 16V, A\u00f1o 07.1994 &#8211; 07.1999, 1995 ccm, 139 cv<br \/>\nLANCIA Lybra (839)<br \/>\n1.8 16V, A\u00f1o 07.1999 &#8211; 10.2005, 1747 ccm, 131 cv<br \/>\n2.0 20V, A\u00f1o 07.1999 &#8211; 09.2000, 1998 ccm, 154 cv<br \/>\n2.0 20V, A\u00f1o 09.2000 &#8211; 10.2005, 1998 ccm, 150 cv<br \/>\nLANCIA Ypsilon II (843)<br \/>\n1.3 D Multijet (843.AXE11, 843.AXE1A), A\u00f1o 09.2006 &#8211; 12.2011, 1248 ccm, 90 cv<br \/>\n1.3 D Multijet (843.AXF11, 843.AXF1A, 843.AXM11,&#8230;, A\u00f1o 09.2006 &#8211; 12.2011, 1248 ccm, 75 cv<br \/>\nLANCIA Musa (350)<br \/>\n1.3 D Multijet (350.AXB11, 350.AXB1A), A\u00f1o 10.2004 &#8211; 09.2012, 1248 ccm, 70 cv<br \/>\n1.3 D Multijet (350.AXG11, 350.AXG1A), A\u00f1o 09.2006 &#8211; 09.2012, 1248 ccm, 90 cv<\/p>\n<p>SEAT Ronda (022A)<br \/>\n1.6, A\u00f1o 08.1983 &#8211; 09.1985, 1592 ccm, 92 cv<\/p>\n<p>LA PIEZA ES NUEVA Y ORIGINAL.<\/p>\n","protected":false},"excerpt":{"rendered":"<p>40004830 Junta de la tapa de apoyo del palier en el diferencial de: Medidas: 29,8x52x10\/13,5 mm ALFA ROMEO 145 (930) 1.4 i.e. 16V T.S. (930.A3A), A\u00f1o 12.1996 &#8211; 01.2001, 1370 ccm, 103 cv 1.6 i.e. 16V T.S. (930.A2), A\u00f1o 12.1996 &#8211; 01.2001, 1598 ccm, 120 cv 1.8 i.e. 16V (930.A1A), A\u00f1o 03.1998 &#8211; 01.2001, 1747 [&hellip;]<\/p>\n","protected":false},"featured_media":81718,"template":"","meta":{"_seopress_robots_primary_cat":"","_seopress_titles_title":"","_seopress_titles_desc":"","_seopress_robots_index":""},"product_cat":[45,46,44,48,49,16,80,81,82,85,86,117,118,87,20,92,50,55,93,21,94,120,95,47,96,121,123,101,102,165,26,56,108,109,111,124,112,114,127],"product_tag":[],"class_list":{"0":"post-81717","1":"product","2":"type-product","3":"status-publish","4":"has-post-thumbnail","6":"product_cat-recambios-alfa-romeo-145","7":"product_cat-recambios-alfa-romeo-146","8":"product_cat-recambios-alfa-romeo-147","9":"product_cat-recambios-alfa-romeo-155","10":"product_cat-recambios-alfa-romeo-156","11":"product_cat-recambios-alfa-romeo","12":"product_cat-recambios-fiat-barchetta","13":"product_cat-recambios-fiat-brava","14":"product_cat-recambios-fiat-bravo","15":"product_cat-recambios-fiat-coupe","16":"product_cat-recambios-fiat-croma","17":"product_cat-recambios-lancia-dedra","18":"product_cat-recambios-lancia-delta","19":"product_cat-recambios-fiat-doblo","20":"product_cat-recambios-fiat","21":"product_cat-recambios-fiat-grande-punto","22":"product_cat-recambios-alfa-romeo-gt","23":"product_cat-recambios-alfa-romeo-gtv","24":"product_cat-recambios-fiat-idea","25":"product_cat-recambios-lancia","26":"product_cat-recambios-fiat-linea","27":"product_cat-recambios-lancia-lybra","28":"product_cat-recambios-fiat-marea","29":"product_cat-recambios-alfa-romeo-mito","30":"product_cat-recambios-fiat-multipla","31":"product_cat-recambios-lancia-musa","32":"product_cat-recambios-lancia-prisma","33":"product_cat-recambios-fiat-punto","34":"product_cat-recambios-fiat-regata","35":"product_cat-recambios-seat-ronda","36":"product_cat-recambios-seat","37":"product_cat-recambios-alfa-romeo-spider","38":"product_cat-recambios-fiat-stilo","39":"product_cat-recambios-fiat-strada","40":"product_cat-recambios-fiat-tempra","41":"product_cat-recambios-lancia-thema","42":"product_cat-recambios-fiat-tipo","43":"product_cat-recambios-fiat-uno","44":"product_cat-recambios-lancia-ypsilon","46":"first","47":"outofstock","48":"taxable","49":"shipping-taxable","50":"purchasable","51":"product-type-simple"},"_links":{"self":[{"href":"https:\/\/galicianparts.com\/shop\/wp-json\/wp\/v2\/product\/81717"}],"collection":[{"href":"https:\/\/galicianparts.com\/shop\/wp-json\/wp\/v2\/product"}],"about":[{"href":"https:\/\/galicianparts.com\/shop\/wp-json\/wp\/v2\/types\/product"}],"wp:featuredmedia":[{"embeddable":true,"href":"https:\/\/galicianparts.com\/shop\/wp-json\/wp\/v2\/media\/81718"}],"wp:attachment":[{"href":"https:\/\/galicianparts.com\/shop\/wp-json\/wp\/v2\/media?parent=81717"}],"wp:term":[{"taxonomy":"product_cat","embeddable":true,"href":"https:\/\/galicianparts.com\/shop\/wp-json\/wp\/v2\/product_cat?post=81717"},{"taxonomy":"product_tag","embeddable":true,"href":"https:\/\/galicianparts.com\/shop\/wp-json\/wp\/v2\/product_tag?post=81717"}],"curies":[{"name":"wp","href":"https:\/\/api.w.org\/{rel}","templated":true}]}}