{"id":81811,"date":"2023-12-29T13:28:40","date_gmt":"2023-12-29T11:28:40","guid":{"rendered":"https:\/\/galicianparts.com\/shop\/producto\/7634888-junta-tapa-diferencial-fiat-uno-punto-lancia-delta-dedra-alfa-145-original\/"},"modified":"2023-12-29T13:30:25","modified_gmt":"2023-12-29T11:30:25","slug":"7634888-junta-tapa-diferencial-fiat-uno-punto-lancia-delta-dedra-alfa-145-original","status":"publish","type":"product","link":"https:\/\/galicianparts.com\/shop\/producto\/7634888-junta-tapa-diferencial-fiat-uno-punto-lancia-delta-dedra-alfa-145-original\/","title":{"rendered":"7634888 Junta tapa diferencial Fiat Uno \/Punto \/Lancia Delta \/Dedra \/Alfa 145 ORIGINAL"},"content":{"rendered":"<p>Anillo, ret\u00e9n de la tapa de apoyo del palier en el diferencial de:<br \/>\nDi\u00e1metro interior: 63 mm<br \/>\nDi\u00e1metro exterior: 96 mm<br \/>\nAltura: 11 mm<\/p>\n<p>FIAT &#8211; 1V BRAVA (1995-1998) 1580 MPI 16V 103CV \/ 1580 MPI 16V 90CV \/ 1580 MPI 16V EM 04 \/ 1930 DS EM 08 \/ 1370 SPI 12V 80CV \/ SPECIFIC GEAR TYPE M38<br \/>\nFIAT &#8211; 1U BRAVO (1995-1998) 1580 MPI 16V 103CV \/ 1580 MPI 16V 90CV \/ 1930 DS EM 08-65CV \/ 1370 SPI 12V 80CV \/ SPECIFIC GEAR TYPE M38<br \/>\nFIAT &#8211; 1L BRAVO G.98 (1998-2001) 1600 16V \/ 1600 16V \u00abSX\u00bb(RICONVERTITA) \/ 1600 16V CF3<br \/>\nFIAT &#8211; XP ELBA CSL (1991-1996) 1372 SPI USA&#8217;83 (MONOJETRONIC) \/ 1580 SPI USA&#8217;83 (MONOJETRONIC) \/ 1697 DS \/ 1372 SPI CEE F2 (MONOMOTRONIC) \/ 1580 SPI CEE F2 (MONOMOTRONIC)<br \/>\nFIAT &#8211; PT MAREA BENZINA (1996-1999) 1580 16V 103CV (75 KW) \/ MOTOR 1580 BIPOWER<br \/>\nFIAT &#8211; 1Q MAREA BZ GAMMA&#8217;99 (1999-2002) 1600 16V CF2 (182A4000) \/ 1600 DECAT. \/ 1600 BI-POWER \/ 1600 16V CF3 (182B6000)<br \/>\nFIAT &#8211; XR MILLE (1994-1995) 1697 DS<br \/>\nFIAT &#8211; XS MILLE CLIP (1995-1997)<br \/>\nFIAT &#8211; 1F MULTIPLA (1998-2010) 1580 16V BZ CF2 \/ 1580 16V BIPOWER CF2 \/ 1580 16V BLUPOWER \/ 1600 16V CF3 \/ 1596 16V CF3 BZ\/MET \/ 1596 16V CF3 BZ\/GPL<br \/>\nFIAT &#8211; 1X PALIO 2V EXTRA EUROPA (1997-2002) 1580 MPI 16V EM.04 R.L. \/ HL 3P(ZA) \/ EL 5P(ZA)<br \/>\nFIAT &#8211; 1X PALIO 2V EXTRA EUROPA (1997-2002) 1242 MPI 8V EM.04 \/ ED(CSI) \/ ED 3P(ZA) \/ EL 3P(ZA) \/ EL 5P(ZA) \/ ED 5P (ZA)<br \/>\nFIAT &#8211; 1X PALIO 2V EXTRA EUROPA (1997-2002) 1108 CARB EM.04 \/ 1372 SPI EM.04 \/ 1697 DS EM.08<br \/>\nFIAT &#8211; 1X PALIO 2V EXTRA EUROPA (1997-2002) 1580 MPI TORQUE 16V CF2<br \/>\nFIAT &#8211; 1X PALIO 2V EXTRA EUROPA (1997-2002) 994 MPI CF2<br \/>\nFIAT &#8211; 1X PALIO 2V EXTRA EUROPA (1997-2002) 1242 MPI EM.04<br \/>\nFIAT &#8211; 2H PALIO 2V EXTRA EUROPA REST. 2002 (2002-2011) 1000\u00a08V \/ 1242\u00a016V\u00a0USA83<br \/>\nFIAT &#8211; 3D PALIO 2V REST.2 (2005-2011) 1242\u00a016V\u00a0CF3<br \/>\nFIAT &#8211; 3D PALIO 2V REST.2 (2005-2011) 1697\u00a0TB\/DS\u00a0CF2<br \/>\nFIAT &#8211; 3D PALIO 2V REST.2 (2005-2011) 1400 8V 80CV<br \/>\nFIAT &#8211; 3D PALIO 2V REST.2 (2005-2011) 1000 8V MPI TUNEZ<br \/>\nFIAT &#8211; 2G PALIO WE EUROPA REST. (2002-2004) 1910 DS CF3<br \/>\nFIAT &#8211; 1Y PALIO WE EXTRA EUROPA (1997-2002) 1372 SPI CF2 (PL) \/ 1580 MPI 16V EM.04<br \/>\nFIAT &#8211; 1Y PALIO WE EXTRA EUROPA (1997-2002) 1580 MPI TORQUE 16V CF2 \/ HL (TR)<br \/>\nFIAT &#8211; 1Y PALIO WE EXTRA EUROPA (1997-2002) 1697 TDS ECE08 53 KW<br \/>\nFIAT &#8211; 1Y PALIO WE EXTRA EUROPA (1997-2002) 1580 MPI TORQUE 16V CF2 \/ HL (PL) \/ HL MY.2000 (PL)<br \/>\nFIAT &#8211; 1Y PALIO WE EXTRA EUROPA (1997-2002) 1580 MPI 16V EM.04 R.L. \/ EL (ZA) \/ HL (ZA) \/ SW EL (IND)<br \/>\nFIAT &#8211; 2K PALIO WE EXTRA EUROPA REST. 2002 (2002-2008) 1697\u00a0TD\u00a0CF2<br \/>\nFIAT &#8211; 3F PALIO WEEKEND REST.2 (2005-2009) 1697\u00a0TB\/DS\u00a0CF2<br \/>\nFIAT &#8211; PY PALIO\/WEEKEND EUROPA (1997-2002) 1697 TDS SW \/ 1.9 DS CF3<br \/>\nFIAT &#8211; PY PALIO\/WEEKEND EUROPA (1997-2002) 1242 SW CF2 \/ 1580 SW<br \/>\nFIAT &#8211; PY PALIO\/WEEKEND EUROPA (1997-2002) 1242 BN CF2<br \/>\nFIAT &#8211; NX PUNTO D-TD (1993-1997) 1697 T.DS CEE FASE 2 SOFT (63 CV)<br \/>\nFIAT &#8211; 1P PUNTO DS (1999-2003) 1.9 DS<br \/>\nFIAT &#8211; 1B PUNTO TB.DS. GAMMA&#8217;97 (1997-1999) 1697 T.DS CF2 SOFT (63CV)<br \/>\nFIAT &#8211; 2A SIENA EXTRA EUROPA (1997-2002) 1372 SPI CF2(PL) \/ 1580 MPI TORQUE 16V CF2 \/ HL (PL) \/ HL MY.2000 (PL)<br \/>\nFIAT &#8211; 2A SIENA EXTRA EUROPA (1997-2002) 1242 MPI EM.04 \/ EL\u00a0(ZA)<br \/>\nFIAT &#8211; 2A SIENA EXTRA EUROPA (1997-2002) 1242 MPI EM.04 \/ 1242 MPI CF2 87RON \/ 1697 DS EM.08 \/ 1697 TDS SOFT ECE08<br \/>\nFIAT &#8211; 2A SIENA EXTRA EUROPA (1997-2002) 1372 SPI EM.04<br \/>\nFIAT &#8211; 2A SIENA EXTRA EUROPA (1997-2002) 1580 MPI TORQUE 16V CF2 \/ HL (TR)<br \/>\nFIAT &#8211; 2A SIENA EXTRA EUROPA (1997-2002) 1580 MPI 16V EM.04 R.L. \/ HL(IND) \/ EL\u00a0(ZA) \/ HL (ZA)<br \/>\nFIAT &#8211; 3E SIENA REST.2 (2005-2011) 1242\u00a016V\u00a0CF3<br \/>\nFIAT &#8211; 3E SIENA REST.2 (2005-2011) 1697\u00a0TB\/DS\u00a0CF2<br \/>\nFIAT &#8211; 3E SIENA REST.2 (2005-2011) 1400\u00a08V\u00a080CV\/59KW\u00a0178F\u00a03011<br \/>\nFIAT &#8211; MV TEMPRA 1370-1580 (1989-1993)<br \/>\nFIAT &#8211; MX TEMPRA DIESEL-TURBO D. (1989-1993) 1930 ASPIRATO<br \/>\nFIAT &#8211; NY TEMPRA MAQ.93 (&#8217;93-&#8217;96) 1372 SPI MJ \/ 1580 SPI \u00abB\u00bb \/ 1580 CARB. \/ 1580 MPI \u00abGM\u00bb \/ 1372 CARB. \/ 1372 SPI MM \/ 1580 CARB. 91RON<br \/>\nFIAT &#8211; NJ TEMPRA MQ.93 D-TD (1993-1996) 1930 ASPIRATO<br \/>\nFIAT &#8211; ME TIPO 1100-1370-1580 (1987-1993)<br \/>\nFIAT &#8211; MF TIPO DIESEL-T.DS. (1987-1993) 1697 \/ 1930 ASPIRADO<br \/>\nFIAT &#8211; NT TIPO MAQ.93 D-TD (1993-1995) 1697 \/ 1930<br \/>\nFIAT &#8211; NS TIPO MQ.93 (1993-1995) 1372 SPI MONOJETRONIC \/ 1372 CARB. \/ 1580 SPI \/ 1580 CARB.(95 RON) \/ 1108 SPI \/ 1372 SPI MM<br \/>\nFIAT &#8211; MU UNO DIESEL R\/89 (1989-1995) 1367 TURBO \/ 1697 ASPIRADO \/ 1930 ASPIRADO<br \/>\nFIAT &#8211; 1D UNO MONDO (1995-2010) 1000 CARB. \/ 1000 USA 83 \/ 1000 CF2 \/ 1370 CARB. \/ 1242 SPI CF2 \/ 1242\u00a08V\u00a0MPI\u00a0CF3<br \/>\nFIAT &#8211; 1D UNO MONDO (1995-2010) 1697 DS EM08<br \/>\nFIAT &#8211; 1D UNO MONDO (1995-2010) 1100 CARB.<br \/>\nFIAT &#8211; 1D UNO MONDO (1995-2010) 1697 ASPIRATED DIESEL<br \/>\nFIAT &#8211; MS UNO R\/89 (1989-1995) 1370 SPI \/ 1370 SPI USA&#8217;83 \/ 1370 DAV-15 \/ 1500 SPI USA&#8217;83 \/ 1370 CARB.<br \/>\nFIAT &#8211; MR UNO R\/89 (1989-1995) 1108 USA&#8217;83 (51CV)<br \/>\nFIAT &#8211; MR UNO R\/89 (1989-1995) 994 SPI<br \/>\nALFA ROMEO &#8211; T5 145 GAMMA 97 (1997-1999) 1400 T.S.<br \/>\nALFA ROMEO &#8211; W3 145 M.Y. &#8217;99 (1999-2000) 1400 T.S.16V<br \/>\nALFA ROMEO &#8211; T6 146 GAMMA 97 (1997-1999) 1400 T.S. 16V<br \/>\nALFA ROMEO &#8211; W4 146 M.Y. &#8217;99 (1999-2000) 1400 T.S.16V<br \/>\nLANCIA &#8211; RY DEDRA BENZINA (1989-1994) 1600 \/ 1600 USA&#8217;83 MONOJETRONIC \/ 1600 USA&#8217;83 MONOJMORONIC<br \/>\nLANCIA &#8211; SL DEDRA FL.94 (1994-1999) 1580 MPI 8V \/ 1580 SPI \/ 1580 MPI 16V<br \/>\nLANCIA &#8211; TB DELTA R.86 (1986-1992) 1100 CARB \/ 1300 CARB \/ 1500 CARB<br \/>\nLANCIA &#8211; SX LYBRA BZ (1999-2005) 1580 16V CF2 \/ 1596 16V CF3<br \/>\nLANCIA &#8211; SF N.DELTA (1993-1999) 1372 SPI\u00bbMJ\u00bb \/ 1580 8V \/ 1372 SPI\u00bbMM\u00bb CEE F2 \/ 1580 CEE F2 16V 103CV \/ 1580 CEE F2 16V 90CV<br \/>\nFIAT PROFESSIONAL &#8211; 1W DOBLO (2000-2004) 1242 MPI 8V CF3 \/ 1.9 DS CF3<br \/>\nFIAT PROFESSIONAL &#8211; 2W DOBLO MY. 2004 (2004-2005) 1.2\u00a08V\u00a0CF3 \/ 1.9\u00a0DS\u00a0ASP\u00a0CF3<br \/>\nFIAT PROFESSIONAL &#8211; 3A FIORINO EXPORT (2004-2008)<br \/>\nFIAT PROFESSIONAL &#8211; 2N FIORINO RL (1993-2000) CONDUCCION A\u00a0IZQUIERDA \/ 1372 SPI \/ 1580 SPI \/ 1372 SPI C.F.2 \/ 1580 SPI C.F.2<br \/>\nFIAT PROFESSIONAL &#8211; 2N FIORINO RL (1993-2000) CONDUCCION\u00a0A DERECHA \/ 1372 SPI C.F.2<br \/>\nFIAT PROFESSIONAL &#8211; 2N FIORINO RL (1993-2000)<br \/>\nFIAT PROFESSIONAL &#8211; 2N FIORINO RL (1993-2000) 1697 TB\/DS<br \/>\nFIAT PROFESSIONAL &#8211; 1G STRADA (1999-2005) 1242 CF2 \/ 1242 CF3 \/ 1242 M.P.I.  8V CF3 FL \/ 1697 TDS \/ 1.9 DS CF3<\/p>\n<p>LA PIEZA ES NUEVA Y ORIGINAL.<\/p>\n","protected":false},"excerpt":{"rendered":"<p>Anillo, ret\u00e9n de la tapa de apoyo del palier en el diferencial de: Di\u00e1metro interior: 63 mm Di\u00e1metro exterior: 96 mm Altura: 11 mm FIAT &#8211; 1V BRAVA (1995-1998) 1580 MPI 16V 103CV \/ 1580 MPI 16V 90CV \/ 1580 MPI 16V EM 04 \/ 1930 DS EM 08 \/ 1370 SPI 12V 80CV \/ [&hellip;]<\/p>\n","protected":false},"featured_media":81814,"template":"","meta":{"_seopress_robots_primary_cat":"","_seopress_titles_title":"","_seopress_titles_desc":"","_seopress_robots_index":""},"product_cat":[45,46,16,81,82,117,118,87,90,20,91,21,120,95,96,98,101,107,109,111,112,114],"product_tag":[],"class_list":{"0":"post-81811","1":"product","2":"type-product","3":"status-publish","4":"has-post-thumbnail","6":"product_cat-recambios-alfa-romeo-145","7":"product_cat-recambios-alfa-romeo-146","8":"product_cat-recambios-alfa-romeo","9":"product_cat-recambios-fiat-brava","10":"product_cat-recambios-fiat-bravo","11":"product_cat-recambios-lancia-dedra","12":"product_cat-recambios-lancia-delta","13":"product_cat-recambios-fiat-doblo","14":"product_cat-recambios-fiat-elba","15":"product_cat-recambios-fiat","16":"product_cat-recambios-fiat-fiorino","17":"product_cat-recambios-lancia","18":"product_cat-recambios-lancia-lybra","19":"product_cat-recambios-fiat-marea","20":"product_cat-recambios-fiat-multipla","21":"product_cat-recambios-fiat-palio","22":"product_cat-recambios-fiat-punto","23":"product_cat-recambios-fiat-siena","24":"product_cat-recambios-fiat-strada","25":"product_cat-recambios-fiat-tempra","26":"product_cat-recambios-fiat-tipo","27":"product_cat-recambios-fiat-uno","29":"first","30":"instock","31":"taxable","32":"shipping-taxable","33":"purchasable","34":"product-type-simple"},"_links":{"self":[{"href":"https:\/\/galicianparts.com\/shop\/wp-json\/wp\/v2\/product\/81811"}],"collection":[{"href":"https:\/\/galicianparts.com\/shop\/wp-json\/wp\/v2\/product"}],"about":[{"href":"https:\/\/galicianparts.com\/shop\/wp-json\/wp\/v2\/types\/product"}],"wp:featuredmedia":[{"embeddable":true,"href":"https:\/\/galicianparts.com\/shop\/wp-json\/wp\/v2\/media\/81814"}],"wp:attachment":[{"href":"https:\/\/galicianparts.com\/shop\/wp-json\/wp\/v2\/media?parent=81811"}],"wp:term":[{"taxonomy":"product_cat","embeddable":true,"href":"https:\/\/galicianparts.com\/shop\/wp-json\/wp\/v2\/product_cat?post=81811"},{"taxonomy":"product_tag","embeddable":true,"href":"https:\/\/galicianparts.com\/shop\/wp-json\/wp\/v2\/product_tag?post=81811"}],"curies":[{"name":"wp","href":"https:\/\/api.w.org\/{rel}","templated":true}]}}