{"id":82040,"date":"2024-01-03T14:13:56","date_gmt":"2024-01-03T12:13:56","guid":{"rendered":"https:\/\/galicianparts.com\/shop\/producto\/5926649-varilla-nivel-aceite-fiat-uno-fiorino-duna-elba-nueva-original\/"},"modified":"2025-04-13T19:54:21","modified_gmt":"2025-04-13T17:54:21","slug":"5926649-varilla-nivel-aceite-fiat-uno-fiorino-duna-elba-nueva-original","status":"publish","type":"product","link":"https:\/\/galicianparts.com\/shop\/producto\/5926649-varilla-nivel-aceite-fiat-uno-fiorino-duna-elba-nueva-original\/","title":{"rendered":"5926649 Varilla nivel aceite Fiat Uno \/Fiorino \/Duna \/Elba NUEVA ORIGINAL"},"content":{"rendered":"<p>Cala, varilla del nivel de aceite del motor de:<br \/>\nLargo: 425 mm<\/p>\n<p>FIAT &#8211; UNO Hatchback (146)<br \/>\n1.3 Super di\u00e9sel, A\u00f1o 06.1983 &#8211; 03.1992, 1302 ccm, 45 cv<br \/>\n1.1 50, A\u00f1o 01.1986 &#8211; 12.1989, 1116 ccm, 50 cv<br \/>\n1.1 55, A\u00f1o 01.1983 &#8211; 08.1989, 1116 ccm, 54 cv<br \/>\n1.1 60, A\u00f1o 05.1985 &#8211; 08.1989, 1116 ccm, 58 cv<br \/>\n1.7 Di\u00e9sel 60, A\u00f1o 07.1986 &#8211; 08.1989, 1698 ccm, 60 cv<br \/>\nFIAT &#8211; 2B DUNA (1986-1990) 1100 BZ \/ 1300 BZ<br \/>\nFIAT &#8211; XP ELBA CSL (1991-1996) 1300 CARB.<br \/>\nFIAT &#8211; XR MILLE (1994-1995) 1000 SPI<br \/>\nFIAT &#8211; ML UNO CS (1988-1990) 1100 GASOLINA<br \/>\nFIAT PROFESSIONAL &#8211; 2M FIORINO (1991-1993) 1116 CARB \/ 1300 CARB<br \/>\nFIAT PROFESSIONAL &#8211; 2M FIORINO (1991-1993) 1300 DS<br \/>\nFIAT PROFESSIONAL &#8211; 2N FIORINO RL (1993-2000) 1301 CARB.<\/p>\n<p>LA PIEZA ES NUEVA Y ORIGINAL.<\/p>\n","protected":false},"excerpt":{"rendered":"<p>Cala, varilla del nivel de aceite del motor de: Largo: 425 mm FIAT &#8211; UNO Hatchback (146) 1.3 Super di\u00e9sel, A\u00f1o 06.1983 &#8211; 03.1992, 1302 ccm, 45 cv 1.1 50, A\u00f1o 01.1986 &#8211; 12.1989, 1116 ccm, 50 cv 1.1 55, A\u00f1o 01.1983 &#8211; 08.1989, 1116 ccm, 54 cv 1.1 60, A\u00f1o 05.1985 &#8211; 08.1989, 1116 [&hellip;]<\/p>\n","protected":false},"featured_media":82041,"template":"","meta":{"_seopress_robots_primary_cat":"","_seopress_titles_title":"","_seopress_titles_desc":"","_seopress_robots_index":""},"product_cat":[89,90,20,91,114],"product_tag":[],"class_list":{"0":"post-82040","1":"product","2":"type-product","3":"status-publish","4":"has-post-thumbnail","6":"product_cat-recambios-fiat-duna","7":"product_cat-recambios-fiat-elba","8":"product_cat-recambios-fiat","9":"product_cat-recambios-fiat-fiorino","10":"product_cat-recambios-fiat-uno","12":"first","13":"outofstock","14":"taxable","15":"shipping-taxable","16":"purchasable","17":"product-type-simple"},"_links":{"self":[{"href":"https:\/\/galicianparts.com\/shop\/wp-json\/wp\/v2\/product\/82040"}],"collection":[{"href":"https:\/\/galicianparts.com\/shop\/wp-json\/wp\/v2\/product"}],"about":[{"href":"https:\/\/galicianparts.com\/shop\/wp-json\/wp\/v2\/types\/product"}],"wp:featuredmedia":[{"embeddable":true,"href":"https:\/\/galicianparts.com\/shop\/wp-json\/wp\/v2\/media\/82041"}],"wp:attachment":[{"href":"https:\/\/galicianparts.com\/shop\/wp-json\/wp\/v2\/media?parent=82040"}],"wp:term":[{"taxonomy":"product_cat","embeddable":true,"href":"https:\/\/galicianparts.com\/shop\/wp-json\/wp\/v2\/product_cat?post=82040"},{"taxonomy":"product_tag","embeddable":true,"href":"https:\/\/galicianparts.com\/shop\/wp-json\/wp\/v2\/product_tag?post=82040"}],"curies":[{"name":"wp","href":"https:\/\/api.w.org\/{rel}","templated":true}]}}