{"id":82046,"date":"2024-01-03T14:18:45","date_gmt":"2024-01-03T12:18:45","guid":{"rendered":"https:\/\/galicianparts.com\/shop\/producto\/55189554-arandela-inyector-gasoil-fiat-alfa-lancia-citroen-peugeot-nueva-original\/"},"modified":"2026-03-12T14:00:35","modified_gmt":"2026-03-12T12:00:35","slug":"55189554-arandela-inyector-gasoil-fiat-alfa-lancia-citroen-peugeot-nueva-original","status":"publish","type":"product","link":"https:\/\/galicianparts.com\/shop\/producto\/55189554-arandela-inyector-gasoil-fiat-alfa-lancia-citroen-peugeot-nueva-original\/","title":{"rendered":"55189554 Arandela inyector gasoil Fiat \/Alfa \/Lancia \/Citroen \/Peugeot NUEVA ORIGINAL"},"content":{"rendered":"<p>Arandela c\u00f3nica de los inyectores de combustible de:<br \/>\nDi\u00e1metro interior: 7,5mm<br \/>\nDi\u00e1metro exterior: 17mm<\/p>\n<p>FIAT &#8211; 83 500 MY2012 (2012-&#8230;.) 1.3 JTD 95 CV<br \/>\nFIAT &#8211; 73 500L (2012-&#8230;.) TBD \/ DI\u00c9SEL \/ LIM.CEE FASE 5<br \/>\nFIAT &#8211; 73 500L (2012-&#8230;.) DE DEFINIR (1500~1599)<br \/>\nFIAT &#8211; 1M BRAVA G.98 (1998-2001) 1910 JTD (105 CV)<br \/>\nFIAT &#8211; 1M BRAVA G.98 (1998-2001) 1910 JTD CF3<br \/>\nFIAT &#8211; 1L BRAVO G.98 (1998-2001) 1910 JTD CF2 (105 CV)<br \/>\nFIAT &#8211; 1L BRAVO G.98 (1998-2001) 1910 JTD CF3<br \/>\nFIAT &#8211; 2T CROMA (2005-2010) 1910\u00a0JTD\u00a0CF4\u00a08V\u00a0115CV\/85KW\u00a0MENOR POTENCIA BELGICA \/ 1900 JTD 8V 120 HP\/88KW<br \/>\nFIAT &#8211; 2Y GRANDE PUNTO (2005-2008) 1.3\u00a0MJTD\u00a016V\u00a0CF4\u00a090CV\/66KW \/ 1.3\u00a0MJTD\u00a016V\u00a0CF4\u00a075CV\/55KW<br \/>\nFIAT &#8211; 2Y GRANDE PUNTO (2005-2008) 1910\u00a0JTD\u00a0CF4\u00a08V\u00a0115CV\/85KW\u00a0MENOR POTENCIA BELGICA \/ 1.9\u00a0JTD\u00a08V\u00a0CF4\u00a0120CV\/88KW \/ 1.9\u00a0JTD\u00a08V\u00a0CF4\u00a0130CV\/95KW<br \/>\nFIAT &#8211; 4C GRANDE PUNTO (2008-2009) 1200-1299 \/ DI\u00c9SEL \/ 1.3\u00a0JTD\u00a075\u00a0CV\u00a0EURO4 \/ 1.3\u00a0JTD\u00a090CV\u00a0EURO4<br \/>\nFIAT &#8211; 4C GRANDE PUNTO (2008-2009) 1910 \/ DI\u00c9SEL \/ 8 V\u00c1LVULAS<br \/>\nFIAT &#8211; 3X GRANDE PUNTO ACTUAL (2009-2013) 1200-1299 \/ DI\u00c9SEL \/ LIM.CEE FASE 5 \/ 1.3 JTD 75 CV ECOF4\/ECOF5 \/ 1.3JTD 85 CV PURO2<br \/>\nFIAT &#8211; 3X GRANDE PUNTO ACTUAL (2009-2013) 1200-1299 \/ DI\u00c9SEL \/ LIM.CEE FASE 4<br \/>\nFIAT &#8211; 3S GRANDE PUNTO INTERN. INDIA (2008-2014) 1.3 JTD 90CV<br \/>\nFIAT &#8211; 0D GRANDE PUNTO INTERN. INDIA FL2014 (2014-&#8230;.) 1.3 JTD 90CV<br \/>\nFIAT &#8211; 2S IDEA (2003-2008)  1910\u00a08V\u00a0JTD\u00a0100CV\/74KW<br \/>\nFIAT &#8211; 2S IDEA (2003-2008)  1300\u00a016V\u00a0MJTD\u00a0CF4\u00a070CV\/51KW<br \/>\nFIAT &#8211; 2S IDEA (2003-2008)  1300\u00a016V\u00a0MJTD\u00a0CF4\u00a090CV\/66KW<br \/>\nFIAT &#8211; 4D IDEA (2008-2012) 1100-1199 CC \/ DI\u00c9SEL<br \/>\nFIAT &#8211; 4D IDEA (2008-2012) 1200-1299 CC \/ LIM.CEE FASE 4<br \/>\nFIAT &#8211; 4D IDEA (2008-2012) 1200-1299 CC \/ LIM.CEE FASE 5<br \/>\nFIAT &#8211; 3M LINEA (2007-&#8230;.) 1251 \/ DI\u00c9SEL \/ 1.3 JTD 90CV INDIA \/ INDIA<br \/>\nFIAT &#8211; 3M LINEA (2007-&#8230;.) 1251 \/ DI\u00c9SEL \/ 1.3 JTD 85CV<br \/>\nFIAT &#8211; 3M LINEA (2007-&#8230;.) 1251 \/ DI\u00c9SEL \/ 1.4 16V PDA 95CV INDIA \/ 1.3 JTD EURO5<br \/>\nFIAT &#8211; 0C LINEA INDIA FL2014 (2014-&#8230;.) 1251 \/ DI\u00c9SEL \/ 1.3 JTD 90CV \/ INDIA<br \/>\nFIAT &#8211; 1R MAREA DS GAMMA&#8217;99 (1999-2002) 1910 JTD CF2 105CV<br \/>\nFIAT &#8211; 1R MAREA DS GAMMA&#8217;99 (1999-2002) 2400 JTD CF2 136CV<br \/>\nFIAT &#8211; 1R MAREA DS GAMMA&#8217;99 (1999-2002) 1910 JTD CF3 110CV \/ 1910 JTD CF3 100 CV<br \/>\nFIAT &#8211; 1F MULTIPLA (1998-2010) 1910 JTD CF2<br \/>\nFIAT &#8211; 1F MULTIPLA (1998-2010) 1910\u00a0JTD\u00a0CF4\u00a08V\u00a0115CV\/85KW\u00a0MENOR POTENCIA BELGICA \/ 1.9\u00a0JTD\u00a0120\u00a0CV\/88KW\u00a0CF4<br \/>\nFIAT &#8211; 3P NUOVA 500 (2007-2012) 1.3 JTD 75CV<br \/>\nFIAT &#8211; 3P NUOVA 500 (2007-2012) 1.3 JTD 95 CV<br \/>\nFIAT &#8211; 3L NUOVA BRAVO (2007-2009) 1910\u00a0JTD \/ (1.4 MPI)  (1.9 90CV) (1.6 90CV) \/ 1400 TRB GS \/1598\/1910 JTD 120CV<br \/>\nFIAT &#8211; 3Y NUOVA BRAVO MY 2010 (2010-2014) 1910 \/ 8 V\u00c1LVULAS<br \/>\nFIAT &#8211; 2Q NUOVA PANDA (2003-2009) 1250\u00a0MJTD\u00a051KW<br \/>\nFIAT &#8211; 2Q NUOVA PANDA (2003-2009) 1250\u00a0MJTD\u00a075CV\/\u00a055KW<br \/>\nFIAT &#8211; 33 NUOVA PANDA (2012-&#8230;.) JTD \/ DI\u00c9SEL \/ LIM.CEE FASE 5<br \/>\nFIAT &#8211; 51 NUOVA PUNTO MY2012 (2012-2013) 1248 \/ DI\u00c9SEL \/ LIM.CEE FASE 5 \/ 1.3 JTD EURO4\/5 75CV \/ 1.3 JTD EURO5    85CV \/ 1.3 JTD EURO5    95CV<br \/>\nFIAT &#8211; 51 NUOVA PUNTO MY2012 (2012-2013) 1248 \/ DI\u00c9SEL \/ LIM.CEE FASE 4 \/ 1.3 JTD EURO4\/5 75CV<br \/>\nFIAT &#8211; 2H PALIO 2V EXTRA EUROPA REST. 2002 (2002-2011) 1250\u00a0MJTD\u00a070CV\/51KW<br \/>\nFIAT &#8211; 3D PALIO 2V REST.2 (2005-2011) 1300 MJET 75 CV CF3 INDIA<br \/>\nFIAT &#8211; 2G PALIO WE EUROPA REST. (2002-2004) 1910 JTD CF3<br \/>\nFIAT &#8211; 2K PALIO WE EXTRA EUROPA REST. 2002 (2002-2008) 1910 JTD CF3<br \/>\nFIAT &#8211; 71 PANDA CLASSIC (2012-2012) POR ESTABL.(1100~1199) \/ DIESEL \/ 1248 JTD DPF \/ LIM.CEE FASE 5<br \/>\nFIAT &#8211; 3U PANDA MY 2009 (2009-2010) POR ESTABL.(1100~1199) \/ DI\u00c9SEL \/ 1248 JTD \/ LIM.CEE FASE 4<br \/>\nFIAT &#8211; 3U PANDA MY 2009 (2009-2010) POR ESTABL.(1100~1199) \/ DI\u00c9SEL \/ 1248 JTD DPF \/ LIM.CEE FASE 4<br \/>\nFIAT &#8211; 0X PANDA MY 2011 (2010-2011) POR ESTABL.(1100~1199) \/ DI\u00c9SEL \/ 1248 JTD DPF \/ LIM.CEE FASE 5<br \/>\nFIAT &#8211; 1P PUNTO DS (1999-2003) 1.9 JTD 85 CV<br \/>\nFIAT &#8211; 3J PUNTO EVO (2009-2011) 1200-1299 \/ DI\u00c9SEL \/ LIM.CEE FASE 4 \/ 1.3 JTD 75 CV ECOF4\/ECOF5 \/ 1.3 JTD 90CV ECOF4<br \/>\nFIAT &#8211; 3J PUNTO EVO (2009-2011) 1200-1299 \/ DI\u00c9SEL \/ LIM.CEE FASE 5 \/ START&amp;STOP \/ 1.3 JTD 75 CV ECOF4\/ECOF5 \/ 1.3 JTD 85CV ECOF5 ECO-PURO2 \/ 1.3 JTD 95CV ECOF5<br \/>\nFIAT &#8211; 2U PUNTO FL.&#8217;03 (2003-2010) 1250\u00a0MJTD\u00a070CV\/51KW<br \/>\nFIAT &#8211; 2U PUNTO FL.&#8217;03 (2003-2010) 1910 JTD 85CV\/63 KW<br \/>\nFIAT &#8211; 2U PUNTO FL.&#8217;03 (2003-2010) 1910 JTD 74 KW\/100CV<br \/>\nFIAT &#8211; 6U PUNTO MY 2013 (2013-&#8230;.) 1248 \/ DI\u00c9SEL \/ LIM.CEE FASE 5 \/ 1.3 JTD EURO4\/5 75CV \/ 1.3 JTD EURO5    85CV \/ 1.3 JTD EURO5    95CV<br \/>\nFIAT &#8211; 6U PUNTO MY 2013 (2013-&#8230;.) 1248 \/ DI\u00c9SEL \/ LIM.CEE FASE 4 \/ 1.3 JTD EURO4\/5 75CV<br \/>\nFIAT &#8211; 3B SEDICI (2006-2011) 1910 JTD CF4 8V 120HP 88KW<br \/>\nFIAT &#8211; 2L SIENA EXTRA EUROPA REST.(2002-2012) 1250\u00a0MJTD\u00a070CV\/\u00a051KW<br \/>\nFIAT &#8211; 2V STILO F.L.L. 2003 (2003-2007) 1.9 JTD 58KW\/80CV \/ 1.9\u00a0JTD\u00a08V\u00a0100\u00a0CV\/74KW \/ 1.9 JTD 85KW\/115CV<br \/>\nFIAT &#8211; 2V STILO F.L.L. 2003 (2003-2007) 1.9\u00a0JTD\u00a08V\u00a0CF4\u00a090CV\/66KW\u00a0MENOR POT. AUSTRIA \/ 1910\u00a0JTD\u00a0CF4\u00a08V\u00a0115CV\/85KW\u00a0MENOR POTENCIA BELGICA \/ 1.9 JTD CF4 8V 120HP 88KW<br \/>\nALFA ROMEO &#8211; W3 145 M.Y. &#8217;99 (1999-2000) 1910 JTD CF2<br \/>\nALFA ROMEO &#8211; W4 146 M.Y. &#8217;99 (1999-2000) 1910 JTD CF2<br \/>\nALFA ROMEO &#8211; W8 147 (2000-2010) 1910\u00a0JTD\u00a0CF3\u00a08V\u00a0100CV\/74\u00a0KW \/ 1910\u00a0JTD\u00a0CF3\u00a08V\u00a0115CV\/85\u00a0KW<br \/>\nALFA ROMEO &#8211; X1 156 M.Y.2002 BZ\/DS (2001-2005) 2400\u00a0JTD\u00a010V\u00a0150CV\/110\u00a0KW<br \/>\nALFA ROMEO &#8211; T8 156 TD.ID. (1997-2002) 2400 JTD CF2<br \/>\nALFA ROMEO &#8211; T8 156 TD.ID. (1997-2002) 1910 JTD CF3 110CV \/ 1910 JTD CF3 115CV<br \/>\nALFA ROMEO &#8211; X8 159 MY11 (2010-2011) 1858-1910\u00a0CC<br \/>\nALFA ROMEO &#8211; W9 166 BZ-DS (1998-2007) 2400 JTD CF2 140CV\/103KW<br \/>\nALFA ROMEO &#8211; W9 166 BZ-DS (1998-2007) 2400\u00a0JTD\u00a0CF3\u00a0140\u00a0CV\/103KW \/ 2400\u00a0JTD\u00a0CF3\u00a0150\u00a0CV\/110KW<br \/>\nALFA ROMEO &#8211; X3 ALFA 159 (2005-2008) 1910\u00a0JTD\u00a0CF4\u00a08V\u00a0115CV\/85KW\u00a0MENOR POTENCIA BELGICA \/ 1.9 JTD 8V E4<br \/>\nALFA ROMEO &#8211; X9 ALFA 159 (2008-2010)  8 V\u00c1LVULAS<br \/>\nALFA ROMEO &#8211; X6 ALFA MITO (2008-2011) 1.3 \/ DI\u00c9SEL \/ 1.3\u00a0SDE\u00a090CV\u00a0EURO4 \/ LIM.CEE FASE 4<br \/>\nALFA ROMEO &#8211; X6 ALFA MITO (2008-2011) 1.3 \/ DI\u00c9SEL \/ LIM.CEE FASE 5 \/ 95CV \/ 1.3\u00a0SDE\u00a085CV\u00a0EURO5<br \/>\nALFA ROMEO &#8211; 5Y GIULIETTA M.Y. 2013 (2013 &#8211; &#8230;) 1598\u00a0JTD<br \/>\nALFA ROMEO &#8211; QZ MITO MY2011 (2011-2013) 1.3 \/ DI\u00c9SEL \/ LIM.CEE FASE 5 \/ 1.3\u00a0SDE\u00a095V\u00a0EURO5 \/ 1.3\u00a0SDE\u00a085CV\u00a0EURO5<br \/>\nALFA ROMEO &#8211; 10 MITO MY2013 (2013-&#8230;.) DI\u00c9SEL \/ 1.3\u00a0SDE\u00a085CV\u00a0EURO5 \/ LIM.CEE FASE 5<br \/>\nALFA ROMEO &#8211; 10 MITO MY2013 (2013-&#8230;.) EURO 5 + \/ 1598 \/ DI\u00c9SEL \/ 1.6 JTD EURO5 -1.4 FIRE TRB 120CV<br \/>\nLANCIA &#8211; SR KAPPA DIESEL (1994-2001) 2400 JTD CF2<br \/>\nLANCIA &#8211; SY LYBRA DS (1999-2005) 1910 JTD CF2<br \/>\nLANCIA &#8211; SY LYBRA DS (1999-2005) 2400 JTD CF2 (AR32501) \/ 2400 JTD CF2 (839A5000)<br \/>\nLANCIA &#8211; SY LYBRA DS (1999-2005) 1910\u00a0JTD\u00a0CF3\u00a0110CV\/81KW \/ 1910\u00a0JTD\u00a0CF3\u00a0115CV\/85KW<br \/>\nLANCIA &#8211; SY LYBRA DS (1999-2005) 2400\u00a0JTD\u00a0CF3\u00a0140\u00a0CV\/103KW \/ 2400\u00a0JTD\u00a0CF3\u00a0150\u00a0CV\/110KW<br \/>\nLANCIA &#8211; TG MUSA (2004-2007) 1910\u00a08V\u00a0JTD\u00a0CF4\u00a0100CV\/74KW<br \/>\nLANCIA &#8211; TG MUSA (2004-2007) 1300\u00a016V\u00a0MJTD\u00a0CF4\u00a070CV\/51KW<br \/>\nLANCIA &#8211; TG MUSA (2004-2007) 1300\u00a016V\u00a0MJTD\u00a0CF4\u00a090CV\/66KW<br \/>\nLANCIA &#8211; TJ MUSA (2007-2011) (1100-1199 CC) \/ DI\u00c9SEL \/ LIM.CEE FASE 4<br \/>\nLANCIA &#8211; TJ MUSA (2007-2011) (1200-1299 CC) \/ DI\u00c9SEL \/ LIM.CEE FASE 4<br \/>\nLANCIA &#8211; TJ MUSA (2007-2011) (1200-1299 CC) \/ DI\u00c9SEL \/ LIM.CEE FASE 5<br \/>\nLANCIA &#8211; 43 MUSA FLL (2011-2012) (1200-1299 CC) \/ DI\u00c9SEL \/ LIM.CEE FASE 5<br \/>\nLANCIA &#8211; TK NEW YPSILON (2011-&#8230;.)  JTD \/ DI\u00c9SEL<br \/>\nLANCIA &#8211; SJ THESIS (2001-2007) 2400\u00a0JTD\u00a010V\u00a0150CV\/110\u00a0KW<br \/>\nLANCIA &#8211; TE YPSILON (2003-2009) 1300\u00a016V\u00a0MJTD\u00a0CF4\u00a070CV\/51KW<br \/>\nLANCIA &#8211; TE YPSILON (2003-2009) 1300\u00a016V\u00a0MJTD\u00a0CF4\u00a090CV\/66KW \/ 1300 16V MJTD CF4 105CV\/77KW<br \/>\nLANCIA &#8211; TE YPSILON (2003-2009) DPF SPECIFIC CATALYZER \/ 1300\u00a016V\u00a0MJTD\u00a0CF4\u00a090CV\/66KW \/ 1300 16V MJTD CF4 105CV\/77KW<br \/>\nLANCIA &#8211; TE YPSILON (2003-2009) 1300 16V MJTD CF4 75CV\/55KW<br \/>\nLANCIA &#8211; TI YPSILON (2009-2011) (1242\u00a0-1248\u00a0CC) \/ DI\u00c9SEL \/ LIM.CEE FASE 4 \/  \/ 90 CV. \/ 105 CV.<br \/>\nLANCIA &#8211; TI YPSILON (2009-2011) CATALIZADOR ESPEC\u00cdFICO \/ (1242\u00a0-1248\u00a0CC) \/ DI\u00c9SEL \/ LIM.CEE FASE 4 \/ 90 CV. \/ 105 CV.<br \/>\nLANCIA &#8211; TI YPSILON (2009-2011) (1242\u00a0-1248\u00a0CC) \/ DI\u00c9SEL \/ 75 CV. \/ LIM.CEE FASE 4<br \/>\nLANCIA &#8211; TI YPSILON (2009-2011) (1242\u00a0-1248\u00a0CC) \/ DI\u00c9SEL \/ 75 CV. \/ LIM.CEE FASE 5<br \/>\nFIAT PROFESSIONAL &#8211; 1W DOBLO (2000-2004) 1910 JTD CF3 \/ 1910 JTD CF3 105 CV<br \/>\nFIAT PROFESSIONAL &#8211; 2W DOBLO MY. 2004 (2004-2005) 1.9 JTD CF3 105HP<br \/>\nFIAT PROFESSIONAL &#8211; 2W DOBLO MY. 2004 (2004-2005) 1250\u00a0MJTD\u00a051KW<br \/>\nFIAT PROFESSIONAL &#8211; 3C DOBLO REST. 2005 (2005-&#8230;.) 1.3\u00a0MJTD\u00a0CF4\u00a062KW \/ 1.3\u00a0MJTD\u00a0CF4\u00a055KW<br \/>\nFIAT PROFESSIONAL &#8211; 3C DOBLO REST. 2005 (2005-&#8230;.) 1910\u00a0JTD\u00a08V\u00a0CF4\u00a0105CV\/77KW \/ 1910\u00a0JTD\u00a08V\u00a0CF4\u00a0100CV\/74KW \/ 1910\u00a0JTD\u00a08V\u00a0CF4\u00a0120CV\/88KW<br \/>\nFIAT PROFESSIONAL &#8211; 3V NUOVO DOBLO 2009 (2009-&#8230;.) 1248 DS. \/ LIM.CEE FASE 4 \/ DI\u00c9SEL \/ 90 CV. \/  \/ EURO 5 \/ EURO 5 B<br \/>\nFIAT PROFESSIONAL &#8211; 3V NUOVO DOBLO 2009 (2009-&#8230;.) 1248 DS. \/ DI\u00c9SEL \/ START&amp;STOP \/ 90 CV. \/ 75 CV. \/  \/ EURO 5 \/ EURO 5 B \/ LIM.CEE FASE 5<br \/>\nFIAT PROFESSIONAL &#8211; 4Y NUOVO DUCATO MY 2014 (2014-&#8230;.) FAM. B DS \/ DIESEL<br \/>\nFIAT PROFESSIONAL &#8211; 3N NUOVO FIORINO-QUBO (2007-&#8230;.) DI\u00c9SEL (FIAT) \/ DI\u00c9SEL \/ LIM.CEE FASE 4 \/  \/ 75CV<br \/>\nFIAT PROFESSIONAL &#8211; 3N NUOVO FIORINO-QUBO (2007-&#8230;.) DI\u00c9SEL (FIAT) \/ DI\u00c9SEL \/ LIM.CEE FASE 5 \/ 75CV \/ 95CV \/ LIM.CEE FASE 4 \/ EURO 5<br \/>\nFIAT PROFESSIONAL &#8211; 1G STRADA (1999-2005) 1910 JTD CF3<br \/>\nFIAT PROFESSIONAL &#8211; 3G STRADA REST. 2 (2005-2011) STRADA\u00a01.3\u00a0MJET\u00a085CV\/63KW\u00a0CF4\u00a0NO\u00a0DPF<br \/>\nCITROEN JUMPER DIESEL<br \/>\nCITROEN NEMO DIESEL<br \/>\nPEUGEOT BOXER DIESEL<br \/>\nPEUGEOT BIPPER DIESEL<\/p>\n<p>LA PIEZA ES NUEVA Y ORIGINAL.<\/p>\n","protected":false},"excerpt":{"rendered":"<p>Arandela c\u00f3nica de los inyectores de combustible de: Di\u00e1metro interior: 7,5mm Di\u00e1metro exterior: 17mm FIAT &#8211; 83 500 MY2012 (2012-&#8230;.) 1.3 JTD 95 CV FIAT &#8211; 73 500L (2012-&#8230;.) TBD \/ DI\u00c9SEL \/ LIM.CEE FASE 5 FIAT &#8211; 73 500L (2012-&#8230;.) DE DEFINIR (1500~1599) FIAT &#8211; 1M BRAVA G.98 (1998-2001) 1910 JTD (105 CV) FIAT [&hellip;]<\/p>\n","protected":false},"featured_media":82047,"template":"","meta":{"_seopress_robots_primary_cat":"","_seopress_titles_title":"","_seopress_titles_desc":"","_seopress_robots_index":""},"product_cat":[45,46,44,49,51,57,74,16,154,155,81,82,23,86,87,88,20,91,53,92,93,137,119,21,94,120,95,47,96,121,139,98,99,24,101,105,107,108,109,125,127],"product_tag":[],"class_list":{"0":"post-82046","1":"product","2":"type-product","3":"status-publish","4":"has-post-thumbnail","6":"product_cat-recambios-alfa-romeo-145","7":"product_cat-recambios-alfa-romeo-146","8":"product_cat-recambios-alfa-romeo-147","9":"product_cat-recambios-alfa-romeo-156","10":"product_cat-recambios-alfa-romeo-159","11":"product_cat-recambios-alfa-romeo-166","12":"product_cat-recambios-fiat-500","13":"product_cat-recambios-alfa-romeo","14":"product_cat-recambios-peugeot-bipper","15":"product_cat-recambios-peugeot-boxer","16":"product_cat-recambios-fiat-brava","17":"product_cat-recambios-fiat-bravo","18":"product_cat-recambios-citroen","19":"product_cat-recambios-fiat-croma","20":"product_cat-recambios-fiat-doblo","21":"product_cat-recambios-fiat-ducato","22":"product_cat-recambios-fiat","23":"product_cat-recambios-fiat-fiorino","24":"product_cat-recambios-alfa-romeo-giulietta","25":"product_cat-recambios-fiat-grande-punto","26":"product_cat-recambios-fiat-idea","27":"product_cat-recambios-citroen-jumper","28":"product_cat-recambios-lancia-kappa","29":"product_cat-recambios-lancia","30":"product_cat-recambios-fiat-linea","31":"product_cat-recambios-lancia-lybra","32":"product_cat-recambios-fiat-marea","33":"product_cat-recambios-alfa-romeo-mito","34":"product_cat-recambios-fiat-multipla","35":"product_cat-recambios-lancia-musa","36":"product_cat-recambios-citroen-nemo","37":"product_cat-recambios-fiat-palio","38":"product_cat-recambios-fiat-panda","39":"product_cat-recambios-peugeot","40":"product_cat-recambios-fiat-punto","41":"product_cat-recambios-fiat-sedici","42":"product_cat-recambios-fiat-siena","43":"product_cat-recambios-fiat-stilo","44":"product_cat-recambios-fiat-strada","45":"product_cat-recambios-lancia-thesis","46":"product_cat-recambios-lancia-ypsilon","48":"first","49":"outofstock","50":"taxable","51":"shipping-taxable","52":"purchasable","53":"product-type-simple"},"_links":{"self":[{"href":"https:\/\/galicianparts.com\/shop\/wp-json\/wp\/v2\/product\/82046"}],"collection":[{"href":"https:\/\/galicianparts.com\/shop\/wp-json\/wp\/v2\/product"}],"about":[{"href":"https:\/\/galicianparts.com\/shop\/wp-json\/wp\/v2\/types\/product"}],"wp:featuredmedia":[{"embeddable":true,"href":"https:\/\/galicianparts.com\/shop\/wp-json\/wp\/v2\/media\/82047"}],"wp:attachment":[{"href":"https:\/\/galicianparts.com\/shop\/wp-json\/wp\/v2\/media?parent=82046"}],"wp:term":[{"taxonomy":"product_cat","embeddable":true,"href":"https:\/\/galicianparts.com\/shop\/wp-json\/wp\/v2\/product_cat?post=82046"},{"taxonomy":"product_tag","embeddable":true,"href":"https:\/\/galicianparts.com\/shop\/wp-json\/wp\/v2\/product_tag?post=82046"}],"curies":[{"name":"wp","href":"https:\/\/api.w.org\/{rel}","templated":true}]}}