{"id":82052,"date":"2024-01-03T14:24:04","date_gmt":"2024-01-03T12:24:04","guid":{"rendered":"https:\/\/galicianparts.com\/shop\/producto\/4379798-tapon-deposito-servofreno-fiat-panda-1991-2003-nuevo-original\/"},"modified":"2024-10-13T22:25:11","modified_gmt":"2024-10-13T20:25:11","slug":"4379798-tapon-deposito-servofreno-fiat-panda-1991-2003-nuevo-original","status":"publish","type":"product","link":"https:\/\/galicianparts.com\/shop\/producto\/4379798-tapon-deposito-servofreno-fiat-panda-1991-2003-nuevo-original\/","title":{"rendered":"4379798 Tap\u00f3n dep\u00f3sito servofreno Fiat Panda (1991-2003) NUEVO ORIGINAL"},"content":{"rendered":"<p>Tap\u00f3n con bolla, sensor de nivel del dep\u00f3sito del l\u00edquido de frenos de:<br \/>\nFIAT &#8211; 1S PANDA 4X2 MAQ 91 (1991-2003) 1000 CARB. \/ 1000 CARB.DAV.<br \/>\nFIAT &#8211; 1S PANDA 4X2 MAQ 91 (1991-2003) 1000 SPI USA 83 WEBER \/ 900 SPI USA 83 \/ 1000 SPI CF2<br \/>\nFIAT &#8211; 1S PANDA 4X2 MAQ 91 (1991-2003) 1100 SPI USA 83 \/ 1100 SPI CF2<br \/>\nFIAT &#8211; 1T PANDA 4X4 MAQ 91 (1991-2003) 1000 SPI USA 83<br \/>\nFIAT &#8211; 1T PANDA 4X4 MAQ 91 (1991-2003) 1000 CARB.<br \/>\nFIAT &#8211; 1T PANDA 4X4 MAQ 91 (1991-2003) 1100 SPI USA 83 \/ 1100 SPI CF2<\/p>\n<p>LA PIEZA ES NUEVA Y ORIGINAL.<\/p>\n","protected":false},"excerpt":{"rendered":"<p>Tap\u00f3n con bolla, sensor de nivel del dep\u00f3sito del l\u00edquido de frenos de: FIAT &#8211; 1S PANDA 4X2 MAQ 91 (1991-2003) 1000 CARB. \/ 1000 CARB.DAV. FIAT &#8211; 1S PANDA 4X2 MAQ 91 (1991-2003) 1000 SPI USA 83 WEBER \/ 900 SPI USA 83 \/ 1000 SPI CF2 FIAT &#8211; 1S PANDA 4X2 MAQ 91 [&hellip;]<\/p>\n","protected":false},"featured_media":82054,"template":"","meta":{"_seopress_robots_primary_cat":"","_seopress_titles_title":"","_seopress_titles_desc":"","_seopress_robots_index":""},"product_cat":[20,99],"product_tag":[],"class_list":{"0":"post-82052","1":"product","2":"type-product","3":"status-publish","4":"has-post-thumbnail","6":"product_cat-recambios-fiat","7":"product_cat-recambios-fiat-panda","9":"first","10":"outofstock","11":"taxable","12":"shipping-taxable","13":"purchasable","14":"product-type-simple"},"_links":{"self":[{"href":"https:\/\/galicianparts.com\/shop\/wp-json\/wp\/v2\/product\/82052"}],"collection":[{"href":"https:\/\/galicianparts.com\/shop\/wp-json\/wp\/v2\/product"}],"about":[{"href":"https:\/\/galicianparts.com\/shop\/wp-json\/wp\/v2\/types\/product"}],"wp:featuredmedia":[{"embeddable":true,"href":"https:\/\/galicianparts.com\/shop\/wp-json\/wp\/v2\/media\/82054"}],"wp:attachment":[{"href":"https:\/\/galicianparts.com\/shop\/wp-json\/wp\/v2\/media?parent=82052"}],"wp:term":[{"taxonomy":"product_cat","embeddable":true,"href":"https:\/\/galicianparts.com\/shop\/wp-json\/wp\/v2\/product_cat?post=82052"},{"taxonomy":"product_tag","embeddable":true,"href":"https:\/\/galicianparts.com\/shop\/wp-json\/wp\/v2\/product_tag?post=82052"}],"curies":[{"name":"wp","href":"https:\/\/api.w.org\/{rel}","templated":true}]}}