{"id":82081,"date":"2024-01-04T10:06:40","date_gmt":"2024-01-04T08:06:40","guid":{"rendered":"https:\/\/galicianparts.com\/shop\/producto\/4399777-buje-rueda-delantera-fiat-uno-1989-1997-nuevo-original\/"},"modified":"2025-08-22T13:23:27","modified_gmt":"2025-08-22T11:23:27","slug":"4399777-buje-rueda-delantera-fiat-uno-1989-1997-nuevo-original","status":"publish","type":"product","link":"https:\/\/galicianparts.com\/shop\/producto\/4399777-buje-rueda-delantera-fiat-uno-1989-1997-nuevo-original\/","title":{"rendered":"4399777 Buje rueda delantera Fiat Uno (1989-1997) NUEVO ORIGINAL"},"content":{"rendered":"<p>Buje de las ruedas delanteras de:<br \/>\nN\u00famero de dientes: 20<br \/>\nAltura: 77,8 mm<br \/>\nDi\u00e1metro: 117 mm<br \/>\nDi\u00e1metro interior: 20,6 mm<br \/>\nDi\u00e1metro buje de rueda: 58 mm<br \/>\nDi\u00e1metro de tambor: 30 mm<\/p>\n<p>FIAT &#8211; XS MILLE CLIP (1995-1997) 994 SPI<br \/>\nFIAT &#8211; XS MILLE CLIP (1995-1997) 1372 SPI<br \/>\nFIAT &#8211; MU UNO DIESEL R\/89 (1989-1995) 1300 ASPIRADO<br \/>\nFIAT &#8211; 1D UNO MONDO (1995-2010) 1000 CARB. \/ 1000 USA 83 \/ 1000 CF2 \/ 1370 CARB. \/ 1242 SPI CF2<br \/>\nFIAT &#8211; 1D UNO MONDO (1995-2010) 1100 CARB.<br \/>\nFIAT &#8211; MS UNO R\/89 (1989-1995) 1370 SPI \/ 1370 SPI USA&#8217;83 \/ 1370 DAV-15 \/ 1500 SPI USA&#8217;83 \/ 1370 CARB.<br \/>\nFIAT &#8211; MS UNO R\/89 1.1-1370-1.5 (1989-1995) CAMBIO AUTOMATICO<br \/>\nFIAT &#8211; MS UNO R\/89 (1989-1995) 1116 \/ 1116 TREND<br \/>\nFIAT &#8211; MR UNO R\/89 900-1.0-1.1 (1989-1995)<\/p>\n<p>LA PIEZA ES NUEVA Y ORIGINAL.<\/p>\n","protected":false},"excerpt":{"rendered":"<p>Buje de las ruedas delanteras de: N\u00famero de dientes: 20 Altura: 77,8 mm Di\u00e1metro: 117 mm Di\u00e1metro interior: 20,6 mm Di\u00e1metro buje de rueda: 58 mm Di\u00e1metro de tambor: 30 mm FIAT &#8211; XS MILLE CLIP (1995-1997) 994 SPI FIAT &#8211; XS MILLE CLIP (1995-1997) 1372 SPI FIAT &#8211; MU UNO DIESEL R\/89 (1989-1995) 1300 [&hellip;]<\/p>\n","protected":false},"featured_media":82085,"template":"","meta":{"_seopress_robots_primary_cat":"","_seopress_titles_title":"","_seopress_titles_desc":"","_seopress_robots_index":""},"product_cat":[20,114],"product_tag":[],"class_list":{"0":"post-82081","1":"product","2":"type-product","3":"status-publish","4":"has-post-thumbnail","6":"product_cat-recambios-fiat","7":"product_cat-recambios-fiat-uno","9":"first","10":"instock","11":"taxable","12":"shipping-taxable","13":"purchasable","14":"product-type-simple"},"_links":{"self":[{"href":"https:\/\/galicianparts.com\/shop\/wp-json\/wp\/v2\/product\/82081"}],"collection":[{"href":"https:\/\/galicianparts.com\/shop\/wp-json\/wp\/v2\/product"}],"about":[{"href":"https:\/\/galicianparts.com\/shop\/wp-json\/wp\/v2\/types\/product"}],"wp:featuredmedia":[{"embeddable":true,"href":"https:\/\/galicianparts.com\/shop\/wp-json\/wp\/v2\/media\/82085"}],"wp:attachment":[{"href":"https:\/\/galicianparts.com\/shop\/wp-json\/wp\/v2\/media?parent=82081"}],"wp:term":[{"taxonomy":"product_cat","embeddable":true,"href":"https:\/\/galicianparts.com\/shop\/wp-json\/wp\/v2\/product_cat?post=82081"},{"taxonomy":"product_tag","embeddable":true,"href":"https:\/\/galicianparts.com\/shop\/wp-json\/wp\/v2\/product_tag?post=82081"}],"curies":[{"name":"wp","href":"https:\/\/api.w.org\/{rel}","templated":true}]}}