{"id":82163,"date":"2024-01-05T10:50:42","date_gmt":"2024-01-05T08:50:42","guid":{"rendered":"https:\/\/galicianparts.com\/shop\/producto\/5891220-junta-colector-admision-fiat-uno-turbo-i-e-1985-1991-original\/"},"modified":"2024-02-21T22:09:59","modified_gmt":"2024-02-21T20:09:59","slug":"5891220-junta-colector-admision-fiat-uno-turbo-i-e-1985-1991-original","status":"publish","type":"product","link":"https:\/\/galicianparts.com\/shop\/producto\/5891220-junta-colector-admision-fiat-uno-turbo-i-e-1985-1991-original\/","title":{"rendered":"5891220 Junta colector admisi\u00f3n Fiat Uno Turbo i.e. (1985-1991) ORIGINAL"},"content":{"rendered":"<p>Junta del colector de admisi\u00f3n de:<br \/>\nFIAT &#8211; UNO HATCHBACK (146)<br \/>\n1.3 Turbo i.e., A\u00f1o 09.1989 &#8211; 03.1991, 1301 ccm, 101 cv<br \/>\n1.3 Turbo i.e., A\u00f1o 04.1985 &#8211; 08.1989, 1301 ccm, 105 cv<\/p>\n<p>LA PIEZA ES NUEVA Y ORIGINAL.<\/p>\n","protected":false},"excerpt":{"rendered":"<p>Junta del colector de admisi\u00f3n de: FIAT &#8211; UNO HATCHBACK (146) 1.3 Turbo i.e., A\u00f1o 09.1989 &#8211; 03.1991, 1301 ccm, 101 cv 1.3 Turbo i.e., A\u00f1o 04.1985 &#8211; 08.1989, 1301 ccm, 105 cv LA PIEZA ES NUEVA Y ORIGINAL.<\/p>\n","protected":false},"featured_media":82164,"template":"","meta":{"_seopress_robots_primary_cat":"","_seopress_titles_title":"","_seopress_titles_desc":"","_seopress_robots_index":""},"product_cat":[20,114],"product_tag":[],"class_list":{"0":"post-82163","1":"product","2":"type-product","3":"status-publish","4":"has-post-thumbnail","6":"product_cat-recambios-fiat","7":"product_cat-recambios-fiat-uno","9":"first","10":"outofstock","11":"taxable","12":"shipping-taxable","13":"purchasable","14":"product-type-simple"},"_links":{"self":[{"href":"https:\/\/galicianparts.com\/shop\/wp-json\/wp\/v2\/product\/82163"}],"collection":[{"href":"https:\/\/galicianparts.com\/shop\/wp-json\/wp\/v2\/product"}],"about":[{"href":"https:\/\/galicianparts.com\/shop\/wp-json\/wp\/v2\/types\/product"}],"wp:featuredmedia":[{"embeddable":true,"href":"https:\/\/galicianparts.com\/shop\/wp-json\/wp\/v2\/media\/82164"}],"wp:attachment":[{"href":"https:\/\/galicianparts.com\/shop\/wp-json\/wp\/v2\/media?parent=82163"}],"wp:term":[{"taxonomy":"product_cat","embeddable":true,"href":"https:\/\/galicianparts.com\/shop\/wp-json\/wp\/v2\/product_cat?post=82163"},{"taxonomy":"product_tag","embeddable":true,"href":"https:\/\/galicianparts.com\/shop\/wp-json\/wp\/v2\/product_tag?post=82163"}],"curies":[{"name":"wp","href":"https:\/\/api.w.org\/{rel}","templated":true}]}}