{"id":82179,"date":"2024-01-05T11:42:01","date_gmt":"2024-01-05T09:42:01","guid":{"rendered":"https:\/\/galicianparts.com\/shop\/producto\/7554053-sensor-presion-aceite-6-bar-lancia-delta-integrale-hf-turbo-thema-original-veglia\/"},"modified":"2024-01-08T12:14:29","modified_gmt":"2024-01-08T10:14:29","slug":"7554053-sensor-presion-aceite-6-bar-lancia-delta-integrale-hf-turbo-thema-original-veglia","status":"publish","type":"product","link":"https:\/\/galicianparts.com\/shop\/producto\/7554053-sensor-presion-aceite-6-bar-lancia-delta-integrale-hf-turbo-thema-original-veglia\/","title":{"rendered":"7554053 Sensor presi\u00f3n aceite 6 Bar Lancia Delta Integrale \/HF Turbo \/Thema ORIGINAL VEGLIA"},"content":{"rendered":"<p>Electrov\u00e1lvula de la presi\u00f3n del aceite del motor de:<br \/>\nPresi\u00f3n: 0-6 Kg\/cm2<\/p>\n<p>LANCIA &#8211; RT DELTA 4WD (1986-1991) 2000 8V \/ 2000 8V COMP.MIGLIORATA<br \/>\nLANCIA &#8211; TB DELTA HF TURBO (1986-1992) 1600 MPI TB \/ 1600 MPI TB USA 83<br \/>\nLANCIA &#8211; SZ THEMA R.88 (1988-1992) 2850 6V<\/p>\n<p>LA PIEZA ES NUEVA Y ORIGINAL VEGLIA.<\/p>\n","protected":false},"excerpt":{"rendered":"<p>Electrov\u00e1lvula de la presi\u00f3n del aceite del motor de: Presi\u00f3n: 0-6 Kg\/cm2 LANCIA &#8211; RT DELTA 4WD (1986-1991) 2000 8V \/ 2000 8V COMP.MIGLIORATA LANCIA &#8211; TB DELTA HF TURBO (1986-1992) 1600 MPI TB \/ 1600 MPI TB USA 83 LANCIA &#8211; SZ THEMA R.88 (1988-1992) 2850 6V LA PIEZA ES NUEVA Y ORIGINAL VEGLIA.<\/p>\n","protected":false},"featured_media":82181,"template":"","meta":{"_seopress_robots_primary_cat":"","_seopress_titles_title":"","_seopress_titles_desc":"","_seopress_robots_index":""},"product_cat":[118,21,124],"product_tag":[],"class_list":{"0":"post-82179","1":"product","2":"type-product","3":"status-publish","4":"has-post-thumbnail","6":"product_cat-recambios-lancia-delta","7":"product_cat-recambios-lancia","8":"product_cat-recambios-lancia-thema","10":"first","11":"outofstock","12":"taxable","13":"shipping-taxable","14":"purchasable","15":"product-type-simple"},"_links":{"self":[{"href":"https:\/\/galicianparts.com\/shop\/wp-json\/wp\/v2\/product\/82179"}],"collection":[{"href":"https:\/\/galicianparts.com\/shop\/wp-json\/wp\/v2\/product"}],"about":[{"href":"https:\/\/galicianparts.com\/shop\/wp-json\/wp\/v2\/types\/product"}],"wp:featuredmedia":[{"embeddable":true,"href":"https:\/\/galicianparts.com\/shop\/wp-json\/wp\/v2\/media\/82181"}],"wp:attachment":[{"href":"https:\/\/galicianparts.com\/shop\/wp-json\/wp\/v2\/media?parent=82179"}],"wp:term":[{"taxonomy":"product_cat","embeddable":true,"href":"https:\/\/galicianparts.com\/shop\/wp-json\/wp\/v2\/product_cat?post=82179"},{"taxonomy":"product_tag","embeddable":true,"href":"https:\/\/galicianparts.com\/shop\/wp-json\/wp\/v2\/product_tag?post=82179"}],"curies":[{"name":"wp","href":"https:\/\/api.w.org\/{rel}","templated":true}]}}