{"id":82220,"date":"2024-01-05T13:36:55","date_gmt":"2024-01-05T11:36:55","guid":{"rendered":"https:\/\/galicianparts.com\/shop\/producto\/7554279-reten-23x35x7-bomba-aceite-fiat-panda-uno-seicento-lancia-y10-original\/"},"modified":"2024-01-05T13:40:33","modified_gmt":"2024-01-05T11:40:33","slug":"7554279-reten-23x35x7-bomba-aceite-fiat-panda-uno-seicento-lancia-y10-original","status":"publish","type":"product","link":"https:\/\/galicianparts.com\/shop\/producto\/7554279-reten-23x35x7-bomba-aceite-fiat-panda-uno-seicento-lancia-y10-original\/","title":{"rendered":"7554279 Ret\u00e9n 23&#215;3,5&#215;7 bomba aceite Fiat Panda \/Uno \/Seicento \/Lancia Y10 ORIGINAL"},"content":{"rendered":"<p>Ret\u00e9n de la bomba de aceite de:<br \/>\nMedidas: 23&#215;3,5&#215;7 mm<\/p>\n<p>FIAT Cinquecento (170)<br \/>\n1.1 Sporting, A\u00f1o 10.1994 &#8211; 01.1998, 1108 ccm, 54 cv<br \/>\nFIAT Panda I Hatchback (141)<br \/>\n1.0, A\u00f1o 01.1986 &#8211; 04.1992, 999 ccm, 44 cv<br \/>\n1.0, A\u00f1o 01.1985 &#8211; 12.1992, 999 ccm, 50 cv<br \/>\n1.0 4&#215;4, A\u00f1o 01.1986 &#8211; 07.1989, 999 ccm, 44 cv<br \/>\n1.0 4&#215;4, A\u00f1o 05.1986 &#8211; 12.1994, 999 ccm, 45 cv<br \/>\n1000 4&#215;4, A\u00f1o 01.1986 &#8211; 12.1992, 999 ccm, 50 cv<br \/>\n1000 i.e. Cat, A\u00f1o 10.1987 &#8211; 08.1998, 999 ccm, 45 cv<br \/>\n1.1, A\u00f1o 02.1995 &#8211; 09.2003, 1108 ccm, 54 cv<br \/>\n1.1 4&#215;4, A\u00f1o 02.1995 &#8211; 07.2004, 1108 ccm, 54 cv<br \/>\n1.1 Trekking 4&#215;4, A\u00f1o 10.1991 &#8211; 07.2004, 1108 ccm, 50 cv<br \/>\n750, A\u00f1o 01.1986 &#8211; 10.2003, 770 ccm, 34 cv<br \/>\nFIAT Tipo Hatchback (160)<br \/>\n1.1, A\u00f1o 01.1988 &#8211; 10.1991, 1108 ccm, 56 cv<br \/>\nFIAT Punto I (176)<br \/>\n1.1 55, A\u00f1o 09.1993 &#8211; 09.1999, 1108 ccm, 54 cv<br \/>\n1.2 60, A\u00f1o 01.1994 &#8211; 09.1999, 1242 ccm, 58 cv<br \/>\n60 1.2 (176AP, 176AR, 176AQ, 176BB), A\u00f1o 09.1993 &#8211; 09.1999, 1242 ccm, 60 cv<br \/>\n1.2 75, A\u00f1o 10.1993 &#8211; 09.1999, 1242 ccm, 73 cv<br \/>\nFIAT Uno Hatchback (146)<br \/>\n1.0 45, A\u00f1o 06.1986 &#8211; 12.1993, 999 ccm, 44 cv<br \/>\n45 i.e. 1.0 (146E, 146A), A\u00f1o 10.1984 &#8211; 10.1995, 999 ccm, 45 cv<br \/>\n1.1 50, A\u00f1o 01.1990 &#8211; 12.1993, 1108 ccm, 50 cv<br \/>\n1.1 i.e. 50, A\u00f1o 06.1992 &#8211; 12.1993, 1116 ccm, 49 cv<br \/>\n1.1 60, A\u00f1o 04.1989 &#8211; 12.1992, 1108 ccm, 57 cv<br \/>\nFIAT Palio I (178)<br \/>\n1.1, A\u00f1o 07.1997 &#8211; 10.2003, 1108 ccm, 54 cv<br \/>\n1.2, A\u00f1o 06.1998 &#8211; &#8230;, 1242 ccm, 73 cv<br \/>\n1.4, A\u00f1o 06.2003 &#8211; &#8230;, 1368 ccm, 95 cv<br \/>\nFIAT Seicento \/ 600 Hatchback (187)<br \/>\n1.1 (187AXB, 187AXB1A, 187AXC1A02), A\u00f1o 01.1998 &#8211; 01.2010, 1108 ccm, 54 cv<br \/>\nFIAT Strada Pick-up (178)<br \/>\n1.2, A\u00f1o 06.1999 &#8211; 12.2006, 1242 ccm, 73 cv<br \/>\nFIAT Punto II Hatchback (188)<br \/>\n1.2 60, A\u00f1o 09.1999 &#8211; 12.2010, 1242 ccm, 60 cv<br \/>\n1.2 Bipower (188BXA1A), A\u00f1o 08.2001 &#8211; 05.2003, 1242 ccm, 60 cv<br \/>\n1.2 Natural Power, A\u00f1o 09.2003 &#8211; 03.2012, 1242 ccm, 60 cv<br \/>\n1.2 Natural Power (188BXA1A), A\u00f1o 04.2004 &#8211; 04.2006, 1242 ccm, 52 cv<br \/>\nFIAT Siena (178, 172)<br \/>\n1.3 (178CXG1AAM, 178CXG1AAP, 178CXG1AAT), A\u00f1o 09.1998 &#8211; 12.2002, 1242 ccm, 73 cv<br \/>\nFIAT Doblo I (119, 223)<br \/>\n1.2, A\u00f1o 03.2001 &#8211; &#8230;, 1242 ccm, 65 cv<br \/>\nFIAT Panda II Hatchback (169)<br \/>\n1.1 (169.AXA1A), A\u00f1o 09.2003 &#8211; &#8230;, 1108 ccm, 54 cv<br \/>\n1.2 (169.AXB11, 169.AXB1A), A\u00f1o 09.2003 &#8211; &#8230;, 1242 ccm, 60 cv<br \/>\n1.2 4&#215;4 (169.AXB2A), A\u00f1o 10.2004 &#8211; &#8230;, 1242 ccm, 60 cv<br \/>\n1.2 Natural Power (169.AXB1A), A\u00f1o 01.2007 &#8211; 12.2011, 1242 ccm, 60 cv<\/p>\n<p>LANCIA Y10 (156)<br \/>\n1.0 Fire, A\u00f1o 03.1985 &#8211; 06.1989, 999 ccm, 45 cv<br \/>\n1.0 Fire (156AA, 156AD), A\u00f1o 03.1985 &#8211; 02.1990, 999 ccm, 50 cv<br \/>\n1.0 Fire, A\u00f1o 06.1985 &#8211; 06.1991, 999 ccm, 44 cv<br \/>\n1.0 Fire A las 4 ruedas (156.AD), A\u00f1o 12.1986 &#8211; 02.1989, 999 ccm, 44 cv<br \/>\n1.0 Fire A las 4 ruedas (156AA), A\u00f1o 12.1987 &#8211; 02.1990, 999 ccm, 50 cv<br \/>\n1.0 Fire Allrad, A\u00f1o 12.1987 &#8211; 02.1992, 999 ccm, 45 cv<br \/>\n1.0 Fire Catalytic-Conv (156AE), A\u00f1o 10.1987 &#8211; 02.1992, 999 ccm, 45 cv<br \/>\n1.1 Fire (156AG), A\u00f1o 01.1995 &#8211; 12.1995, 1108 ccm, 54 cv<br \/>\n1.1 i.e Fire (156AC), A\u00f1o 08.1989 &#8211; 06.1992, 1108 ccm, 57 cv<br \/>\n1.1 i.e Fire A las 4 ruedas (156AC), A\u00f1o 08.1989 &#8211; 06.1992, 1108 ccm, 57 cv<br \/>\n1.1 i.e. Fire, A\u00f1o 07.1989 &#8211; 09.1995, 1108 ccm, 50 cv<br \/>\n1.1 i.e. Fire Allrad, A\u00f1o 09.1992 &#8211; 12.1995, 1108 ccm, 50 cv<br \/>\nLANCIA Y (840)<br \/>\n1.1, A\u00f1o 11.1995 &#8211; 09.2003, 1108 ccm, 54 cv<br \/>\n1.2, A\u00f1o 03.1996 &#8211; 09.2003, 1242 ccm, 60 cv<br \/>\nLANCIA Ypsilon II (843) (A\u00f1o 10.2003 &#8211; 12.2011)<br \/>\n1.2 (843.AXA1A), A\u00f1o 10.2003 &#8211; 12.2011, 1242 ccm, 60 cv<\/p>\n<p>AUTOBIANCHI Y10 Hatchback<br \/>\n1.0, A\u00f1o 03.1985 &#8211; 10.1995, 999 ccm, 45 cv<br \/>\n1.0 4WD, A\u00f1o 12.1986 &#8211; 10.1995, 999 ccm, 50 cv<br \/>\n1.0 Cat, A\u00f1o 10.1987 &#8211; 10.1995, 999 ccm, 45 cv<br \/>\n1.1, A\u00f1o 06.1989 &#8211; 10.1995, 1108 ccm, 57 cv<br \/>\n1.1 4WD, A\u00f1o 06.1989 &#8211; 10.1995, 1108 ccm, 57 cv<br \/>\n1.1 i.e. Cat, A\u00f1o 09.1990 &#8211; 10.1995, 1108 ccm, 57 cv<\/p>\n<p>LA PIEZA ES NUEVA Y ORIGINAL.<\/p>\n","protected":false},"excerpt":{"rendered":"<p>Ret\u00e9n de la bomba de aceite de: Medidas: 23&#215;3,5&#215;7 mm FIAT Cinquecento (170) 1.1 Sporting, A\u00f1o 10.1994 &#8211; 01.1998, 1108 ccm, 54 cv FIAT Panda I Hatchback (141) 1.0, A\u00f1o 01.1986 &#8211; 04.1992, 999 ccm, 44 cv 1.0, A\u00f1o 01.1985 &#8211; 12.1992, 999 ccm, 50 cv 1.0 4&#215;4, A\u00f1o 01.1986 &#8211; 07.1989, 999 ccm, 44 [&hellip;]<\/p>\n","protected":false},"featured_media":82221,"template":"","meta":{"_seopress_robots_primary_cat":"","_seopress_titles_title":"","_seopress_titles_desc":"","_seopress_robots_index":""},"product_cat":[25,84,87,20,21,98,99,101,106,107,109,112,114,126,64,127],"product_tag":[],"class_list":{"0":"post-82220","1":"product","2":"type-product","3":"status-publish","4":"has-post-thumbnail","6":"product_cat-recambios-autobianchi","7":"product_cat-recambios-fiat-cinquecento","8":"product_cat-recambios-fiat-doblo","9":"product_cat-recambios-fiat","10":"product_cat-recambios-lancia","11":"product_cat-recambios-fiat-palio","12":"product_cat-recambios-fiat-panda","13":"product_cat-recambios-fiat-punto","14":"product_cat-recambios-fiat-seicento","15":"product_cat-recambios-fiat-siena","16":"product_cat-recambios-fiat-strada","17":"product_cat-recambios-fiat-tipo","18":"product_cat-recambios-fiat-uno","19":"product_cat-recambios-lancia-y10","20":"product_cat-recambios-autobianchi-y10","21":"product_cat-recambios-lancia-ypsilon","23":"first","24":"instock","25":"taxable","26":"shipping-taxable","27":"purchasable","28":"product-type-simple"},"_links":{"self":[{"href":"https:\/\/galicianparts.com\/shop\/wp-json\/wp\/v2\/product\/82220"}],"collection":[{"href":"https:\/\/galicianparts.com\/shop\/wp-json\/wp\/v2\/product"}],"about":[{"href":"https:\/\/galicianparts.com\/shop\/wp-json\/wp\/v2\/types\/product"}],"wp:featuredmedia":[{"embeddable":true,"href":"https:\/\/galicianparts.com\/shop\/wp-json\/wp\/v2\/media\/82221"}],"wp:attachment":[{"href":"https:\/\/galicianparts.com\/shop\/wp-json\/wp\/v2\/media?parent=82220"}],"wp:term":[{"taxonomy":"product_cat","embeddable":true,"href":"https:\/\/galicianparts.com\/shop\/wp-json\/wp\/v2\/product_cat?post=82220"},{"taxonomy":"product_tag","embeddable":true,"href":"https:\/\/galicianparts.com\/shop\/wp-json\/wp\/v2\/product_tag?post=82220"}],"curies":[{"name":"wp","href":"https:\/\/api.w.org\/{rel}","templated":true}]}}