{"id":82349,"date":"2024-01-09T13:33:24","date_gmt":"2024-01-09T11:33:24","guid":{"rendered":"https:\/\/galicianparts.com\/shop\/producto\/7630495-pinon-4a-velocidad-cambio-fiat-uno-fiorino-duna-elba-nuevo-original\/"},"modified":"2024-01-09T13:36:31","modified_gmt":"2024-01-09T11:36:31","slug":"7630495-pinon-4a-velocidad-cambio-fiat-uno-fiorino-duna-elba-nuevo-original","status":"publish","type":"product","link":"https:\/\/galicianparts.com\/shop\/producto\/7630495-pinon-4a-velocidad-cambio-fiat-uno-fiorino-duna-elba-nuevo-original\/","title":{"rendered":"7630495 Pi\u00f1\u00f3n 4\u00aa velocidad cambio Fiat Uno \/Fiorino \/Duna \/Elba NUEVO ORIGINAL"},"content":{"rendered":"<p>Engranaje de la cuarta velocidad de la caja de cambios de cinco velocidades de:<br \/>\nN\u00ba de dientes: 39<br \/>\nDi\u00e1metro interior: 40 mm<br \/>\nDi\u00e1metro exterior pi\u00f1\u00f3n: 73 mm<br \/>\nAltura: 28 mm<\/p>\n<p>FIAT &#8211; 2B DUNA BENZINA\/DIESEL (1987-1990)<br \/>\nFIAT &#8211; 2B DUNA  (1987-1990) 1300 BZ \/ CAMBIO 5 MARCHAS<br \/>\nFIAT &#8211; 2B DUNA (1987-1990) 1700 DS \/ CAMBIO 5 MARCHAS<br \/>\nFIAT &#8211; XP ELBA CSL (1991-1996) 1300 CARB. \/ 1500 SPI USA&#8217;83 \/ 1697 DS<br \/>\nFIAT &#8211; ML UNO CS (1988-1990) 1700 DIESEL (149) \/ 1700 DIESEL (146)<br \/>\nFIAT PROFESSIONAL &#8211; 2M FIORINO (1991-1993) 1116 CARB \/ 1300 CARB \/ 1697 DS (149 B3) \/ 1697 DS (146 B2) \/ 1697 DS USA &#8217;83<br \/>\nFIAT PROFESSIONAL &#8211; 2M FIORINO (1991-1993) 1300 DS<br \/>\nFIAT PROFESSIONAL &#8211; 2N FIORINO RL (1993-2000) 1301 CARB.<\/p>\n<p>LA PIEZA ES NUEVA Y ORIGINAL.<\/p>\n","protected":false},"excerpt":{"rendered":"<p>Engranaje de la cuarta velocidad de la caja de cambios de cinco velocidades de: N\u00ba de dientes: 39 Di\u00e1metro interior: 40 mm Di\u00e1metro exterior pi\u00f1\u00f3n: 73 mm Altura: 28 mm FIAT &#8211; 2B DUNA BENZINA\/DIESEL (1987-1990) FIAT &#8211; 2B DUNA (1987-1990) 1300 BZ \/ CAMBIO 5 MARCHAS FIAT &#8211; 2B DUNA (1987-1990) 1700 DS \/ [&hellip;]<\/p>\n","protected":false},"featured_media":82352,"template":"","meta":{"_seopress_robots_primary_cat":"","_seopress_titles_title":"","_seopress_titles_desc":"","_seopress_robots_index":""},"product_cat":[89,90,20,91,114],"product_tag":[],"class_list":{"0":"post-82349","1":"product","2":"type-product","3":"status-publish","4":"has-post-thumbnail","6":"product_cat-recambios-fiat-duna","7":"product_cat-recambios-fiat-elba","8":"product_cat-recambios-fiat","9":"product_cat-recambios-fiat-fiorino","10":"product_cat-recambios-fiat-uno","12":"first","13":"instock","14":"taxable","15":"shipping-taxable","16":"purchasable","17":"product-type-simple"},"_links":{"self":[{"href":"https:\/\/galicianparts.com\/shop\/wp-json\/wp\/v2\/product\/82349"}],"collection":[{"href":"https:\/\/galicianparts.com\/shop\/wp-json\/wp\/v2\/product"}],"about":[{"href":"https:\/\/galicianparts.com\/shop\/wp-json\/wp\/v2\/types\/product"}],"wp:featuredmedia":[{"embeddable":true,"href":"https:\/\/galicianparts.com\/shop\/wp-json\/wp\/v2\/media\/82352"}],"wp:attachment":[{"href":"https:\/\/galicianparts.com\/shop\/wp-json\/wp\/v2\/media?parent=82349"}],"wp:term":[{"taxonomy":"product_cat","embeddable":true,"href":"https:\/\/galicianparts.com\/shop\/wp-json\/wp\/v2\/product_cat?post=82349"},{"taxonomy":"product_tag","embeddable":true,"href":"https:\/\/galicianparts.com\/shop\/wp-json\/wp\/v2\/product_tag?post=82349"}],"curies":[{"name":"wp","href":"https:\/\/api.w.org\/{rel}","templated":true}]}}