{"id":82423,"date":"2024-01-10T11:23:46","date_gmt":"2024-01-10T09:23:46","guid":{"rendered":"https:\/\/galicianparts.com\/shop\/producto\/7579740-junta-colector-escape-lancia-y10-fiat-panda-uno-palio-nueva-original\/"},"modified":"2024-01-10T11:25:38","modified_gmt":"2024-01-10T09:25:38","slug":"7579740-junta-colector-escape-lancia-y10-fiat-panda-uno-palio-nueva-original","status":"publish","type":"product","link":"https:\/\/galicianparts.com\/shop\/producto\/7579740-junta-colector-escape-lancia-y10-fiat-panda-uno-palio-nueva-original\/","title":{"rendered":"7579740 Junta colector escape Lancia Y10 \/Fiat Panda \/Uno \/Palio NUEVA ORIGINAL"},"content":{"rendered":"<p>Junta del colector de escape de:<br \/>\nEspesor: 1,2 mm<br \/>\nLongitud: 85 mm<br \/>\nAncho: 41 mm<\/p>\n<p>AUTOBIANCHI Y10 Hatchback<br \/>\n1.0, A\u00f1o 03.1986 &#8211; 12.1992, 999 ccm, 44 cv<br \/>\n1.0, A\u00f1o 03.1985 &#8211; 10.1995, 999 ccm, 45 cv<br \/>\n1.0 4WD, A\u00f1o 12.1986 &#8211; 10.1995, 999 ccm, 50 cv<br \/>\n1.0 Cat, A\u00f1o 10.1987 &#8211; 10.1995, 999 ccm, 45 cv<\/p>\n<p>FIAT Panda I Hatchback (141)<br \/>\n1.0, A\u00f1o 01.1986 &#8211; 04.1992, 999 ccm, 44 cv<br \/>\n1.0, A\u00f1o 01.1985 &#8211; 12.1992, 999 ccm, 50 cv<br \/>\n1.0 4&#215;4, A\u00f1o 01.1986 &#8211; 07.1989, 999 ccm, 44 cv<br \/>\n1.0 4&#215;4, A\u00f1o 05.1986 &#8211; 12.1994, 999 ccm, 45 cv<br \/>\n1000 4&#215;4, A\u00f1o 01.1986 &#8211; 12.1992, 999 ccm, 50 cv<br \/>\n1000 i.e. Cat, A\u00f1o 10.1987 &#8211; 08.1998, 999 ccm, 45 cv<br \/>\n1.1, A\u00f1o 05.1991 &#8211; 12.1999, 1108 ccm, 50 cv<br \/>\n1.1, A\u00f1o 02.1995 &#8211; 09.2003, 1108 ccm, 54 cv<br \/>\n1.1 4&#215;4, A\u00f1o 02.1995 &#8211; 07.2004, 1108 ccm, 54 cv<br \/>\n1.1 Trekking 4&#215;4, A\u00f1o 10.1991 &#8211; 07.2004, 1108 ccm, 50 cv<br \/>\nFIAT Uno Hatchback (146)<br \/>\n1.0 (146E), A\u00f1o 06.1989 &#8211; 02.1992, 999 ccm, 42 cv<br \/>\n1.0 45, A\u00f1o 06.1986 &#8211; 12.1993, 999 ccm, 44 cv<br \/>\n45 i.e. 1.0 (146E, 146A), A\u00f1o 10.1984 &#8211; 10.1995, 999 ccm, 45 cv<br \/>\nFIAT Palio I Hatchback (178)<br \/>\n1.1, A\u00f1o 07.1997 &#8211; 10.2003, 1108 ccm, 54 cv<\/p>\n<p>LANCIA Y10 (156)<br \/>\n1.0 Fire, A\u00f1o 03.1985 &#8211; 06.1989, 999 ccm, 45 cv<br \/>\n1.0 Fire (156AA, 156AD), A\u00f1o 03.1985 &#8211; 02.1990, 999 ccm, 50 cv<br \/>\n1.0 Fire, A\u00f1o 06.1985 &#8211; 06.1991, 999 ccm, 44 cv<br \/>\n1.0 Fire A las 4 ruedas (156.AD), A\u00f1o 12.1986 &#8211; 02.1989, 999 ccm, 44 cv<br \/>\n1.0 Fire A las 4 ruedas (156AA), A\u00f1o 12.1987 &#8211; 02.1990, 999 ccm, 50 cv<br \/>\n1.0 Fire Allrad, A\u00f1o 12.1987 &#8211; 02.1992, 999 ccm, 45 cv<\/p>\n<p>LA PIEZA ES NUEVA Y ORIGINAL.<\/p>\n","protected":false},"excerpt":{"rendered":"<p>Junta del colector de escape de: Espesor: 1,2 mm Longitud: 85 mm Ancho: 41 mm AUTOBIANCHI Y10 Hatchback 1.0, A\u00f1o 03.1986 &#8211; 12.1992, 999 ccm, 44 cv 1.0, A\u00f1o 03.1985 &#8211; 10.1995, 999 ccm, 45 cv 1.0 4WD, A\u00f1o 12.1986 &#8211; 10.1995, 999 ccm, 50 cv 1.0 Cat, A\u00f1o 10.1987 &#8211; 10.1995, 999 ccm, 45 [&hellip;]<\/p>\n","protected":false},"featured_media":82424,"template":"","meta":{"_seopress_robots_primary_cat":"","_seopress_titles_title":"","_seopress_titles_desc":"","_seopress_robots_index":""},"product_cat":[25,20,21,98,99,114,126,64],"product_tag":[],"class_list":{"0":"post-82423","1":"product","2":"type-product","3":"status-publish","4":"has-post-thumbnail","6":"product_cat-recambios-autobianchi","7":"product_cat-recambios-fiat","8":"product_cat-recambios-lancia","9":"product_cat-recambios-fiat-palio","10":"product_cat-recambios-fiat-panda","11":"product_cat-recambios-fiat-uno","12":"product_cat-recambios-lancia-y10","13":"product_cat-recambios-autobianchi-y10","15":"first","16":"instock","17":"taxable","18":"shipping-taxable","19":"purchasable","20":"product-type-simple"},"_links":{"self":[{"href":"https:\/\/galicianparts.com\/shop\/wp-json\/wp\/v2\/product\/82423"}],"collection":[{"href":"https:\/\/galicianparts.com\/shop\/wp-json\/wp\/v2\/product"}],"about":[{"href":"https:\/\/galicianparts.com\/shop\/wp-json\/wp\/v2\/types\/product"}],"wp:featuredmedia":[{"embeddable":true,"href":"https:\/\/galicianparts.com\/shop\/wp-json\/wp\/v2\/media\/82424"}],"wp:attachment":[{"href":"https:\/\/galicianparts.com\/shop\/wp-json\/wp\/v2\/media?parent=82423"}],"wp:term":[{"taxonomy":"product_cat","embeddable":true,"href":"https:\/\/galicianparts.com\/shop\/wp-json\/wp\/v2\/product_cat?post=82423"},{"taxonomy":"product_tag","embeddable":true,"href":"https:\/\/galicianparts.com\/shop\/wp-json\/wp\/v2\/product_tag?post=82423"}],"curies":[{"name":"wp","href":"https:\/\/api.w.org\/{rel}","templated":true}]}}