{"id":82427,"date":"2024-01-10T11:39:19","date_gmt":"2024-01-10T09:39:19","guid":{"rendered":"https:\/\/galicianparts.com\/shop\/producto\/7588920-sensor-temperatura-refrigerante-fiat-panda-uno-punto-lancia-y10-original-veglia\/"},"modified":"2025-11-12T11:48:59","modified_gmt":"2025-11-12T09:48:59","slug":"7588920-sensor-temperatura-refrigerante-fiat-panda-uno-punto-lancia-y10-original-veglia","status":"publish","type":"product","link":"https:\/\/galicianparts.com\/shop\/producto\/7588920-sensor-temperatura-refrigerante-fiat-panda-uno-punto-lancia-y10-original-veglia\/","title":{"rendered":"7588920 Sensor temperatura refrigerante Fiat Panda \/Uno \/Punto \/Lancia Y10 ORIGINAL VEGLIA"},"content":{"rendered":"<p>Electrov\u00e1lvula de temperatura del refrigerante del motor de:<br \/>\nM\u00e9trica: 16&#215;1,5<br \/>\nAncho de llave: 22<br \/>\nTemperatura de conmutaci\u00f3n: 115\u00ba<\/p>\n<p>FIAT &#8211; PX COUPE&#8217; GAMMA&#8217;96 (1996-2000) 2000 20V 5CIL.TB.<br \/>\nFIAT &#8211; XR MILLE (1994-1995) 1000 SPI<br \/>\nFIAT &#8211; XS MILLE CLIP (1995-1997) 994 SPI<br \/>\nFIAT &#8211; 1X PALIO 2V EXTRA EUROPA (1997-2002) 1242 MPI CF3<br \/>\nFIAT &#8211; 1X PALIO 2V EXTRA EUROPA (1997-2002) 1108 CARB EM.04<br \/>\nFIAT &#8211; 1X PALIO 2V EXTRA EUROPA (1997-2002) 1697 DS EM.08<br \/>\nFIAT &#8211; 3D PALIO 2V REST.2 (2005-2011) 1108 8V MPI GS CF3<br \/>\nFIAT &#8211; 1Y PALIO WE EXTRA EUROPA (1997-2002) 1242 MPI CF3<br \/>\nFIAT &#8211; PY PALIO\/WEEKEND EUROPA (1997-2002) 1242 SW CF2 \/ 1242 BN CF2 \/ 1.2 SW CF3<br \/>\nFIAT &#8211; 1S PANDA 4X2 MAQ 91 (1991-2003) 750 ACT CARB \/ 750 ACT CARB.DAV. \/ 1000 CARB. \/ 1000 CARB.DAV.<br \/>\nFIAT &#8211; 1S PANDA 4X2 MAQ 91 (1991-2003) 1000 SPI USA 83 WEBER \/ 1100 SPI USA 83 \/ 1000 SPI CF2 \/ 1100 SPI CF2 \/ 1000\u00a0SPI\u00a0USA\u00a083\u00a0BOSCH<br \/>\nFIAT &#8211; 1S PANDA 4X2 MAQ 91 (1991-2003) 750 ACB CARB \/ 900 ACB CARB \/ 750 ACB CARB0<br \/>\nFIAT &#8211; LV PANDA 4X2 RL\/86 (1985-1991) C750 ACB \/ 900 ACB<br \/>\nFIAT &#8211; LV PANDA 4X2 RL\/86 (1985-1991) 750 ACT \/ 750 ACT DAV 15<br \/>\nFIAT &#8211; 1T PANDA 4X4 MAQ 91 (1991-2003) 1000 CARB.<br \/>\nFIAT &#8211; 1T PANDA 4X4 MAQ 91 (1991-2003) 1000 SPI USA 83 \/ 1100 SPI USA 83 \/ 1100 SPI CF2<br \/>\nFIAT &#8211; 2R PANDA 4X4 R\/86 (1985-1991)<br \/>\nFIAT &#8211; 2P PANDA DS (1986-1993)<br \/>\nFIAT &#8211; NV PUNTO (1993-1997) 1.1 SPI 176A6000 \/ 1.2 SPI 176A7000 \/ 1.2 MPI \/ 1.2 SPI \u00abSELECTA \/ 1.1 SPI 176B2000 \/ 1.2 SPI CF2 176B4000<br \/>\nFIAT &#8211; 1A PUNTO BZ. GAMMA &#8217;97 (1997-1999) \u00abS\u00bb \/ 6 VELOCIDADES \/ VAN \/ 1108 SPI CF2 \/ 1242 SPI \/ 1242 MPI 8V \/ 1108 SPI EM.04<br \/>\nFIAT &#8211; 1A PUNTO BZ. GAMMA &#8217;97 (1997-1999) 1242 MPI 8V \/ \u00abS\u00bb<br \/>\nFIAT &#8211; PF PUNTO CABRIO (1994-1997) 1242 SPI USA&#8217;83 \/ 1242 SPI CF2<br \/>\nFIAT &#8211; 1C PUNTO CABRIO GAMMA&#8217;97 (1997-2000) \u00abS\u00bb \/ 1242 SPI<br \/>\nFIAT &#8211; NX PUNTO D-TD (1993-1997) \u00abS\u00bb \/ 1697 T.DS EM.08 (70 CV) \/ 1697 T.DS USA&#8217;87-CEE FASE 2 (70 CV)<br \/>\nFIAT &#8211; NX PUNTO D-TD (1993-1997) \u00abS\u00bb \/ AIRE ACONDICIONADO \/ 1697 T.DS EM.08 (70 CV) \/ 1697 T.DS USA&#8217;87-CEE FASE 2 (70 CV)<br \/>\nFIAT &#8211; NX PUNTO D-TD (1993-1997) \u00abS\u00bb \/ 1697 DS EM.08<br \/>\nFIAT &#8211; NX PUNTO D-TD (1993-1997) \u00abS\u00bb \/ 1697 T.DS CEE FASE 2 SOFT (63 CV)<br \/>\nFIAT &#8211; 1B PUNTO TB.DS. GAMMA&#8217;97 (1997-1999) \u00abS\u00bb \/ \u00abVAN\u00bb \/ 1697 T.DS EM.08 (72CV) \/ 1697 T.DS CF2 (69CV) \/ 1697 T.DS CF2 SOFT (63CV)<br \/>\nFIAT &#8211; 1B PUNTO TB.DS. GAMMA&#8217;97 (1997-1999) \u00abS\u00bb \/ \u00abVAN\u00bb \/ AIRE ACONDICIONADO \/ 1697 T.DS EM.08 (72CV) \/ 1697 T.DS CF2 (69CV) \/ 1697 T.DS CF2 SOFT (63CV)<br \/>\nFIAT &#8211; 1B PUNTO TB.DS. GAMMA&#8217;97 (1997-1999) 1697 DS EM.08<br \/>\nFIAT &#8211; 2A SIENA EXTRA EUROPA (1997-2002) 1242 MPI EM.04 \/ 1242 MPI CF2 87RON<br \/>\nFIAT &#8211; 2A SIENA EXTRA EUROPA (1997-2002) 1242 MPI CF3<br \/>\nFIAT &#8211; 2A SIENA EXTRA EUROPA (1997-2002) 1697 DS EM.08<br \/>\nFIAT &#8211; 1D UNO MONDO (1995-2010) 1000 CARB. \/ 1000 USA 83 \/ 1000 CF2<br \/>\nFIAT &#8211; 1D UNO MONDO (1995-2010) 1100 CARB.<br \/>\nFIAT &#8211; MS UNO R\/89 (1989-1995) 1116 \/ 1500 SPI USA&#8217;83<br \/>\nFIAT &#8211; MS UNO R\/89 (1989-1995) 1116 TREND<br \/>\nFIAT &#8211; MR UNO R\/89 (1989-1995) 1000 \/ 1108 \/ 1000 DAV. \/ 1000 USA&#8217;83 \/ 1108 USA&#8217;83 (51CV) \/ 1100 USA&#8217;83 (49CV) \/ 1000 CARB. (91 RON)<br \/>\nFIAT &#8211; MR UNO R\/89 (1989-1995) 903<br \/>\nFIAT &#8211; MR UNO R\/89 (1989-1995) 994 CARB.<br \/>\nFIAT &#8211; MR UNO R\/89 (1989-1995) 994 SPI<br \/>\nLANCIA &#8211; SV KAPPA COUPE&#8217; (1997-2001) 2000 IE TB 20V<br \/>\nLANCIA &#8211; SP KAPPA BZ (1994-2001) 2000 IE. TB 20V<br \/>\nLANCIA &#8211; SU Y (1995-2000) 1108 SPI<br \/>\nLANCIA &#8211; SU Y (1995-2000) 1242 MPI 16V CF2<br \/>\nLANCIA &#8211; ZL Y10 FL.89 (1988-1992) 1000 \/ 1000 DAV. \/ 1000 SPI USA&#8217;83 \/ 1100 SPI \/ 1100 SPI USA&#8217;83<br \/>\nFIAT PROFESSIONAL &#8211; 2M FIORINO (1991-1993) 1116 CARB \/ 1300 CARB<br \/>\nFIAT PROFESSIONAL &#8211; 2N FIORINO RL (1993-2000) 1301 CARB.<br \/>\nFIAT PROFESSIONAL &#8211; 1G STRADA (1999-2005) 1242 CF2<br \/>\nFIAT PROFESSIONAL &#8211; 1G STRADA (1999-2005) 1697 TDS<br \/>\nAUTOBIANCHI &#8211; Y10 (1988-1992) 1000 \/ 1000 DAV. \/ 1000 SPI USA&#8217;83 \/ 1100 SPI \/ 1100 SPI USA&#8217;83<\/p>\n<p>LA PIEZA ES NUEVA Y ORIGINAL VEGLIA.<\/p>\n","protected":false},"excerpt":{"rendered":"<p>Electrov\u00e1lvula de temperatura del refrigerante del motor de: M\u00e9trica: 16&#215;1,5 Ancho de llave: 22 Temperatura de conmutaci\u00f3n: 115\u00ba FIAT &#8211; PX COUPE&#8217; GAMMA&#8217;96 (1996-2000) 2000 20V 5CIL.TB. FIAT &#8211; XR MILLE (1994-1995) 1000 SPI FIAT &#8211; XS MILLE CLIP (1995-1997) 994 SPI FIAT &#8211; 1X PALIO 2V EXTRA EUROPA (1997-2002) 1242 MPI CF3 FIAT &#8211; [&hellip;]<\/p>\n","protected":false},"featured_media":82430,"template":"","meta":{"_seopress_robots_primary_cat":"","_seopress_titles_title":"","_seopress_titles_desc":"","_seopress_robots_index":""},"product_cat":[25,85,20,91,119,21,98,99,101,106,107,109,114,126,64,127],"product_tag":[],"class_list":{"0":"post-82427","1":"product","2":"type-product","3":"status-publish","4":"has-post-thumbnail","6":"product_cat-recambios-autobianchi","7":"product_cat-recambios-fiat-coupe","8":"product_cat-recambios-fiat","9":"product_cat-recambios-fiat-fiorino","10":"product_cat-recambios-lancia-kappa","11":"product_cat-recambios-lancia","12":"product_cat-recambios-fiat-palio","13":"product_cat-recambios-fiat-panda","14":"product_cat-recambios-fiat-punto","15":"product_cat-recambios-fiat-seicento","16":"product_cat-recambios-fiat-siena","17":"product_cat-recambios-fiat-strada","18":"product_cat-recambios-fiat-uno","19":"product_cat-recambios-lancia-y10","20":"product_cat-recambios-autobianchi-y10","21":"product_cat-recambios-lancia-ypsilon","23":"first","24":"instock","25":"taxable","26":"shipping-taxable","27":"purchasable","28":"product-type-simple"},"_links":{"self":[{"href":"https:\/\/galicianparts.com\/shop\/wp-json\/wp\/v2\/product\/82427"}],"collection":[{"href":"https:\/\/galicianparts.com\/shop\/wp-json\/wp\/v2\/product"}],"about":[{"href":"https:\/\/galicianparts.com\/shop\/wp-json\/wp\/v2\/types\/product"}],"wp:featuredmedia":[{"embeddable":true,"href":"https:\/\/galicianparts.com\/shop\/wp-json\/wp\/v2\/media\/82430"}],"wp:attachment":[{"href":"https:\/\/galicianparts.com\/shop\/wp-json\/wp\/v2\/media?parent=82427"}],"wp:term":[{"taxonomy":"product_cat","embeddable":true,"href":"https:\/\/galicianparts.com\/shop\/wp-json\/wp\/v2\/product_cat?post=82427"},{"taxonomy":"product_tag","embeddable":true,"href":"https:\/\/galicianparts.com\/shop\/wp-json\/wp\/v2\/product_tag?post=82427"}],"curies":[{"name":"wp","href":"https:\/\/api.w.org\/{rel}","templated":true}]}}