{"id":82462,"date":"2024-01-10T13:47:09","date_gmt":"2024-01-10T11:47:09","guid":{"rendered":"https:\/\/galicianparts.com\/shop\/producto\/7583848-cable-sensor-nivel-deposito-combustible-fiat-panda-1985-1993-original\/"},"modified":"2026-01-26T15:12:39","modified_gmt":"2026-01-26T13:12:39","slug":"7583848-cable-sensor-nivel-deposito-combustible-fiat-panda-1985-1993-original","status":"publish","type":"product","link":"https:\/\/galicianparts.com\/shop\/producto\/7583848-cable-sensor-nivel-deposito-combustible-fiat-panda-1985-1993-original\/","title":{"rendered":"7583848 Cable sensor nivel dep\u00f3sito combustible Fiat Panda (1985-1993) ORIGINAL"},"content":{"rendered":"<p>Cableado el\u00e9ctrico del indicador de nivel del dep\u00f3sito de carburante de:<br \/>\nFIAT &#8211; LV PANDA 4X2 RL\/86 (1985-1991) 750 ACB \/ 750 ACT \/ 750 ACT DAV 15 \/ 900 ACB \/ 1000 ACT \/ 1000 ACT DAV-15 \/ 1000 ACT USA&#8217;77 (CH) \/ 1000 ACT B.N.O. (D)<br \/>\nFIAT &#8211; 2P PANDA DS (1986-1993)<\/p>\n<p>LA PIEZA ES NUEVA Y ORIGINAL.<\/p>\n","protected":false},"excerpt":{"rendered":"<p>Cableado el\u00e9ctrico del indicador de nivel del dep\u00f3sito de carburante de: FIAT &#8211; LV PANDA 4X2 RL\/86 (1985-1991) 750 ACB \/ 750 ACT \/ 750 ACT DAV 15 \/ 900 ACB \/ 1000 ACT \/ 1000 ACT DAV-15 \/ 1000 ACT USA&#8217;77 (CH) \/ 1000 ACT B.N.O. (D) FIAT &#8211; 2P PANDA DS (1986-1993) LA [&hellip;]<\/p>\n","protected":false},"featured_media":82464,"template":"","meta":{"_seopress_robots_primary_cat":"","_seopress_titles_title":"","_seopress_titles_desc":"","_seopress_robots_index":""},"product_cat":[20,99],"product_tag":[],"class_list":{"0":"post-82462","1":"product","2":"type-product","3":"status-publish","4":"has-post-thumbnail","6":"product_cat-recambios-fiat","7":"product_cat-recambios-fiat-panda","9":"first","10":"instock","11":"taxable","12":"shipping-taxable","13":"purchasable","14":"product-type-simple"},"_links":{"self":[{"href":"https:\/\/galicianparts.com\/shop\/wp-json\/wp\/v2\/product\/82462"}],"collection":[{"href":"https:\/\/galicianparts.com\/shop\/wp-json\/wp\/v2\/product"}],"about":[{"href":"https:\/\/galicianparts.com\/shop\/wp-json\/wp\/v2\/types\/product"}],"wp:featuredmedia":[{"embeddable":true,"href":"https:\/\/galicianparts.com\/shop\/wp-json\/wp\/v2\/media\/82464"}],"wp:attachment":[{"href":"https:\/\/galicianparts.com\/shop\/wp-json\/wp\/v2\/media?parent=82462"}],"wp:term":[{"taxonomy":"product_cat","embeddable":true,"href":"https:\/\/galicianparts.com\/shop\/wp-json\/wp\/v2\/product_cat?post=82462"},{"taxonomy":"product_tag","embeddable":true,"href":"https:\/\/galicianparts.com\/shop\/wp-json\/wp\/v2\/product_tag?post=82462"}],"curies":[{"name":"wp","href":"https:\/\/api.w.org\/{rel}","templated":true}]}}