{"id":82539,"date":"2024-01-11T12:49:02","date_gmt":"2024-01-11T10:49:02","guid":{"rendered":"https:\/\/galicianparts.com\/shop\/producto\/7601595-conexion-porton-trasero-fiat-uno-1988-1990-nuevo-original\/"},"modified":"2026-01-07T19:29:58","modified_gmt":"2026-01-07T17:29:58","slug":"7601595-conexion-porton-trasero-fiat-uno-1988-1990-nuevo-original","status":"publish","type":"product","link":"https:\/\/galicianparts.com\/shop\/producto\/7601595-conexion-porton-trasero-fiat-uno-1988-1990-nuevo-original\/","title":{"rendered":"7601595 Conector port\u00f3n trasero Fiat Uno (1988-1990) NUEVO ORIGINAL"},"content":{"rendered":"<p>Conexi\u00f3n del limpiaparabrisas posterior, cableado, instalaci\u00f3n el\u00e9ctrica del port\u00f3n del maletero de:<br \/>\nFIAT &#8211; ML UNO CS (1988-1990)<\/p>\n<p>LA PIEZA ES NUEVA Y ORIGINAL.<\/p>\n","protected":false},"excerpt":{"rendered":"<p>Conexi\u00f3n del limpiaparabrisas posterior, cableado, instalaci\u00f3n el\u00e9ctrica del port\u00f3n del maletero de: FIAT &#8211; ML UNO CS (1988-1990) LA PIEZA ES NUEVA Y ORIGINAL.<\/p>\n","protected":false},"featured_media":82543,"template":"","meta":{"_seopress_robots_primary_cat":"","_seopress_titles_title":"","_seopress_titles_desc":"","_seopress_robots_index":""},"product_cat":[20,114],"product_tag":[],"class_list":{"0":"post-82539","1":"product","2":"type-product","3":"status-publish","4":"has-post-thumbnail","6":"product_cat-recambios-fiat","7":"product_cat-recambios-fiat-uno","9":"first","10":"instock","11":"taxable","12":"shipping-taxable","13":"purchasable","14":"product-type-simple"},"_links":{"self":[{"href":"https:\/\/galicianparts.com\/shop\/wp-json\/wp\/v2\/product\/82539"}],"collection":[{"href":"https:\/\/galicianparts.com\/shop\/wp-json\/wp\/v2\/product"}],"about":[{"href":"https:\/\/galicianparts.com\/shop\/wp-json\/wp\/v2\/types\/product"}],"wp:featuredmedia":[{"embeddable":true,"href":"https:\/\/galicianparts.com\/shop\/wp-json\/wp\/v2\/media\/82543"}],"wp:attachment":[{"href":"https:\/\/galicianparts.com\/shop\/wp-json\/wp\/v2\/media?parent=82539"}],"wp:term":[{"taxonomy":"product_cat","embeddable":true,"href":"https:\/\/galicianparts.com\/shop\/wp-json\/wp\/v2\/product_cat?post=82539"},{"taxonomy":"product_tag","embeddable":true,"href":"https:\/\/galicianparts.com\/shop\/wp-json\/wp\/v2\/product_tag?post=82539"}],"curies":[{"name":"wp","href":"https:\/\/api.w.org\/{rel}","templated":true}]}}