{"id":82727,"date":"2024-01-16T10:12:09","date_gmt":"2024-01-16T08:12:09","guid":{"rendered":"https:\/\/galicianparts.com\/shop\/producto\/7626751-kit-cables-bujias-fiat-uno-turbo-1983-1993-nuevo-original-cavis\/"},"modified":"2024-04-26T06:49:17","modified_gmt":"2024-04-26T04:49:17","slug":"7626751-kit-cables-bujias-fiat-uno-turbo-1983-1993-nuevo-original-cavis","status":"publish","type":"product","link":"https:\/\/galicianparts.com\/shop\/producto\/7626751-kit-cables-bujias-fiat-uno-turbo-1983-1993-nuevo-original-cavis\/","title":{"rendered":"7626751 Kit cables buj\u00edas Fiat Uno Turbo (1983-1993) NUEVO ORIGINAL CAVIS"},"content":{"rendered":"<p>Juego, set de los cables del encendido de:<br \/>\nFIAT Uno Hatchback (146)<br \/>\n1.3 Turbo i.e., A\u00f1o 01.1987 &#8211; 12.1987, 1301 ccm, 99 cv<br \/>\n1.3 Turbo i.e., A\u00f1o 09.1989 &#8211; 03.1991, 1301 ccm, 101 cv<br \/>\n1.4 Turbo i.e., A\u00f1o 09.1989 &#8211; 09.1993, 1372 ccm, 112 cv<br \/>\n1.4 Turbo i.e., A\u00f1o 12.1989 &#8211; 12.1996, 1372 ccm, 118 cv<\/p>\n<p>LA PIEZA ES NUEVA Y ORIGINAL CAVIS.<\/p>\n","protected":false},"excerpt":{"rendered":"<p>Juego, set de los cables del encendido de: FIAT Uno Hatchback (146) 1.3 Turbo i.e., A\u00f1o 01.1987 &#8211; 12.1987, 1301 ccm, 99 cv 1.3 Turbo i.e., A\u00f1o 09.1989 &#8211; 03.1991, 1301 ccm, 101 cv 1.4 Turbo i.e., A\u00f1o 09.1989 &#8211; 09.1993, 1372 ccm, 112 cv 1.4 Turbo i.e., A\u00f1o 12.1989 &#8211; 12.1996, 1372 ccm, 118 [&hellip;]<\/p>\n","protected":false},"featured_media":82733,"template":"","meta":{"_seopress_robots_primary_cat":"","_seopress_titles_title":"","_seopress_titles_desc":"","_seopress_robots_index":""},"product_cat":[20,114],"product_tag":[],"class_list":{"0":"post-82727","1":"product","2":"type-product","3":"status-publish","4":"has-post-thumbnail","6":"product_cat-recambios-fiat","7":"product_cat-recambios-fiat-uno","9":"first","10":"outofstock","11":"taxable","12":"shipping-taxable","13":"purchasable","14":"product-type-simple"},"_links":{"self":[{"href":"https:\/\/galicianparts.com\/shop\/wp-json\/wp\/v2\/product\/82727"}],"collection":[{"href":"https:\/\/galicianparts.com\/shop\/wp-json\/wp\/v2\/product"}],"about":[{"href":"https:\/\/galicianparts.com\/shop\/wp-json\/wp\/v2\/types\/product"}],"wp:featuredmedia":[{"embeddable":true,"href":"https:\/\/galicianparts.com\/shop\/wp-json\/wp\/v2\/media\/82733"}],"wp:attachment":[{"href":"https:\/\/galicianparts.com\/shop\/wp-json\/wp\/v2\/media?parent=82727"}],"wp:term":[{"taxonomy":"product_cat","embeddable":true,"href":"https:\/\/galicianparts.com\/shop\/wp-json\/wp\/v2\/product_cat?post=82727"},{"taxonomy":"product_tag","embeddable":true,"href":"https:\/\/galicianparts.com\/shop\/wp-json\/wp\/v2\/product_tag?post=82727"}],"curies":[{"name":"wp","href":"https:\/\/api.w.org\/{rel}","templated":true}]}}