{"id":82774,"date":"2024-01-16T13:38:38","date_gmt":"2024-01-16T11:38:38","guid":{"rendered":"https:\/\/galicianparts.com\/shop\/producto\/7587467-pack-5-grapas-moldura-fiat-regata-r86-nuevo-original\/"},"modified":"2024-01-31T17:48:32","modified_gmt":"2024-01-31T15:48:32","slug":"7587467-pack-5-grapas-moldura-fiat-regata-r86-nuevo-original","status":"publish","type":"product","link":"https:\/\/galicianparts.com\/shop\/producto\/7587467-pack-5-grapas-moldura-fiat-regata-r86-nuevo-original\/","title":{"rendered":"7587467 Pack 5 grapas moldura Fiat Regata R86 NUEVO ORIGINAL"},"content":{"rendered":"<p>Juego de 5 casquillos, set de 5 topes, clips de sujeci\u00f3n de las molduras de:<br \/>\nDi\u00e1metro interior: 5mm<br \/>\ndi\u00e1metro exterior: 13mm<\/p>\n<p>FIAT REGATA R86 1.3\/1.5<\/p>\n<p>LA PIEZA ES NUEVA Y ORIGINAL.<\/p>\n","protected":false},"excerpt":{"rendered":"<p>Juego de 5 casquillos, set de 5 topes, clips de sujeci\u00f3n de las molduras de: Di\u00e1metro interior: 5mm di\u00e1metro exterior: 13mm FIAT REGATA R86 1.3\/1.5 LA PIEZA ES NUEVA Y ORIGINAL.<\/p>\n","protected":false},"featured_media":82781,"template":"","meta":{"_seopress_robots_primary_cat":"","_seopress_titles_title":"","_seopress_titles_desc":"","_seopress_robots_index":""},"product_cat":[20,102],"product_tag":[],"class_list":{"0":"post-82774","1":"product","2":"type-product","3":"status-publish","4":"has-post-thumbnail","6":"product_cat-recambios-fiat","7":"product_cat-recambios-fiat-regata","9":"first","10":"outofstock","11":"taxable","12":"shipping-taxable","13":"purchasable","14":"product-type-simple"},"_links":{"self":[{"href":"https:\/\/galicianparts.com\/shop\/wp-json\/wp\/v2\/product\/82774"}],"collection":[{"href":"https:\/\/galicianparts.com\/shop\/wp-json\/wp\/v2\/product"}],"about":[{"href":"https:\/\/galicianparts.com\/shop\/wp-json\/wp\/v2\/types\/product"}],"wp:featuredmedia":[{"embeddable":true,"href":"https:\/\/galicianparts.com\/shop\/wp-json\/wp\/v2\/media\/82781"}],"wp:attachment":[{"href":"https:\/\/galicianparts.com\/shop\/wp-json\/wp\/v2\/media?parent=82774"}],"wp:term":[{"taxonomy":"product_cat","embeddable":true,"href":"https:\/\/galicianparts.com\/shop\/wp-json\/wp\/v2\/product_cat?post=82774"},{"taxonomy":"product_tag","embeddable":true,"href":"https:\/\/galicianparts.com\/shop\/wp-json\/wp\/v2\/product_tag?post=82774"}],"curies":[{"name":"wp","href":"https:\/\/api.w.org\/{rel}","templated":true}]}}