{"id":82858,"date":"2024-01-17T10:48:55","date_gmt":"2024-01-17T08:48:55","guid":{"rendered":"https:\/\/galicianparts.com\/shop\/producto\/7607057-emblema-porton-trasero-fiat-uno-60-ds-1983-1989-nuevo-original\/"},"modified":"2024-01-17T10:52:03","modified_gmt":"2024-01-17T08:52:03","slug":"7607057-emblema-porton-trasero-fiat-uno-60-ds-1983-1989-nuevo-original","status":"publish","type":"product","link":"https:\/\/galicianparts.com\/shop\/producto\/7607057-emblema-porton-trasero-fiat-uno-60-ds-1983-1989-nuevo-original\/","title":{"rendered":"7607057 Emblema port\u00f3n trasero Fiat Uno 60 DS (1983-1989) NUEVO ORIGINAL"},"content":{"rendered":"<p>Insignia de pl\u00e1stico del port\u00f3n del maletero de:<br \/>\nLargo: 178 mm<br \/>\nAncho: 35 mm<\/p>\n<p>FIAT &#8211; UNO 60 DS PRIMERA SERIE<\/p>\n<p>LA PIEZA ES NUEVA Y ORIGINAL.<\/p>\n","protected":false},"excerpt":{"rendered":"<p>Insignia de pl\u00e1stico del port\u00f3n del maletero de: Largo: 178 mm Ancho: 35 mm FIAT &#8211; UNO 60 DS PRIMERA SERIE LA PIEZA ES NUEVA Y ORIGINAL.<\/p>\n","protected":false},"featured_media":82860,"template":"","meta":{"_seopress_robots_primary_cat":"","_seopress_titles_title":"","_seopress_titles_desc":"","_seopress_robots_index":""},"product_cat":[20,114],"product_tag":[],"class_list":{"0":"post-82858","1":"product","2":"type-product","3":"status-publish","4":"has-post-thumbnail","6":"product_cat-recambios-fiat","7":"product_cat-recambios-fiat-uno","9":"first","10":"instock","11":"taxable","12":"shipping-taxable","13":"purchasable","14":"product-type-simple"},"_links":{"self":[{"href":"https:\/\/galicianparts.com\/shop\/wp-json\/wp\/v2\/product\/82858"}],"collection":[{"href":"https:\/\/galicianparts.com\/shop\/wp-json\/wp\/v2\/product"}],"about":[{"href":"https:\/\/galicianparts.com\/shop\/wp-json\/wp\/v2\/types\/product"}],"wp:featuredmedia":[{"embeddable":true,"href":"https:\/\/galicianparts.com\/shop\/wp-json\/wp\/v2\/media\/82860"}],"wp:attachment":[{"href":"https:\/\/galicianparts.com\/shop\/wp-json\/wp\/v2\/media?parent=82858"}],"wp:term":[{"taxonomy":"product_cat","embeddable":true,"href":"https:\/\/galicianparts.com\/shop\/wp-json\/wp\/v2\/product_cat?post=82858"},{"taxonomy":"product_tag","embeddable":true,"href":"https:\/\/galicianparts.com\/shop\/wp-json\/wp\/v2\/product_tag?post=82858"}],"curies":[{"name":"wp","href":"https:\/\/api.w.org\/{rel}","templated":true}]}}