{"id":82911,"date":"2024-01-17T13:18:09","date_gmt":"2024-01-17T11:18:09","guid":{"rendered":"https:\/\/galicianparts.com\/shop\/producto\/7646609-junta-tubo-escape-fiat-ritmo-x1-9-131-punto-lancia-delta-ii-seat-original\/"},"modified":"2024-07-19T12:16:08","modified_gmt":"2024-07-19T10:16:08","slug":"7646609-junta-tubo-escape-fiat-ritmo-x1-9-131-punto-lancia-delta-ii-seat-original","status":"publish","type":"product","link":"https:\/\/galicianparts.com\/shop\/producto\/7646609-junta-tubo-escape-fiat-ritmo-x1-9-131-punto-lancia-delta-ii-seat-original\/","title":{"rendered":"7646609 Junta tubo escape Fiat Ritmo \/ X1\/9 \/131 \/Punto \/Lancia Delta II \/Seat ORIGINAL"},"content":{"rendered":"<p>Junta inferior del colector de escape de:<br \/>\nDi\u00e1metro interior: 36 mm<br \/>\nEspesor: 2 mm<\/p>\n<p>FIAT Regata Berlina (138)<br \/>\n1.3 70, A\u00f1o 09.1983 &#8211; 07.1989, 1301 ccm, 65 cv<br \/>\n1.5 75, A\u00f1o 12.1983 &#8211; 07.1989, 1498 ccm, 75 cv<br \/>\n1.6 85, A\u00f1o 10.1983 &#8211; 06.1990, 1585 ccm, 82 cv<br \/>\n1.5 Super 85, A\u00f1o 09.1983 &#8211; 04.1985, 1498 ccm, 82 cv<br \/>\nFIAT X 1\/9 (128)<br \/>\n1.3, A\u00f1o 10.1975 &#8211; 06.1978, 1290 ccm, 73 cv<br \/>\n1.3, A\u00f1o 05.1973 &#8211; 12.1979, 1290 ccm, 75 cv<br \/>\nFIAT Ritmo I Hatchback (138)<br \/>\n1.1, A\u00f1o 10.1982 &#8211; 12.1987, 1116 ccm, 55 cv<br \/>\n1.1, A\u00f1o 04.1985 &#8211; 12.1987, 1116 ccm, 58 cv<br \/>\n1.3, A\u00f1o 01.1978 &#8211; 08.1985, 1301 ccm, 65 cv<br \/>\n1.3, A\u00f1o 01.1981 &#8211; 09.1982, 1301 ccm, 75 cv<br \/>\n1.5, A\u00f1o 01.1978 &#8211; 12.1988, 1498 ccm, 75 cv<br \/>\n1.5, A\u00f1o 01.1983 &#8211; 12.1987, 1498 ccm, 82 cv<br \/>\n1.5, A\u00f1o 01.1981 &#8211; 05.1987, 1498 ccm, 85 cv<br \/>\nFIAT 131 (131)<br \/>\n1.3 Mirafiori, A\u00f1o 10.1974 &#8211; 09.1981, 1297 ccm, 54 cv<br \/>\n1.4 Mirafiori, A\u00f1o 11.1980 &#8211; 01.1984, 1367 ccm, 70 cv<br \/>\n1.4 Super Mirafiori, A\u00f1o 04.1981 &#8211; 12.1983, 1367 ccm, 75 cv<br \/>\n1.6, A\u00f1o 11.1976 &#8211; 12.1984, 1585 ccm, 85 cv<br \/>\n1.6 (131A1), A\u00f1o 10.1974 &#8211; 09.1981, 1585 ccm, 75 cv<br \/>\nFIAT Tempra (159)<br \/>\n1.4 i.e., A\u00f1o 04.1990 &#8211; 08.1996, 1372 ccm, 69 cv<br \/>\n1.6 i.e., A\u00f1o 06.1990 &#8211; 07.1992, 1581 ccm, 78 cv<br \/>\n1.6 i.e., A\u00f1o 06.1994 &#8211; 08.1996, 1581 ccm, 90 cv<br \/>\n1.6 i.e., A\u00f1o 06.1992 &#8211; 08.1996, 1581 ccm, 75 cv<br \/>\nFIAT Tipo Hatchback (160)<br \/>\n1.4, A\u00f1o 07.1987 &#8211; 12.1989, 1372 ccm, 71 cv<br \/>\n1.4 i.e., A\u00f1o 05.1989 &#8211; 04.1995, 1372 ccm, 70 cv<br \/>\n1.6 i.e., A\u00f1o 10.1992 &#8211; 04.1995, 1581 ccm, 75 cv<br \/>\n1.6 i.e., A\u00f1o 07.1990 &#8211; 01.1993, 1581 ccm, 78 cv<br \/>\nFIAT Fiorino II (146)<br \/>\n70 i.e. 1.4, A\u00f1o 05.1994 &#8211; 05.2001, 1372 ccm, 67 cv<br \/>\n75 i.e. 1.5, A\u00f1o 05.1988 &#8211; 12.1993, 1498 ccm, 75 cv<br \/>\n75 i.e. 1.6, A\u00f1o 10.1993 &#8211; 05.2001, 1581 ccm, 75 cv<br \/>\nFIAT Punto I (176)<br \/>\n1.6, A\u00f1o 01.1994 &#8211; 04.1997, 1581 ccm, 88 cv<br \/>\nFIAT Uno Hatchback (146)<br \/>\n1.1 55, A\u00f1o 01.1983 &#8211; 08.1989, 1116 ccm, 54 cv<br \/>\n1.1 60, A\u00f1o 05.1985 &#8211; 08.1989, 1116 ccm, 58 cv<br \/>\n1.3 70, A\u00f1o 01.1983 &#8211; 04.1985, 1302 ccm, 68 cv<br \/>\n75 i.e. 1.5, A\u00f1o 10.1985 &#8211; 12.1993, 1498 ccm, 75 cv<br \/>\nFIAT Brava Hatchback (182)<br \/>\n1.6 16V, A\u00f1o 02.1996 &#8211; 10.2001, 1581 ccm, 103 cv<br \/>\n1.6 16V, A\u00f1o 10.1995 &#8211; 10.2001, 1581 ccm, 90 cv<br \/>\nFIAT Bravo I Hatchback (182)<br \/>\n1.6 16V, A\u00f1o 03.1996 &#8211; 10.2001, 1581 ccm, 103 cv<br \/>\n1.6 16V, A\u00f1o 10.1995 &#8211; 10.2001, 1581 ccm, 90 cv<br \/>\nFIAT Marea (185)<br \/>\n1.6 100 16V, A\u00f1o 09.1996 &#8211; 05.2002, 1581 ccm, 103 cv<br \/>\n1.6 100 16V Bipower, A\u00f1o 04.1999 &#8211; 05.2002, 1581 ccm, 103 cv<br \/>\nFIAT Palio I Weekend (178)<br \/>\n1.6 16V (178DXD1A), A\u00f1o 06.1996 &#8211; 02.2001, 1581 ccm, 100 cv<\/p>\n<p>LANCIA Dedra (835)<br \/>\n1.6 i.e., A\u00f1o 08.1989 &#8211; 03.1993, 1581 ccm, 78 cv<br \/>\n1.6 i.e., A\u00f1o 04.1993 &#8211; 07.1999, 1581 ccm, 75 cv<br \/>\n1.6 LE Cat (835EB), A\u00f1o 07.1994 &#8211; 07.1999, 1581 ccm, 90 cv<br \/>\nLANCIA Delta II (836)<br \/>\n1.6 i.e., A\u00f1o 06.1993 &#8211; 08.1999, 1581 ccm, 75 cv<br \/>\n1.6 i.e., A\u00f1o 03.1996 &#8211; 08.1999, 1581 ccm, 90 cv<br \/>\n1.6 i.e. 16V, A\u00f1o 01.1996 &#8211; 08.1999, 1581 ccm, 103 cv<br \/>\n1.8 i.e., A\u00f1o 07.1994 &#8211; 08.1999, 1756 ccm, 90 cv<\/p>\n<p>SEAT Ronda (022A)<br \/>\n1.2, A\u00f1o 08.1983 &#8211; 05.1985, 1197 ccm, 64 cv<br \/>\n1.6, A\u00f1o 08.1983 &#8211; 09.1985, 1592 ccm, 92 cv<br \/>\nSEAT 124<br \/>\n1.2 D, A\u00f1o 01.1970 &#8211; 12.1974, 1197 ccm, 60 cv<br \/>\n1.2 LS, A\u00f1o 01.1970 &#8211; 12.1976, 1197 ccm, 65 cv<br \/>\nSEAT 128 Berlina<br \/>\n1.2, A\u00f1o 01.1976 &#8211; 12.1980, 1197 ccm, 67 cv<\/p>\n<p>LA PIEZA ES NUEVA Y ORIGINAL.<\/p>\n","protected":false},"excerpt":{"rendered":"<p>Junta inferior del colector de escape de: Di\u00e1metro interior: 36 mm Espesor: 2 mm FIAT Regata Berlina (138) 1.3 70, A\u00f1o 09.1983 &#8211; 07.1989, 1301 ccm, 65 cv 1.5 75, A\u00f1o 12.1983 &#8211; 07.1989, 1498 ccm, 75 cv 1.6 85, A\u00f1o 10.1983 &#8211; 06.1990, 1585 ccm, 82 cv 1.5 Super 85, A\u00f1o 09.1983 &#8211; 04.1985, [&hellip;]<\/p>\n","protected":false},"featured_media":82913,"template":"","meta":{"_seopress_robots_primary_cat":"","_seopress_titles_title":"","_seopress_titles_desc":"","_seopress_robots_index":""},"product_cat":[159,234,70,81,82,117,118,20,91,21,95,98,101,102,103,165,26,111,112,114,206],"product_tag":[],"class_list":{"0":"post-82911","1":"product","2":"type-product","3":"status-publish","4":"has-post-thumbnail","6":"product_cat-recambios-seat-124","7":"product_cat-recambios-seat-128","8":"product_cat-recambios-fiat-131","9":"product_cat-recambios-fiat-brava","10":"product_cat-recambios-fiat-bravo","11":"product_cat-recambios-lancia-dedra","12":"product_cat-recambios-lancia-delta","13":"product_cat-recambios-fiat","14":"product_cat-recambios-fiat-fiorino","15":"product_cat-recambios-lancia","16":"product_cat-recambios-fiat-marea","17":"product_cat-recambios-fiat-palio","18":"product_cat-recambios-fiat-punto","19":"product_cat-recambios-fiat-regata","20":"product_cat-recambios-fiat-ritmo","21":"product_cat-recambios-seat-ronda","22":"product_cat-recambios-seat","23":"product_cat-recambios-fiat-tempra","24":"product_cat-recambios-fiat-tipo","25":"product_cat-recambios-fiat-uno","26":"product_cat-recambios-fiat-x1-9","28":"first","29":"outofstock","30":"taxable","31":"shipping-taxable","32":"purchasable","33":"product-type-simple"},"_links":{"self":[{"href":"https:\/\/galicianparts.com\/shop\/wp-json\/wp\/v2\/product\/82911"}],"collection":[{"href":"https:\/\/galicianparts.com\/shop\/wp-json\/wp\/v2\/product"}],"about":[{"href":"https:\/\/galicianparts.com\/shop\/wp-json\/wp\/v2\/types\/product"}],"wp:featuredmedia":[{"embeddable":true,"href":"https:\/\/galicianparts.com\/shop\/wp-json\/wp\/v2\/media\/82913"}],"wp:attachment":[{"href":"https:\/\/galicianparts.com\/shop\/wp-json\/wp\/v2\/media?parent=82911"}],"wp:term":[{"taxonomy":"product_cat","embeddable":true,"href":"https:\/\/galicianparts.com\/shop\/wp-json\/wp\/v2\/product_cat?post=82911"},{"taxonomy":"product_tag","embeddable":true,"href":"https:\/\/galicianparts.com\/shop\/wp-json\/wp\/v2\/product_tag?post=82911"}],"curies":[{"name":"wp","href":"https:\/\/api.w.org\/{rel}","templated":true}]}}