{"id":82987,"date":"2024-01-18T14:08:21","date_gmt":"2024-01-18T12:08:21","guid":{"rendered":"https:\/\/galicianparts.com\/shop\/producto\/40100311-reten-ciguenal-lado-cambio-90x115x13-fiat-ducato-131-132-alfa-seat-original\/"},"modified":"2025-09-05T12:16:51","modified_gmt":"2025-09-05T10:16:51","slug":"40100311-reten-ciguenal-lado-cambio-90x115x13-fiat-ducato-131-132-alfa-seat-original","status":"publish","type":"product","link":"https:\/\/galicianparts.com\/shop\/producto\/40100311-reten-ciguenal-lado-cambio-90x115x13-fiat-ducato-131-132-alfa-seat-original\/","title":{"rendered":"40100311 Ret\u00e9n cig\u00fce\u00f1al lado cambio 90x115x13 Fiat Ducato \/131 \/132 \/Alfa \/Seat ORIGINAL"},"content":{"rendered":"<p>Ret\u00e9n de la tapa del c\u00e1rter, apoyo del cig\u00fce\u00f1al del lado del volante de motor de:<br \/>\nMedidas: 90x115x13 mm<\/p>\n<p>FIAT 131 (131)<br \/>\n2.5 D, A\u00f1o 06.1978 &#8211; 02.1984, 2445 ccm, 72 cv<br \/>\nFIAT Argenta (132)<br \/>\n2.5 Di\u00e9sel, A\u00f1o 06.1981 &#8211; 11.1985, 2445 ccm, 72 cv<br \/>\nFIAT Ducato I (290)<br \/>\n2.5 D, A\u00f1o 07.1990 &#8211; 03.1994, 2500 ccm, 75 cv<br \/>\n2.5 D 4&#215;4, A\u00f1o 07.1990 &#8211; 03.1994, 2500 ccm, 75 cv<br \/>\nFIAT Ducato I (280)<br \/>\n2.4 D, A\u00f1o 01.1982 &#8211; 08.1990, 2428 ccm, 72 cv<br \/>\n2.5 D, A\u00f1o 09.1986 &#8211; 05.1990, 2445 ccm, 75 cv<br \/>\n2.5 D 4&#215;4, A\u00f1o 09.1986 &#8211; 10.1987, 2445 ccm, 72 cv<br \/>\n2.5 D 4&#215;4, A\u00f1o 03.1989 &#8211; 08.1990, 2500 ccm, 75 cv<br \/>\n2.5 D 4&#215;4, A\u00f1o 09.1986 &#8211; 05.1990, 2445 ccm, 75 cv<br \/>\n2.5 TD, A\u00f1o 09.1986 &#8211; 05.1990, 2499 ccm, 92 cv<br \/>\n2.5 TD 4&#215;4, A\u00f1o 09.1986 &#8211; 09.1990, 2445 ccm, 92 cv<br \/>\nFIAT 132 (132_)<br \/>\n2.5 D, A\u00f1o 07.1978 &#8211; 07.1982, 2445 ccm, 72 cv<br \/>\nFIAT Ducato I (280)<br \/>\n2.4 D, A\u00f1o 07.1982 &#8211; 12.1985, 2428 ccm, 72 cv<br \/>\n2.5 D, A\u00f1o 09.1986 &#8211; 05.1990, 2499 ccm, 92 cv<br \/>\n2.5 D 4&#215;4, A\u00f1o 01.1987 &#8211; 08.1990, 2500 ccm, 75 cv<br \/>\n2.5 D 4&#215;4, A\u00f1o 09.1986 &#8211; 05.1990, 2499 ccm, 92 cv<br \/>\n2.5 TD, A\u00f1o 01.1987 &#8211; 08.1990, 2445 ccm, 92 cv<br \/>\n2.5 TD 4&#215;4, A\u00f1o 01.1986 &#8211; 08.1990, 2445 ccm, 92 cv<br \/>\nFIAT Campagnola<br \/>\n2.4 D, A\u00f1o 06.1974 &#8211; 10.1989, 2445 ccm, 72 cv<\/p>\n<p>ALFA ROMEO AR6 Furg\u00f3n (280)<br \/>\n2.4 D (280), A\u00f1o 04.1985 &#8211; 02.1986, 2445 ccm, 72 cv<br \/>\n2.5 D (280), A\u00f1o 03.1986 &#8211; 12.1989, 2499 ccm, 75 cv<br \/>\nALFA ROMEO AR8 (280)<br \/>\n2.4 D (280), A\u00f1o 04.1978 &#8211; 08.1986, 2445 ccm, 72 cv<br \/>\n2.5 D (280), A\u00f1o 09.1986 &#8211; 12.1989, 2499 ccm, 75 cv<\/p>\n<p>SEAT 131<br \/>\n2.4 Di\u00e9sel, A\u00f1o 06.1978 &#8211; 12.1986, 2445 ccm, 72 cv<\/p>\n<p>LA PIEZA ES NUEVA Y ORIGINAL.<\/p>\n","protected":false},"excerpt":{"rendered":"<p>Ret\u00e9n de la tapa del c\u00e1rter, apoyo del cig\u00fce\u00f1al del lado del volante de motor de: Medidas: 90x115x13 mm FIAT 131 (131) 2.5 D, A\u00f1o 06.1978 &#8211; 02.1984, 2445 ccm, 72 cv FIAT Argenta (132) 2.5 Di\u00e9sel, A\u00f1o 06.1981 &#8211; 11.1985, 2445 ccm, 72 cv FIAT Ducato I (290) 2.5 D, A\u00f1o 07.1990 &#8211; 03.1994, [&hellip;]<\/p>\n","protected":false},"featured_media":82989,"template":"","meta":{"_seopress_robots_primary_cat":"","_seopress_titles_title":"","_seopress_titles_desc":"","_seopress_robots_index":""},"product_cat":[199,70,71,16,184,185,79,83,88,20,26],"product_tag":[],"class_list":{"0":"post-82987","1":"product","2":"type-product","3":"status-publish","4":"has-post-thumbnail","6":"product_cat-recambios-seat-131","7":"product_cat-recambios-fiat-131","8":"product_cat-recambios-fiat-132","9":"product_cat-recambios-alfa-romeo","10":"product_cat-recambios-alfa-romeo-ar6","11":"product_cat-recambios-alfa-romeo-ar8","12":"product_cat-recambios-fiat-argenta","13":"product_cat-recambios-fiat-campagnola","14":"product_cat-recambios-fiat-ducato","15":"product_cat-recambios-fiat","16":"product_cat-recambios-seat","18":"first","19":"instock","20":"taxable","21":"shipping-taxable","22":"purchasable","23":"product-type-simple"},"_links":{"self":[{"href":"https:\/\/galicianparts.com\/shop\/wp-json\/wp\/v2\/product\/82987"}],"collection":[{"href":"https:\/\/galicianparts.com\/shop\/wp-json\/wp\/v2\/product"}],"about":[{"href":"https:\/\/galicianparts.com\/shop\/wp-json\/wp\/v2\/types\/product"}],"wp:featuredmedia":[{"embeddable":true,"href":"https:\/\/galicianparts.com\/shop\/wp-json\/wp\/v2\/media\/82989"}],"wp:attachment":[{"href":"https:\/\/galicianparts.com\/shop\/wp-json\/wp\/v2\/media?parent=82987"}],"wp:term":[{"taxonomy":"product_cat","embeddable":true,"href":"https:\/\/galicianparts.com\/shop\/wp-json\/wp\/v2\/product_cat?post=82987"},{"taxonomy":"product_tag","embeddable":true,"href":"https:\/\/galicianparts.com\/shop\/wp-json\/wp\/v2\/product_tag?post=82987"}],"curies":[{"name":"wp","href":"https:\/\/api.w.org\/{rel}","templated":true}]}}