{"id":83039,"date":"2024-01-19T11:27:38","date_gmt":"2024-01-19T09:27:38","guid":{"rendered":"https:\/\/galicianparts.com\/shop\/producto\/7611384-sensor-presion-aceite-8-bar-lancia-delta-integrale-1986-1991-original\/"},"modified":"2024-02-20T13:00:46","modified_gmt":"2024-02-20T11:00:46","slug":"7611384-sensor-presion-aceite-8-bar-lancia-delta-integrale-1986-1991-original","status":"publish","type":"product","link":"https:\/\/galicianparts.com\/shop\/producto\/7611384-sensor-presion-aceite-8-bar-lancia-delta-integrale-1986-1991-original\/","title":{"rendered":"7611384 Sensor presi\u00f3n aceite 8 Bar Lancia Delta Integrale (1986-1991) ORIGINAL"},"content":{"rendered":"<p>Electrov\u00e1lvula de la presi\u00f3n del aceite del motor de:<br \/>\nPresi\u00f3n: 0-8 Kg\/cm2<\/p>\n<p>LANCIA &#8211; RT DELTA 4WD (1986-1991) 2000 8V USA 83<\/p>\n<p>LA PIEZA ES NUEVA Y ORIGINAL.<\/p>\n","protected":false},"excerpt":{"rendered":"<p>Electrov\u00e1lvula de la presi\u00f3n del aceite del motor de: Presi\u00f3n: 0-8 Kg\/cm2 LANCIA &#8211; RT DELTA 4WD (1986-1991) 2000 8V USA 83 LA PIEZA ES NUEVA Y ORIGINAL.<\/p>\n","protected":false},"featured_media":83044,"template":"","meta":{"_seopress_robots_primary_cat":"","_seopress_titles_title":"","_seopress_titles_desc":"","_seopress_robots_index":""},"product_cat":[118,21],"product_tag":[],"class_list":{"0":"post-83039","1":"product","2":"type-product","3":"status-publish","4":"has-post-thumbnail","6":"product_cat-recambios-lancia-delta","7":"product_cat-recambios-lancia","9":"first","10":"outofstock","11":"taxable","12":"shipping-taxable","13":"purchasable","14":"product-type-simple"},"_links":{"self":[{"href":"https:\/\/galicianparts.com\/shop\/wp-json\/wp\/v2\/product\/83039"}],"collection":[{"href":"https:\/\/galicianparts.com\/shop\/wp-json\/wp\/v2\/product"}],"about":[{"href":"https:\/\/galicianparts.com\/shop\/wp-json\/wp\/v2\/types\/product"}],"wp:featuredmedia":[{"embeddable":true,"href":"https:\/\/galicianparts.com\/shop\/wp-json\/wp\/v2\/media\/83044"}],"wp:attachment":[{"href":"https:\/\/galicianparts.com\/shop\/wp-json\/wp\/v2\/media?parent=83039"}],"wp:term":[{"taxonomy":"product_cat","embeddable":true,"href":"https:\/\/galicianparts.com\/shop\/wp-json\/wp\/v2\/product_cat?post=83039"},{"taxonomy":"product_tag","embeddable":true,"href":"https:\/\/galicianparts.com\/shop\/wp-json\/wp\/v2\/product_tag?post=83039"}],"curies":[{"name":"wp","href":"https:\/\/api.w.org\/{rel}","templated":true}]}}