{"id":83098,"date":"2024-01-19T14:20:46","date_gmt":"2024-01-19T12:20:46","guid":{"rendered":"https:\/\/galicianparts.com\/shop\/producto\/7618898-contacto-conexion-porton-trasero-fiat-uno-mk1-duna-elba-nuevo-original\/"},"modified":"2024-01-22T18:00:16","modified_gmt":"2024-01-22T16:00:16","slug":"7618898-contacto-conexion-porton-trasero-fiat-uno-mk1-duna-elba-nuevo-original","status":"publish","type":"product","link":"https:\/\/galicianparts.com\/shop\/producto\/7618898-contacto-conexion-porton-trasero-fiat-uno-mk1-duna-elba-nuevo-original\/","title":{"rendered":"7618898 Contacto conexi\u00f3n port\u00f3n trasero Fiat Uno MK1 \/Duna \/Elba NUEVO ORIGINAL"},"content":{"rendered":"<p>Conexi\u00f3n el\u00e9ctrica del limpiaparabrisas del port\u00f3n del maletero de:<br \/>\nFIAT &#8211; UNO PRIMERA SERIE<br \/>\nFIAT &#8211; 2B DUNA BENZINA\/DIESEL (1986-1990) WEEKEND \/ PENNY\/CITYVAN<br \/>\nFIAT &#8211; XP ELBA CSL (1991-1996)<br \/>\nFIAT &#8211; ML UNO CS (1988-1990)<\/p>\n<p>LA PIEZA ES NUEVA Y ORIGINAL.<\/p>\n","protected":false},"excerpt":{"rendered":"<p>Conexi\u00f3n el\u00e9ctrica del limpiaparabrisas del port\u00f3n del maletero de: FIAT &#8211; UNO PRIMERA SERIE FIAT &#8211; 2B DUNA BENZINA\/DIESEL (1986-1990) WEEKEND \/ PENNY\/CITYVAN FIAT &#8211; XP ELBA CSL (1991-1996) FIAT &#8211; ML UNO CS (1988-1990) LA PIEZA ES NUEVA Y ORIGINAL.<\/p>\n","protected":false},"featured_media":83102,"template":"","meta":{"_seopress_robots_primary_cat":"","_seopress_titles_title":"","_seopress_titles_desc":"","_seopress_robots_index":""},"product_cat":[89,90,20,114],"product_tag":[],"class_list":{"0":"post-83098","1":"product","2":"type-product","3":"status-publish","4":"has-post-thumbnail","6":"product_cat-recambios-fiat-duna","7":"product_cat-recambios-fiat-elba","8":"product_cat-recambios-fiat","9":"product_cat-recambios-fiat-uno","11":"first","12":"outofstock","13":"taxable","14":"shipping-taxable","15":"purchasable","16":"product-type-simple"},"_links":{"self":[{"href":"https:\/\/galicianparts.com\/shop\/wp-json\/wp\/v2\/product\/83098"}],"collection":[{"href":"https:\/\/galicianparts.com\/shop\/wp-json\/wp\/v2\/product"}],"about":[{"href":"https:\/\/galicianparts.com\/shop\/wp-json\/wp\/v2\/types\/product"}],"wp:featuredmedia":[{"embeddable":true,"href":"https:\/\/galicianparts.com\/shop\/wp-json\/wp\/v2\/media\/83102"}],"wp:attachment":[{"href":"https:\/\/galicianparts.com\/shop\/wp-json\/wp\/v2\/media?parent=83098"}],"wp:term":[{"taxonomy":"product_cat","embeddable":true,"href":"https:\/\/galicianparts.com\/shop\/wp-json\/wp\/v2\/product_cat?post=83098"},{"taxonomy":"product_tag","embeddable":true,"href":"https:\/\/galicianparts.com\/shop\/wp-json\/wp\/v2\/product_tag?post=83098"}],"curies":[{"name":"wp","href":"https:\/\/api.w.org\/{rel}","templated":true}]}}