{"id":83162,"date":"2024-01-22T14:19:11","date_gmt":"2024-01-22T12:19:11","guid":{"rendered":"https:\/\/galicianparts.com\/shop\/producto\/7625272-junta-colector-admision-fiat-uno-turbo-punto-gt-nueva-original\/"},"modified":"2025-10-31T18:29:49","modified_gmt":"2025-10-31T16:29:49","slug":"7625272-junta-colector-admision-fiat-uno-turbo-punto-gt-nueva-original","status":"publish","type":"product","link":"https:\/\/galicianparts.com\/shop\/producto\/7625272-junta-colector-admision-fiat-uno-turbo-punto-gt-nueva-original\/","title":{"rendered":"7625272 Junta colector admisi\u00f3n Fiat Uno Turbo \/Punto GT NUEVA ORIGINAL"},"content":{"rendered":"<p>Junta del colector de admisi\u00f3n de:<br \/>\nFIAT Punto I Hatchback (176)<br \/>\n1.4 GT Turbo (176AD_), A\u00f1o 10.1993 &#8211; 03.1997, 1372 ccm, 133 cv<br \/>\n1.4 GT Turbo (176AS_), A\u00f1o 09.1996 &#8211; 07.1999, 1372 ccm, 131 cv<br \/>\nFIAT Uno Hatchback (146)<br \/>\n1.3 Turbo i.e., A\u00f1o 04.1985 &#8211; 08.1989, 1301 ccm, 105 cv<br \/>\n1.4 Turbo i.e., A\u00f1o 09.1989 &#8211; 09.1993, 1372 ccm, 112 cv<br \/>\n1.4 Turbo i.e., A\u00f1o 12.1989 &#8211; 12.1996, 1372 ccm, 118 cv<\/p>\n<p>LA PIEZA ES NUEVA Y ORIGINAL.<\/p>\n","protected":false},"excerpt":{"rendered":"<p>Junta del colector de admisi\u00f3n de: FIAT Punto I Hatchback (176) 1.4 GT Turbo (176AD_), A\u00f1o 10.1993 &#8211; 03.1997, 1372 ccm, 133 cv 1.4 GT Turbo (176AS_), A\u00f1o 09.1996 &#8211; 07.1999, 1372 ccm, 131 cv FIAT Uno Hatchback (146) 1.3 Turbo i.e., A\u00f1o 04.1985 &#8211; 08.1989, 1301 ccm, 105 cv 1.4 Turbo i.e., A\u00f1o 09.1989 [&hellip;]<\/p>\n","protected":false},"featured_media":83166,"template":"","meta":{"_seopress_robots_primary_cat":"","_seopress_titles_title":"","_seopress_titles_desc":"","_seopress_robots_index":""},"product_cat":[20,101,114],"product_tag":[],"class_list":{"0":"post-83162","1":"product","2":"type-product","3":"status-publish","4":"has-post-thumbnail","6":"product_cat-recambios-fiat","7":"product_cat-recambios-fiat-punto","8":"product_cat-recambios-fiat-uno","10":"first","11":"outofstock","12":"taxable","13":"shipping-taxable","14":"purchasable","15":"product-type-simple"},"_links":{"self":[{"href":"https:\/\/galicianparts.com\/shop\/wp-json\/wp\/v2\/product\/83162"}],"collection":[{"href":"https:\/\/galicianparts.com\/shop\/wp-json\/wp\/v2\/product"}],"about":[{"href":"https:\/\/galicianparts.com\/shop\/wp-json\/wp\/v2\/types\/product"}],"wp:featuredmedia":[{"embeddable":true,"href":"https:\/\/galicianparts.com\/shop\/wp-json\/wp\/v2\/media\/83166"}],"wp:attachment":[{"href":"https:\/\/galicianparts.com\/shop\/wp-json\/wp\/v2\/media?parent=83162"}],"wp:term":[{"taxonomy":"product_cat","embeddable":true,"href":"https:\/\/galicianparts.com\/shop\/wp-json\/wp\/v2\/product_cat?post=83162"},{"taxonomy":"product_tag","embeddable":true,"href":"https:\/\/galicianparts.com\/shop\/wp-json\/wp\/v2\/product_tag?post=83162"}],"curies":[{"name":"wp","href":"https:\/\/api.w.org\/{rel}","templated":true}]}}