{"id":83220,"date":"2024-01-23T11:28:55","date_gmt":"2024-01-23T09:28:55","guid":{"rendered":"https:\/\/galicianparts.com\/shop\/producto\/82397421-soporte-cables-ventilador-fiat-ducato-94-06-citroen-peugeot-original\/"},"modified":"2024-04-11T11:15:34","modified_gmt":"2024-04-11T09:15:34","slug":"82397421-soporte-cables-ventilador-fiat-ducato-94-06-citroen-peugeot-original","status":"publish","type":"product","link":"https:\/\/galicianparts.com\/shop\/producto\/82397421-soporte-cables-ventilador-fiat-ducato-94-06-citroen-peugeot-original\/","title":{"rendered":"82397421 Soporte cables ventilador Fiat Ducato (94-06) Citro\u00ebn \/Peugeot ORIGINAL"},"content":{"rendered":"<p>Anclaje, abrazadera de los cables del electroventilador del radiador de refrigeraci\u00f3n del motor y de los latiguillos de la cremallera de direcci\u00f3n de:<br \/>\nDi\u00e1metro: 23 mm<\/p>\n<p>FIAT PROFESSIONAL &#8211; 2E DUCATO RESTYL. (2001-2006) 2000 JTD DW 10 \/ 2200 JTD DW 12 \/ 2300\u00a0JTD \/ 2300\u00a0JTD\u00a0EGR \/ 2800 JTD \/ 2800 JTD EGR \/ 2800\u00a0JTD\u00a0CGV<br \/>\nFIAT PROFESSIONAL &#8211; 2E DUCATO RESTYL. (2001-2006) AIRE ACONDICIONADO \/ 2800\u00a0JTD\u00a0CGV<br \/>\nFIAT PROFESSIONAL &#8211; 2E DUCATO RESTYL. (2001-2006) 2800 TD \/ 2800 TD EGR<br \/>\nFIAT PROFESSIONAL &#8211; 2E DUCATO RESTYL. (2001-2006) 2000 BZ MPI CF3 \/ 2000 GASOLINA MPI CF3 DECAT.<br \/>\nFIAT PROFESSIONAL &#8211; 2E DUCATO RESTYL. (2001-2006) 2000 JTD DW 10 \/ 2200 JTD DW 12<br \/>\nFIAT PROFESSIONAL &#8211; 2E DUCATO RESTYL. (2001-2006) 2300\u00a0JTD \/ 2300\u00a0JTD\u00a0EGR \/ 2800 JTD \/ 2800 JTD EGR \/ 2800\u00a0JTD\u00a0CGV \/ 2800 TD \/ 2800 TD EGR<br \/>\nFIAT PROFESSIONAL &#8211; 3T DUCATO RUSSIA 2008 (2008-2011)<br \/>\nFIAT PROFESSIONAL &#8211; 3T DUCATO RUSSIA 2008 (2008-2011) AIRE ACONDICIONADO<br \/>\nFIAT PROFESSIONAL &#8211; PE DUCATO&#8217;94 DIESEL (1994-2002) AIRE ACONDICIONADO \/ 2000 JTD EGR<br \/>\nFIAT PROFESSIONAL &#8211; PE DUCATO&#8217;94 DIESEL (1994-2002) 2000 JTD EGR<br \/>\nCITROEN &#8211; JUMPER (1994-2006)<br \/>\nPEUGEOT &#8211; BOXER (1994-2006)<\/p>\n<p>LA PIEZA ES NUEVA Y ORIGINAL.<\/p>\n","protected":false},"excerpt":{"rendered":"<p>Anclaje, abrazadera de los cables del electroventilador del radiador de refrigeraci\u00f3n del motor y de los latiguillos de la cremallera de direcci\u00f3n de: Di\u00e1metro: 23 mm FIAT PROFESSIONAL &#8211; 2E DUCATO RESTYL. (2001-2006) 2000 JTD DW 10 \/ 2200 JTD DW 12 \/ 2300\u00a0JTD \/ 2300\u00a0JTD\u00a0EGR \/ 2800 JTD \/ 2800 JTD EGR \/ 2800\u00a0JTD\u00a0CGV [&hellip;]<\/p>\n","protected":false},"featured_media":83224,"template":"","meta":{"_seopress_robots_primary_cat":"","_seopress_titles_title":"","_seopress_titles_desc":"","_seopress_robots_index":""},"product_cat":[155,23,88,20,137,24],"product_tag":[],"class_list":{"0":"post-83220","1":"product","2":"type-product","3":"status-publish","4":"has-post-thumbnail","6":"product_cat-recambios-peugeot-boxer","7":"product_cat-recambios-citroen","8":"product_cat-recambios-fiat-ducato","9":"product_cat-recambios-fiat","10":"product_cat-recambios-citroen-jumper","11":"product_cat-recambios-peugeot","13":"first","14":"instock","15":"taxable","16":"shipping-taxable","17":"purchasable","18":"product-type-simple"},"_links":{"self":[{"href":"https:\/\/galicianparts.com\/shop\/wp-json\/wp\/v2\/product\/83220"}],"collection":[{"href":"https:\/\/galicianparts.com\/shop\/wp-json\/wp\/v2\/product"}],"about":[{"href":"https:\/\/galicianparts.com\/shop\/wp-json\/wp\/v2\/types\/product"}],"wp:featuredmedia":[{"embeddable":true,"href":"https:\/\/galicianparts.com\/shop\/wp-json\/wp\/v2\/media\/83224"}],"wp:attachment":[{"href":"https:\/\/galicianparts.com\/shop\/wp-json\/wp\/v2\/media?parent=83220"}],"wp:term":[{"taxonomy":"product_cat","embeddable":true,"href":"https:\/\/galicianparts.com\/shop\/wp-json\/wp\/v2\/product_cat?post=83220"},{"taxonomy":"product_tag","embeddable":true,"href":"https:\/\/galicianparts.com\/shop\/wp-json\/wp\/v2\/product_tag?post=83220"}],"curies":[{"name":"wp","href":"https:\/\/api.w.org\/{rel}","templated":true}]}}